{"id":1203,"date":"2025-12-15T01:47:28","date_gmt":"2025-12-15T00:47:28","guid":{"rendered":"https:\/\/yemackmodif.koluka.us\/?page_id=1203"},"modified":"2026-01-21T15:29:59","modified_gmt":"2026-01-21T14:29:59","slug":"joues-pommettes","status":"publish","type":"page","link":"https:\/\/yemackmodif.koluka.us\/en\/joues-pommettes\/","title":{"rendered":"Joues &#038; pommettes"},"content":{"rendered":"<div data-elementor-type=\"wp-post\" data-elementor-id=\"1203\" class=\"elementor elementor-1203\">\n\t\t\t\t\t\t<section class=\"elementor-section elementor-top-section elementor-element elementor-element-qfwcgay elementor-section-boxed elementor-section-height-default elementor-section-height-default wpr-particle-no wpr-jarallax-no wpr-parallax-no wpr-sticky-section-no\" data-id=\"qfwcgay\" data-element_type=\"section\" data-e-type=\"section\">\n\t\t\t\t\t\t<div class=\"elementor-container elementor-column-gap-default\">\n\t\t\t\t\t<div class=\"elementor-column elementor-col-100 elementor-top-column elementor-element elementor-element-oyyyslh\" data-id=\"oyyyslh\" data-element_type=\"column\" data-e-type=\"column\">\n\t\t\t<div class=\"elementor-widget-wrap elementor-element-populated\">\n\t\t\t\t\t\t<div class=\"elementor-element elementor-element-dipupel elementor-widget-divider--view-line elementor-widget elementor-widget-divider\" data-id=\"dipupel\" data-element_type=\"widget\" data-e-type=\"widget\" data-widget_type=\"divider.default\">\n\t\t\t\t\t\t\t<div class=\"elementor-divider\">\n\t\t\t<span class=\"elementor-divider-separator\">\n\t\t\t\t\t\t<\/span>\n\t\t<\/div>\n\t\t\t\t\t\t<\/div>\n\t\t\t\t\t<\/div>\n\t\t<\/div>\n\t\t\t\t\t<\/div>\n\t\t<\/section>\n\t\t\t\t<section class=\"elementor-section elementor-top-section elementor-element elementor-element-odekghf elementor-section-content-middle elementor-section-boxed elementor-section-height-default elementor-section-height-default wpr-particle-no wpr-jarallax-no wpr-parallax-no wpr-sticky-section-no\" data-id=\"odekghf\" data-element_type=\"section\" data-e-type=\"section\">\n\t\t\t\t\t\t<div class=\"elementor-container elementor-column-gap-default\">\n\t\t\t\t\t<div class=\"elementor-column elementor-col-50 elementor-top-column elementor-element elementor-element-etyqday\" data-id=\"etyqday\" data-element_type=\"column\" data-e-type=\"column\">\n\t\t\t<div class=\"elementor-widget-wrap elementor-element-populated\">\n\t\t\t\t\t\t<div class=\"elementor-element elementor-element-qplwrtj elementor-widget elementor-widget-image\" data-id=\"qplwrtj\" data-element_type=\"widget\" data-e-type=\"widget\" data-widget_type=\"image.default\">\n\t\t\t\t\t\t\t\t\t\t\t\t\t\t\t<img alt=\"\" fetchpriority=\"high\" decoding=\"async\" width=\"495\" height=\"583\" src=\"https:\/\/yemackmodif.koluka.us\/wp-content\/uploads\/2025\/12\/v07feflg.png\" class=\"attachment-ocean-thumb-m size-ocean-thumb-m wp-image-2041\" srcset=\"https:\/\/yemackmodif.koluka.us\/wp-content\/uploads\/2025\/12\/v07feflg.png 495w, https:\/\/yemackmodif.koluka.us\/wp-content\/uploads\/2025\/12\/v07feflg-255x300.png 255w\" sizes=\"(max-width: 495px) 100vw, 495px\" \/>\t\t\t\t\t\t\t\t\t\t\t\t\t\t\t<\/div>\n\t\t\t\t\t<\/div>\n\t\t<\/div>\n\t\t\t\t<div class=\"elementor-column elementor-col-50 elementor-top-column elementor-element elementor-element-nqzkdoo\" data-id=\"nqzkdoo\" data-element_type=\"column\" data-e-type=\"column\">\n\t\t\t<div class=\"elementor-widget-wrap elementor-element-populated\">\n\t\t\t\t\t\t<div class=\"elementor-element elementor-element-jsueefg elementor-widget elementor-widget-heading\" data-id=\"jsueefg\" data-element_type=\"widget\" data-e-type=\"widget\" data-widget_type=\"heading.default\">\n\t\t\t\t\t<h2 class=\"elementor-heading-title elementor-size-default\">Les Joues<\/h2>\t\t\t\t<\/div>\n\t\t\t\t<div class=\"elementor-element elementor-element-hvynxle elementor-widget elementor-widget-text-editor\" data-id=\"hvynxle\" data-element_type=\"widget\" data-e-type=\"widget\" data-widget_type=\"text-editor.default\">\n\t\t\t\t\t\t\t\t\t<p>La quantit\u00e9\u00a0<b>d\u2019acide hyaluronique<\/b>\u00a0produit par la peau dimunie avec l\u2019\u00e2ge.De plus les radicaux libres produits dans la peau , acc\u00e9l\u00e8re la d\u00e9gradation de cet\u00a0<b>acide hyaluronique<\/b>. Cette perte d\u2019acide hyaluronique donne lieu \u00e0 une peau d\u00e9shydrat\u00e9e, flasque, terne et rugueuse. Le soin du\u00a0<b>skinbooster<\/b>\u00a0permettra de rehydrater la peau, de stimuler la synth\u00e8se de collag\u00e8ne, de pr\u00e9venir et de lutter contre le vieillissement de la peau.<\/p>\t\t\t\t\t\t\t\t<\/div>\n\t\t\t\t\t<\/div>\n\t\t<\/div>\n\t\t\t\t\t<\/div>\n\t\t<\/section>\n\t\t\t\t<section class=\"elementor-section elementor-top-section elementor-element elementor-element-gujrtrn elementor-section-boxed elementor-section-height-default elementor-section-height-default wpr-particle-no wpr-jarallax-no wpr-parallax-no wpr-sticky-section-no\" data-id=\"gujrtrn\" data-element_type=\"section\" data-e-type=\"section\">\n\t\t\t\t\t\t<div class=\"elementor-container elementor-column-gap-default\">\n\t\t\t\t\t<div class=\"elementor-column elementor-col-100 elementor-top-column elementor-element elementor-element-byuwisz\" data-id=\"byuwisz\" data-element_type=\"column\" data-e-type=\"column\">\n\t\t\t<div class=\"elementor-widget-wrap elementor-element-populated\">\n\t\t\t\t\t\t<div class=\"elementor-element elementor-element-amrpsnk elementor-widget-divider--view-line elementor-widget elementor-widget-divider\" data-id=\"amrpsnk\" data-element_type=\"widget\" data-e-type=\"widget\" data-widget_type=\"divider.default\">\n\t\t\t\t\t\t\t<div class=\"elementor-divider\">\n\t\t\t<span class=\"elementor-divider-separator\">\n\t\t\t\t\t\t<\/span>\n\t\t<\/div>\n\t\t\t\t\t\t<\/div>\n\t\t\t\t\t<\/div>\n\t\t<\/div>\n\t\t\t\t\t<\/div>\n\t\t<\/section>\n\t\t\t\t<section class=\"elementor-section elementor-top-section elementor-element elementor-element-leevfbm elementor-section-content-middle elementor-section-boxed elementor-section-height-default elementor-section-height-default wpr-particle-no wpr-jarallax-no wpr-parallax-no wpr-sticky-section-no\" data-id=\"leevfbm\" data-element_type=\"section\" data-e-type=\"section\">\n\t\t\t\t\t\t<div class=\"elementor-container elementor-column-gap-default\">\n\t\t\t\t\t<div class=\"elementor-column elementor-col-50 elementor-top-column elementor-element elementor-element-vguldpe\" data-id=\"vguldpe\" data-element_type=\"column\" data-e-type=\"column\">\n\t\t\t<div class=\"elementor-widget-wrap elementor-element-populated\">\n\t\t\t\t\t\t<div class=\"elementor-element elementor-element-qfqwuun elementor-widget elementor-widget-heading\" data-id=\"qfqwuun\" data-element_type=\"widget\" data-e-type=\"widget\" data-widget_type=\"heading.default\">\n\t\t\t\t\t<h2 class=\"elementor-heading-title elementor-size-default\">Redonnez du volume \u00e0 vos pommettes<\/h2>\t\t\t\t<\/div>\n\t\t\t\t<div class=\"elementor-element elementor-element-kniafys elementor-widget elementor-widget-text-editor\" data-id=\"kniafys\" data-element_type=\"widget\" data-e-type=\"widget\" data-widget_type=\"text-editor.default\">\n\t\t\t\t\t\t\t\t\t<p>Avec l\u2019\u00e2ge, les pommettes perdent naturellement du volume, ce qui accentue les signes de vieillissement et rend les cernes plus marqu\u00e9s, donnant au visage un aspect fatigu\u00e9 et creus\u00e9.<br \/>Gr\u00e2ce \u00e0 l\u2019injection d\u2019acide hyaluronique, il est possible de :<br \/>Rehausser les pommettes R\u00e9harmoniser les volumes du visage Att\u00e9nuer visiblement les cernes creux Redonner fra\u00eecheur et jeunesse au regard<\/p>\t\t\t\t\t\t\t\t<\/div>\n\t\t\t\t\t<\/div>\n\t\t<\/div>\n\t\t\t\t<div class=\"elementor-column elementor-col-50 elementor-top-column elementor-element elementor-element-weosoxp\" data-id=\"weosoxp\" data-element_type=\"column\" data-e-type=\"column\">\n\t\t\t<div class=\"elementor-widget-wrap elementor-element-populated\">\n\t\t\t\t\t\t<div class=\"elementor-element elementor-element-blimtkj elementor-widget elementor-widget-image\" data-id=\"blimtkj\" data-element_type=\"widget\" data-e-type=\"widget\" data-widget_type=\"image.default\">\n\t\t\t\t\t\t\t\t\t\t\t\t\t\t\t<img alt=\"\" decoding=\"async\" width=\"600\" height=\"600\" src=\"https:\/\/yemackmodif.koluka.us\/wp-content\/uploads\/2025\/12\/side-view-smiley-woman-with-gua-sha-scaled-scaled-1-600x600.webp\" class=\"attachment-ocean-thumb-m size-ocean-thumb-m wp-image-2042\" srcset=\"https:\/\/yemackmodif.koluka.us\/wp-content\/uploads\/2025\/12\/side-view-smiley-woman-with-gua-sha-scaled-scaled-1-600x600.webp 600w, https:\/\/yemackmodif.koluka.us\/wp-content\/uploads\/2025\/12\/side-view-smiley-woman-with-gua-sha-scaled-scaled-1-150x150.webp 150w\" sizes=\"(max-width: 600px) 100vw, 600px\" \/>\t\t\t\t\t\t\t\t\t\t\t\t\t\t\t<\/div>\n\t\t\t\t\t<\/div>\n\t\t<\/div>\n\t\t\t\t\t<\/div>\n\t\t<\/section>\n\t\t<div class=\"elementor-element elementor-element-fb0cc6c e-flex e-con-boxed wpr-particle-no wpr-jarallax-no wpr-parallax-no wpr-sticky-section-no e-con e-parent\" data-id=\"fb0cc6c\" data-element_type=\"container\" data-e-type=\"container\">\n\t\t\t\t\t<div class=\"e-con-inner\">\n\t\t\t\t<div class=\"elementor-element elementor-element-fbe9cad elementor-widget elementor-widget-image\" data-id=\"fbe9cad\" data-element_type=\"widget\" data-e-type=\"widget\" data-widget_type=\"image.default\">\n\t\t\t\t\t\t\t\t\t\t\t\t\t\t\t<img alt=\"\" decoding=\"async\" width=\"300\" height=\"300\" src=\"https:\/\/yemackmodif.koluka.us\/wp-content\/uploads\/2025\/12\/em-300x300.png\" class=\"attachment-medium size-medium wp-image-1999\" srcset=\"https:\/\/yemackmodif.koluka.us\/wp-content\/uploads\/2025\/12\/em-300x300.png 300w, https:\/\/yemackmodif.koluka.us\/wp-content\/uploads\/2025\/12\/em-1024x1024.png 1024w, https:\/\/yemackmodif.koluka.us\/wp-content\/uploads\/2025\/12\/em-150x150.png 150w, https:\/\/yemackmodif.koluka.us\/wp-content\/uploads\/2025\/12\/em-768x768.png 768w, https:\/\/yemackmodif.koluka.us\/wp-content\/uploads\/2025\/12\/em-1536x1536.png 1536w, https:\/\/yemackmodif.koluka.us\/wp-content\/uploads\/2025\/12\/em-600x600.png 600w, https:\/\/yemackmodif.koluka.us\/wp-content\/uploads\/2025\/12\/em.png 1600w\" sizes=\"(max-width: 300px) 100vw, 300px\" \/>\t\t\t\t\t\t\t\t\t\t\t\t\t\t\t<\/div>\n\t\t\t\t\t<\/div>\n\t\t\t\t<\/div>\n\t\t<div class=\"elementor-element elementor-element-6d5e540 e-flex e-con-boxed wpr-particle-no wpr-jarallax-no wpr-parallax-no wpr-sticky-section-no e-con e-parent\" data-id=\"6d5e540\" data-element_type=\"container\" data-e-type=\"container\">\n\t\t\t\t\t<div class=\"e-con-inner\">\n\t\t\t\t<div class=\"elementor-element elementor-element-da2c43d elementor-align-center elementor-widget elementor-widget-button\" data-id=\"da2c43d\" data-element_type=\"widget\" data-e-type=\"widget\" data-widget_type=\"button.default\">\n\t\t\t\t\t\t\t\t\t\t<a class=\"elementor-button elementor-button-link elementor-size-sm\" href=\"https:\/\/yemackmodif.koluka.us\/en\/contact\/\">\n\t\t\t\t\t\t<span class=\"elementor-button-content-wrapper\">\n\t\t\t\t\t\t<span class=\"elementor-button-icon\">\n\t\t\t\t<svg aria-hidden=\"true\" class=\"e-font-icon-svg e-far-bell\" viewbox=\"0 0 448 512\" xmlns=\"http:\/\/www.w3.org\/2000\/svg\"><path d=\"M439.39 362.29c-19.32-20.76-55.47-51.99-55.47-154.29 0-77.7-54.48-139.9-127.94-155.16V32c0-17.67-14.32-32-31.98-32s-31.98 14.33-31.98 32v20.84C118.56 68.1 64.08 130.3 64.08 208c0 102.3-36.15 133.53-55.47 154.29-6 6.45-8.66 14.16-8.61 21.71.11 16.4 12.98 32 32.1 32h383.8c19.12 0 32-15.6 32.1-32 .05-7.55-2.61-15.27-8.61-21.71zM67.53 368c21.22-27.97 44.42-74.33 44.53-159.42 0-.2-.06-.38-.06-.58 0-61.86 50.14-112 112-112s112 50.14 112 112c0 .2-.06.38-.06.58.11 85.1 23.31 131.46 44.53 159.42H67.53zM224 512c35.32 0 63.97-28.65 63.97-64H160.03c0 35.35 28.65 64 63.97 64z\"><\/path><\/svg>\t\t\t<\/span>\n\t\t\t\t\t\t\t\t\t<span class=\"elementor-button-text\">Dite-nous ce qui ne va pas !!!<\/span>\n\t\t\t\t\t<\/span>\n\t\t\t\t\t<\/a>\n\t\t\t\t\t\t\t\t<\/div>\n\t\t\t\t\t<\/div>\n\t\t\t\t<\/div>\n\t\t\t\t<\/div>","protected":false},"excerpt":{"rendered":"<p>Les Joues La quantit\u00e9\u00a0d\u2019acide hyaluronique\u00a0produit par la peau dimunie avec l\u2019\u00e2ge.De plus les radicaux libres produits dans la peau , acc\u00e9l\u00e8re la d\u00e9gradation de cet\u00a0acide hyaluronique. Cette perte d\u2019acide hyaluronique donne lieu \u00e0 une peau d\u00e9shydrat\u00e9e, flasque, terne et rugueuse. Le soin du\u00a0skinbooster\u00a0permettra de rehydrater la peau, de stimuler la synth\u00e8se de collag\u00e8ne, de pr\u00e9venir et de lutter contre le vieillissement de la peau. Redonnez du volume \u00e0 vos pommettes Avec l\u2019\u00e2ge, les pommettes perdent naturellement du volume, ce qui accentue les signes de vieillissement et rend les cernes plus marqu\u00e9s, donnant au visage un aspect fatigu\u00e9 et creus\u00e9.Gr\u00e2ce \u00e0 l\u2019injection d\u2019acide hyaluronique, il est possible de :Rehausser les pommettes R\u00e9harmoniser les volumes du visage Att\u00e9nuer visiblement les cernes creux Redonner fra\u00eecheur et jeunesse au regard Dite-nous ce qui ne va pas !!!<\/p>","protected":false},"author":2,"featured_media":0,"parent":0,"menu_order":0,"comment_status":"closed","ping_status":"closed","template":"","meta":{"_seopress_robots_primary_cat":"","_seopress_titles_title":"","_seopress_titles_desc":"","_seopress_robots_index":"","ocean_post_layout":"full-width","ocean_both_sidebars_style":"","ocean_both_sidebars_content_width":0,"ocean_both_sidebars_sidebars_width":0,"ocean_sidebar":"","ocean_second_sidebar":"","ocean_disable_margins":"enable","ocean_add_body_class":"","ocean_shortcode_before_top_bar":"","ocean_shortcode_after_top_bar":"","ocean_shortcode_before_header":"","ocean_shortcode_after_header":"","ocean_has_shortcode":"","ocean_shortcode_after_title":"","ocean_shortcode_before_footer_widgets":"","ocean_shortcode_after_footer_widgets":"","ocean_shortcode_before_footer_bottom":"","ocean_shortcode_after_footer_bottom":"","ocean_display_top_bar":"default","ocean_display_header":"default","ocean_header_style":"","ocean_center_header_left_menu":"","ocean_custom_header_template":"","ocean_custom_logo":0,"ocean_custom_retina_logo":0,"ocean_custom_logo_max_width":0,"ocean_custom_logo_tablet_max_width":0,"ocean_custom_logo_mobile_max_width":0,"ocean_custom_logo_max_height":0,"ocean_custom_logo_tablet_max_height":0,"ocean_custom_logo_mobile_max_height":0,"ocean_header_custom_menu":"","ocean_menu_typo_font_family":"","ocean_menu_typo_font_subset":"","ocean_menu_typo_font_size":0,"ocean_menu_typo_font_size_tablet":0,"ocean_menu_typo_font_size_mobile":0,"ocean_menu_typo_font_size_unit":"px","ocean_menu_typo_font_weight":"","ocean_menu_typo_font_weight_tablet":"","ocean_menu_typo_font_weight_mobile":"","ocean_menu_typo_transform":"","ocean_menu_typo_transform_tablet":"","ocean_menu_typo_transform_mobile":"","ocean_menu_typo_line_height":0,"ocean_menu_typo_line_height_tablet":0,"ocean_menu_typo_line_height_mobile":0,"ocean_menu_typo_line_height_unit":"","ocean_menu_typo_spacing":0,"ocean_menu_typo_spacing_tablet":0,"ocean_menu_typo_spacing_mobile":0,"ocean_menu_typo_spacing_unit":"","ocean_menu_link_color":"","ocean_menu_link_color_hover":"","ocean_menu_link_color_active":"","ocean_menu_link_background":"","ocean_menu_link_hover_background":"","ocean_menu_link_active_background":"","ocean_menu_social_links_bg":"","ocean_menu_social_hover_links_bg":"","ocean_menu_social_links_color":"","ocean_menu_social_hover_links_color":"","ocean_disable_title":"on","ocean_disable_heading":"default","ocean_post_title":"","ocean_post_subheading":"","ocean_post_title_style":"","ocean_post_title_background_color":"","ocean_post_title_background":0,"ocean_post_title_bg_image_position":"","ocean_post_title_bg_image_attachment":"","ocean_post_title_bg_image_repeat":"","ocean_post_title_bg_image_size":"","ocean_post_title_height":0,"ocean_post_title_bg_overlay":0.5,"ocean_post_title_bg_overlay_color":"","ocean_disable_breadcrumbs":"default","ocean_breadcrumbs_color":"","ocean_breadcrumbs_separator_color":"","ocean_breadcrumbs_links_color":"","ocean_breadcrumbs_links_hover_color":"","ocean_display_footer_widgets":"default","ocean_display_footer_bottom":"default","ocean_custom_footer_template":"","omw_enable_modal_window":"enable","footnotes":""},"class_list":["post-1203","page","type-page","status-publish","hentry","entry","owp-thumbs-layout-horizontal","owp-btn-normal","owp-tabs-layout-horizontal","has-no-thumbnails","has-product-nav"],"jetpack_sharing_enabled":true,"_links":{"self":[{"href":"https:\/\/yemackmodif.koluka.us\/en\/wp-json\/wp\/v2\/pages\/1203","targetHints":{"allow":["GET"]}}],"collection":[{"href":"https:\/\/yemackmodif.koluka.us\/en\/wp-json\/wp\/v2\/pages"}],"about":[{"href":"https:\/\/yemackmodif.koluka.us\/en\/wp-json\/wp\/v2\/types\/page"}],"author":[{"embeddable":true,"href":"https:\/\/yemackmodif.koluka.us\/en\/wp-json\/wp\/v2\/users\/2"}],"replies":[{"embeddable":true,"href":"https:\/\/yemackmodif.koluka.us\/en\/wp-json\/wp\/v2\/comments?post=1203"}],"version-history":[{"count":40,"href":"https:\/\/yemackmodif.koluka.us\/en\/wp-json\/wp\/v2\/pages\/1203\/revisions"}],"predecessor-version":[{"id":3120,"href":"https:\/\/yemackmodif.koluka.us\/en\/wp-json\/wp\/v2\/pages\/1203\/revisions\/3120"}],"wp:attachment":[{"href":"https:\/\/yemackmodif.koluka.us\/en\/wp-json\/wp\/v2\/media?parent=1203"}],"curies":[{"name":"wp","href":"https:\/\/api.w.org\/{rel}","templated":true}]}}