{"id":1253,"date":"2025-12-23T12:26:14","date_gmt":"2025-12-23T11:26:14","guid":{"rendered":"https:\/\/yemackmodif.koluka.us\/?page_id=1253"},"modified":"2026-01-28T13:58:57","modified_gmt":"2026-01-28T12:58:57","slug":"autre-traitement","status":"publish","type":"page","link":"https:\/\/yemackmodif.koluka.us\/en\/autre-traitement\/","title":{"rendered":"Autre traitement"},"content":{"rendered":"<div data-elementor-type=\"wp-post\" data-elementor-id=\"1253\" class=\"elementor elementor-1253\">\n\t\t\t\t<div class=\"elementor-element elementor-element-000ee7d e-flex e-con-boxed wpr-particle-no wpr-jarallax-no wpr-parallax-no wpr-sticky-section-no e-con e-parent\" data-id=\"000ee7d\" data-element_type=\"container\" data-e-type=\"container\">\n\t\t\t\t\t<div class=\"e-con-inner\">\n\t\t\t\t<div class=\"elementor-element elementor-element-9f0a7af elementor-widget elementor-widget-spacer\" data-id=\"9f0a7af\" data-element_type=\"widget\" data-e-type=\"widget\" data-widget_type=\"spacer.default\">\n\t\t\t\t\t\t\t<div class=\"elementor-spacer\">\n\t\t\t<div class=\"elementor-spacer-inner\"><\/div>\n\t\t<\/div>\n\t\t\t\t\t\t<\/div>\n\t\t\t\t\t<\/div>\n\t\t\t\t<\/div>\n\t\t<div class=\"elementor-element elementor-element-a6cc022 e-flex e-con-boxed wpr-particle-no wpr-jarallax-no wpr-parallax-no wpr-sticky-section-no e-con e-parent\" data-id=\"a6cc022\" data-element_type=\"container\" data-e-type=\"container\">\n\t\t\t\t\t<div class=\"e-con-inner\">\n\t\t\t\t<div class=\"elementor-element elementor-element-e9bd1b1 elementor-widget elementor-widget-elementskit-heading\" data-id=\"e9bd1b1\" data-element_type=\"widget\" data-e-type=\"widget\" data-widget_type=\"elementskit-heading.default\">\n\t\t\t\t\t<div class=\"ekit-wid-con\" ><div class=\"ekit-heading elementskit-section-title-wraper center   ekit_heading_tablet-   ekit_heading_mobile-\"><h2 class=\"ekit-heading--title elementskit-section-title\">Appareils Hautes Performances pour Soins Esth\u00e9tiques Cibl\u00e9s<\/h2><div class=\"ekit_heading_separetor_wraper ekit_heading_elementskit-border-divider ekit-dotted\"><div class=\"elementskit-border-divider ekit-dotted\"><\/div><\/div>\t\t\t\t<div class='ekit-heading__description'>\n\t\t\t\t\t<p>Nos \u00e9quipements esth\u00e9tiques combinent innovation, confort et performance pour r\u00e9pondre aux besoins de votre peau et silhouette.<br \/>De l\u2019hydradermabrasion au laser en passant par la radiofr\u00e9quence, explorez nos solutions personnalis\u00e9es pour une beaut\u00e9 durable.<br \/>Chaque lien ci-dessous vous emm\u00e8ne vers une pr\u00e9sentation d\u00e9taill\u00e9e de nos appareils, leur r\u00f4le en cabine, et les r\u00e9sultats que vous pouvez attendre.<\/p>\n\t\t\t\t<\/div>\n\t\t\t<\/div><\/div>\t\t\t\t<\/div>\n\t\t\t\t\t<\/div>\n\t\t\t\t<\/div>\n\t\t<div class=\"elementor-element elementor-element-e78bbf0 e-flex e-con-boxed wpr-particle-no wpr-jarallax-no wpr-parallax-no wpr-sticky-section-no elementor-invisible e-con e-parent\" data-id=\"e78bbf0\" data-element_type=\"container\" data-e-type=\"container\" data-settings=\"{&quot;animation&quot;:&quot;fadeInUp&quot;}\">\n\t\t\t\t\t<div class=\"e-con-inner\">\n\t\t<div class=\"elementor-element elementor-element-423c53b e-con-full e-flex wpr-particle-no wpr-jarallax-no wpr-parallax-no wpr-sticky-section-no e-con e-child\" data-id=\"423c53b\" data-element_type=\"container\" data-e-type=\"container\">\n\t\t\t\t<div class=\"elementor-element elementor-element-d9f09d8 elementor-widget elementor-widget-image\" data-id=\"d9f09d8\" data-element_type=\"widget\" data-e-type=\"widget\" data-widget_type=\"image.default\">\n\t\t\t\t\t\t\t\t\t\t\t\t\t\t\t\t<a href=\"https:\/\/yemackmodif.koluka.us\/en\/mndleeling-rf-pro\/\">\n\t\t\t\t\t\t\t<img alt=\"\" fetchpriority=\"high\" decoding=\"async\" width=\"1080\" height=\"1080\" src=\"https:\/\/yemackmodif.koluka.us\/wp-content\/uploads\/2026\/01\/MNDLEELING-RF-PRO.jpg\" class=\"attachment-full size-full wp-image-3441\" srcset=\"https:\/\/yemackmodif.koluka.us\/wp-content\/uploads\/2026\/01\/MNDLEELING-RF-PRO.jpg 1080w, https:\/\/yemackmodif.koluka.us\/wp-content\/uploads\/2026\/01\/MNDLEELING-RF-PRO-300x300.jpg 300w, https:\/\/yemackmodif.koluka.us\/wp-content\/uploads\/2026\/01\/MNDLEELING-RF-PRO-1024x1024.jpg 1024w, https:\/\/yemackmodif.koluka.us\/wp-content\/uploads\/2026\/01\/MNDLEELING-RF-PRO-150x150.jpg 150w, https:\/\/yemackmodif.koluka.us\/wp-content\/uploads\/2026\/01\/MNDLEELING-RF-PRO-768x768.jpg 768w, https:\/\/yemackmodif.koluka.us\/wp-content\/uploads\/2026\/01\/MNDLEELING-RF-PRO-12x12.jpg 12w, https:\/\/yemackmodif.koluka.us\/wp-content\/uploads\/2026\/01\/MNDLEELING-RF-PRO-600x600.jpg 600w, https:\/\/yemackmodif.koluka.us\/wp-content\/uploads\/2026\/01\/MNDLEELING-RF-PRO-100x100.jpg 100w\" sizes=\"(max-width: 1080px) 100vw, 1080px\" \/>\t\t\t\t\t\t\t\t<\/a>\n\t\t\t\t\t\t\t\t\t\t\t\t\t\t\t<\/div>\n\t\t\t\t<\/div>\n\t\t<div class=\"elementor-element elementor-element-80d37b2 e-con-full e-flex wpr-particle-no wpr-jarallax-no wpr-parallax-no wpr-sticky-section-no e-con e-child\" data-id=\"80d37b2\" data-element_type=\"container\" data-e-type=\"container\">\n\t\t\t\t<div class=\"elementor-element elementor-element-12481a1 elementor-widget elementor-widget-image\" data-id=\"12481a1\" data-element_type=\"widget\" data-e-type=\"widget\" data-widget_type=\"image.default\">\n\t\t\t\t\t\t\t\t\t\t\t\t<figure class=\"wp-caption\">\n\t\t\t\t\t\t\t\t\t\t\t<a href=\"https:\/\/yemackmodif.koluka.us\/en\/star-epil-laser\/\">\n\t\t\t\t\t\t\t<img alt=\"\" decoding=\"async\" width=\"1080\" height=\"1080\" src=\"https:\/\/yemackmodif.koluka.us\/wp-content\/uploads\/2026\/01\/STAR-EPIL-LASER.jpg\" class=\"attachment-full size-full wp-image-3442\" srcset=\"https:\/\/yemackmodif.koluka.us\/wp-content\/uploads\/2026\/01\/STAR-EPIL-LASER.jpg 1080w, https:\/\/yemackmodif.koluka.us\/wp-content\/uploads\/2026\/01\/STAR-EPIL-LASER-300x300.jpg 300w, https:\/\/yemackmodif.koluka.us\/wp-content\/uploads\/2026\/01\/STAR-EPIL-LASER-1024x1024.jpg 1024w, https:\/\/yemackmodif.koluka.us\/wp-content\/uploads\/2026\/01\/STAR-EPIL-LASER-150x150.jpg 150w, https:\/\/yemackmodif.koluka.us\/wp-content\/uploads\/2026\/01\/STAR-EPIL-LASER-768x768.jpg 768w, https:\/\/yemackmodif.koluka.us\/wp-content\/uploads\/2026\/01\/STAR-EPIL-LASER-12x12.jpg 12w, https:\/\/yemackmodif.koluka.us\/wp-content\/uploads\/2026\/01\/STAR-EPIL-LASER-600x600.jpg 600w, https:\/\/yemackmodif.koluka.us\/wp-content\/uploads\/2026\/01\/STAR-EPIL-LASER-100x100.jpg 100w\" sizes=\"(max-width: 1080px) 100vw, 1080px\" \/>\t\t\t\t\t\t\t\t<\/a>\n\t\t\t\t\t\t\t\t\t\t\t<figcaption class=\"widget-image-caption wp-caption-text\"><\/figcaption>\n\t\t\t\t\t\t\t\t\t\t<\/figure>\n\t\t\t\t\t\t\t\t\t<\/div>\n\t\t\t\t<\/div>\n\t\t<div class=\"elementor-element elementor-element-e843cb6 e-con-full e-flex wpr-particle-no wpr-jarallax-no wpr-parallax-no wpr-sticky-section-no e-con e-child\" data-id=\"e843cb6\" data-element_type=\"container\" data-e-type=\"container\">\n\t\t\t\t<div class=\"elementor-element elementor-element-59eb7bd elementor-widget elementor-widget-image\" data-id=\"59eb7bd\" data-element_type=\"widget\" data-e-type=\"widget\" data-widget_type=\"image.default\">\n\t\t\t\t\t\t\t\t\t\t\t\t<figure class=\"wp-caption\">\n\t\t\t\t\t\t\t\t\t\t\t<a href=\"https:\/\/yemackmodif.koluka.us\/en\/hydraface-pro\/\">\n\t\t\t\t\t\t\t<img alt=\"\" decoding=\"async\" width=\"1080\" height=\"1080\" src=\"https:\/\/yemackmodif.koluka.us\/wp-content\/uploads\/2026\/01\/HYDRAFACE-PRO.jpg\" class=\"attachment-full size-full wp-image-3443\" srcset=\"https:\/\/yemackmodif.koluka.us\/wp-content\/uploads\/2026\/01\/HYDRAFACE-PRO.jpg 1080w, https:\/\/yemackmodif.koluka.us\/wp-content\/uploads\/2026\/01\/HYDRAFACE-PRO-300x300.jpg 300w, https:\/\/yemackmodif.koluka.us\/wp-content\/uploads\/2026\/01\/HYDRAFACE-PRO-1024x1024.jpg 1024w, https:\/\/yemackmodif.koluka.us\/wp-content\/uploads\/2026\/01\/HYDRAFACE-PRO-150x150.jpg 150w, https:\/\/yemackmodif.koluka.us\/wp-content\/uploads\/2026\/01\/HYDRAFACE-PRO-768x768.jpg 768w, https:\/\/yemackmodif.koluka.us\/wp-content\/uploads\/2026\/01\/HYDRAFACE-PRO-12x12.jpg 12w, https:\/\/yemackmodif.koluka.us\/wp-content\/uploads\/2026\/01\/HYDRAFACE-PRO-600x600.jpg 600w, https:\/\/yemackmodif.koluka.us\/wp-content\/uploads\/2026\/01\/HYDRAFACE-PRO-100x100.jpg 100w\" sizes=\"(max-width: 1080px) 100vw, 1080px\" \/>\t\t\t\t\t\t\t\t<\/a>\n\t\t\t\t\t\t\t\t\t\t\t<figcaption class=\"widget-image-caption wp-caption-text\"><\/figcaption>\n\t\t\t\t\t\t\t\t\t\t<\/figure>\n\t\t\t\t\t\t\t\t\t<\/div>\n\t\t\t\t<\/div>\n\t\t<div class=\"elementor-element elementor-element-ff4bfbf e-con-full e-flex wpr-particle-no wpr-jarallax-no wpr-parallax-no wpr-sticky-section-no e-con e-child\" data-id=\"ff4bfbf\" data-element_type=\"container\" data-e-type=\"container\">\n\t\t\t\t<div class=\"elementor-element elementor-element-b00d6fc elementor-widget elementor-widget-image\" data-id=\"b00d6fc\" data-element_type=\"widget\" data-e-type=\"widget\" data-widget_type=\"image.default\">\n\t\t\t\t\t\t\t\t\t\t\t\t<figure class=\"wp-caption\">\n\t\t\t\t\t\t\t\t\t\t\t<a href=\"https:\/\/yemackmodif.koluka.us\/en\/sculpt-plus\/\">\n\t\t\t\t\t\t\t<img alt=\"\" loading=\"lazy\" decoding=\"async\" width=\"1080\" height=\"1080\" src=\"https:\/\/yemackmodif.koluka.us\/wp-content\/uploads\/2026\/01\/SCULPT-PLUS.jpg\" class=\"attachment-full size-full wp-image-3444\" srcset=\"https:\/\/yemackmodif.koluka.us\/wp-content\/uploads\/2026\/01\/SCULPT-PLUS.jpg 1080w, https:\/\/yemackmodif.koluka.us\/wp-content\/uploads\/2026\/01\/SCULPT-PLUS-300x300.jpg 300w, https:\/\/yemackmodif.koluka.us\/wp-content\/uploads\/2026\/01\/SCULPT-PLUS-1024x1024.jpg 1024w, https:\/\/yemackmodif.koluka.us\/wp-content\/uploads\/2026\/01\/SCULPT-PLUS-150x150.jpg 150w, https:\/\/yemackmodif.koluka.us\/wp-content\/uploads\/2026\/01\/SCULPT-PLUS-768x768.jpg 768w, https:\/\/yemackmodif.koluka.us\/wp-content\/uploads\/2026\/01\/SCULPT-PLUS-12x12.jpg 12w, https:\/\/yemackmodif.koluka.us\/wp-content\/uploads\/2026\/01\/SCULPT-PLUS-600x600.jpg 600w, https:\/\/yemackmodif.koluka.us\/wp-content\/uploads\/2026\/01\/SCULPT-PLUS-100x100.jpg 100w\" sizes=\"(max-width: 1080px) 100vw, 1080px\" \/>\t\t\t\t\t\t\t\t<\/a>\n\t\t\t\t\t\t\t\t\t\t\t<figcaption class=\"widget-image-caption wp-caption-text\"><\/figcaption>\n\t\t\t\t\t\t\t\t\t\t<\/figure>\n\t\t\t\t\t\t\t\t\t<\/div>\n\t\t\t\t<\/div>\n\t\t\t\t\t<\/div>\n\t\t\t\t<\/div>\n\t\t\t\t<\/div>","protected":false},"excerpt":{"rendered":"<p>Appareils Hautes Performances pour Soins Esth\u00e9tiques Cibl\u00e9s Nos \u00e9quipements esth\u00e9tiques combinent innovation, confort et performance pour r\u00e9pondre aux besoins de votre peau et silhouette.De l\u2019hydradermabrasion au laser en passant par la radiofr\u00e9quence, explorez nos solutions personnalis\u00e9es pour une beaut\u00e9 durable.Chaque lien ci-dessous vous emm\u00e8ne vers une pr\u00e9sentation d\u00e9taill\u00e9e de nos appareils, leur r\u00f4le en cabine, et les r\u00e9sultats que vous pouvez attendre.<\/p>","protected":false},"author":2,"featured_media":0,"parent":0,"menu_order":0,"comment_status":"closed","ping_status":"closed","template":"","meta":{"_seopress_robots_primary_cat":"","_seopress_titles_title":"","_seopress_titles_desc":"","_seopress_robots_index":"","ocean_post_layout":"full-width","ocean_both_sidebars_style":"","ocean_both_sidebars_content_width":0,"ocean_both_sidebars_sidebars_width":0,"ocean_sidebar":"","ocean_second_sidebar":"","ocean_disable_margins":"enable","ocean_add_body_class":"","ocean_shortcode_before_top_bar":"","ocean_shortcode_after_top_bar":"","ocean_shortcode_before_header":"","ocean_shortcode_after_header":"","ocean_has_shortcode":"","ocean_shortcode_after_title":"","ocean_shortcode_before_footer_widgets":"","ocean_shortcode_after_footer_widgets":"","ocean_shortcode_before_footer_bottom":"","ocean_shortcode_after_footer_bottom":"","ocean_display_top_bar":"default","ocean_display_header":"default","ocean_header_style":"","ocean_center_header_left_menu":"","ocean_custom_header_template":"","ocean_custom_logo":0,"ocean_custom_retina_logo":0,"ocean_custom_logo_max_width":0,"ocean_custom_logo_tablet_max_width":0,"ocean_custom_logo_mobile_max_width":0,"ocean_custom_logo_max_height":0,"ocean_custom_logo_tablet_max_height":0,"ocean_custom_logo_mobile_max_height":0,"ocean_header_custom_menu":"","ocean_menu_typo_font_family":"","ocean_menu_typo_font_subset":"","ocean_menu_typo_font_size":0,"ocean_menu_typo_font_size_tablet":0,"ocean_menu_typo_font_size_mobile":0,"ocean_menu_typo_font_size_unit":"px","ocean_menu_typo_font_weight":"","ocean_menu_typo_font_weight_tablet":"","ocean_menu_typo_font_weight_mobile":"","ocean_menu_typo_transform":"","ocean_menu_typo_transform_tablet":"","ocean_menu_typo_transform_mobile":"","ocean_menu_typo_line_height":0,"ocean_menu_typo_line_height_tablet":0,"ocean_menu_typo_line_height_mobile":0,"ocean_menu_typo_line_height_unit":"","ocean_menu_typo_spacing":0,"ocean_menu_typo_spacing_tablet":0,"ocean_menu_typo_spacing_mobile":0,"ocean_menu_typo_spacing_unit":"","ocean_menu_link_color":"","ocean_menu_link_color_hover":"","ocean_menu_link_color_active":"","ocean_menu_link_background":"","ocean_menu_link_hover_background":"","ocean_menu_link_active_background":"","ocean_menu_social_links_bg":"","ocean_menu_social_hover_links_bg":"","ocean_menu_social_links_color":"","ocean_menu_social_hover_links_color":"","ocean_disable_title":"on","ocean_disable_heading":"default","ocean_post_title":"","ocean_post_subheading":"","ocean_post_title_style":"","ocean_post_title_background_color":"","ocean_post_title_background":0,"ocean_post_title_bg_image_position":"","ocean_post_title_bg_image_attachment":"","ocean_post_title_bg_image_repeat":"","ocean_post_title_bg_image_size":"","ocean_post_title_height":0,"ocean_post_title_bg_overlay":0.5,"ocean_post_title_bg_overlay_color":"","ocean_disable_breadcrumbs":"default","ocean_breadcrumbs_color":"","ocean_breadcrumbs_separator_color":"","ocean_breadcrumbs_links_color":"","ocean_breadcrumbs_links_hover_color":"","ocean_display_footer_widgets":"default","ocean_display_footer_bottom":"default","ocean_custom_footer_template":"","omw_enable_modal_window":"enable","footnotes":""},"class_list":["post-1253","page","type-page","status-publish","hentry","entry","owp-thumbs-layout-horizontal","owp-btn-normal","owp-tabs-layout-horizontal","has-no-thumbnails","has-product-nav"],"jetpack_sharing_enabled":true,"_links":{"self":[{"href":"https:\/\/yemackmodif.koluka.us\/en\/wp-json\/wp\/v2\/pages\/1253","targetHints":{"allow":["GET"]}}],"collection":[{"href":"https:\/\/yemackmodif.koluka.us\/en\/wp-json\/wp\/v2\/pages"}],"about":[{"href":"https:\/\/yemackmodif.koluka.us\/en\/wp-json\/wp\/v2\/types\/page"}],"author":[{"embeddable":true,"href":"https:\/\/yemackmodif.koluka.us\/en\/wp-json\/wp\/v2\/users\/2"}],"replies":[{"embeddable":true,"href":"https:\/\/yemackmodif.koluka.us\/en\/wp-json\/wp\/v2\/comments?post=1253"}],"version-history":[{"count":26,"href":"https:\/\/yemackmodif.koluka.us\/en\/wp-json\/wp\/v2\/pages\/1253\/revisions"}],"predecessor-version":[{"id":3484,"href":"https:\/\/yemackmodif.koluka.us\/en\/wp-json\/wp\/v2\/pages\/1253\/revisions\/3484"}],"wp:attachment":[{"href":"https:\/\/yemackmodif.koluka.us\/en\/wp-json\/wp\/v2\/media?parent=1253"}],"curies":[{"name":"wp","href":"https:\/\/api.w.org\/{rel}","templated":true}]}}