{"id":2910,"date":"2026-01-09T06:57:47","date_gmt":"2026-01-09T05:57:47","guid":{"rendered":"https:\/\/yemackmodif.koluka.us\/?page_id=2910"},"modified":"2026-01-09T08:23:01","modified_gmt":"2026-01-09T07:23:01","slug":"faq","status":"publish","type":"page","link":"https:\/\/yemackmodif.koluka.us\/en\/faq\/","title":{"rendered":"FAQ"},"content":{"rendered":"<div data-elementor-type=\"wp-post\" data-elementor-id=\"2910\" class=\"elementor elementor-2910\">\n\t\t\t\t<div class=\"elementor-element elementor-element-c94967b e-flex e-con-boxed wpr-particle-no wpr-jarallax-no wpr-parallax-no wpr-sticky-section-no e-con e-parent\" data-id=\"c94967b\" data-element_type=\"container\" data-e-type=\"container\">\n\t\t\t\t\t<div class=\"e-con-inner\">\n\t\t\t\t<div class=\"elementor-element elementor-element-9da3c7a elementor-widget elementor-widget-spacer\" data-id=\"9da3c7a\" data-element_type=\"widget\" data-e-type=\"widget\" data-widget_type=\"spacer.default\">\n\t\t\t\t\t\t\t<div class=\"elementor-spacer\">\n\t\t\t<div class=\"elementor-spacer-inner\"><\/div>\n\t\t<\/div>\n\t\t\t\t\t\t<\/div>\n\t\t\t\t\t<\/div>\n\t\t\t\t<\/div>\n\t\t<div class=\"elementor-element elementor-element-3161b73e animated-slow e-flex e-con-boxed wpr-particle-no wpr-jarallax-no wpr-parallax-no wpr-sticky-section-no elementor-invisible e-con e-parent\" data-id=\"3161b73e\" data-element_type=\"container\" data-e-type=\"container\" data-settings=\"{&quot;background_background&quot;:&quot;classic&quot;,&quot;animation&quot;:&quot;fadeInUp&quot;}\">\n\t\t\t\t\t<div class=\"e-con-inner\">\n\t\t<div class=\"elementor-element elementor-element-7026e719 e-con-full e-flex wpr-particle-no wpr-jarallax-no wpr-parallax-no wpr-sticky-section-no e-con e-child\" data-id=\"7026e719\" data-element_type=\"container\" data-e-type=\"container\">\n\t\t\t\t<div class=\"elementor-element elementor-element-5f7b4735 elementor-widget elementor-widget-elementskit-heading\" data-id=\"5f7b4735\" data-element_type=\"widget\" data-e-type=\"widget\" data-widget_type=\"elementskit-heading.default\">\n\t\t\t\t\t<div class=\"ekit-wid-con\" ><div class=\"ekit-heading elementskit-section-title-wraper text_center   ekit_heading_tablet-   ekit_heading_mobile-\"><h2 class=\"ekit-heading--title elementskit-section-title\">R\u00e9ponses \u00e0 Vos Questions Fr\u00e9quentes en M\u00e9decine Esth\u00e9tique<\/h2>\t\t\t\t<div class='ekit-heading__description'>\n\t\t\t\t\t<p>D\u00e9couvrez toutes les r\u00e9ponses dont vous avez besoin pour prendre soin de votre beaut\u00e9 et de votre bien-\u00eatre chez Yemak Sant\u00e9 Beaut\u00e9.<\/p>\n\t\t\t\t<\/div>\n\t\t\t<\/div><\/div>\t\t\t\t<\/div>\n\t\t<div class=\"elementor-element elementor-element-29ae8c2e e-con-full e-flex wpr-particle-no wpr-jarallax-no wpr-parallax-no wpr-sticky-section-no e-con e-child\" data-id=\"29ae8c2e\" data-element_type=\"container\" data-e-type=\"container\">\n\t\t\t\t<div class=\"elementor-element elementor-element-13c0bddf elementor-widget__width-initial elementor-widget elementor-widget-elementskit-accordion\" data-id=\"13c0bddf\" data-element_type=\"widget\" data-e-type=\"widget\" data-widget_type=\"elementskit-accordion.default\">\n\t\t\t\t\t<div class=\"ekit-wid-con\" >\n        <div class=\"elementskit-accordion accoedion-primary\" id=\"accordion-69d9316bd291a\">\n\n            \n                <div class=\"elementskit-card active\">\n                    <div class=\"elementskit-card-header\" id=\"primaryHeading-0-13c0bddf\">\n                        <a href=\"#collapse-14514dc69d9316bd291a\" class=\"ekit-accordion--toggler elementskit-btn-link collapsed\" data-ekit-toggle=\"collapse\" data-target=\"#Collapse-14514dc69d9316bd291a\" aria-expanded=\"true\" aria-controls=\"Collapse-14514dc69d9316bd291a\">\n                            \n                            <span class=\"ekit-accordion-title\">Quels services proposez-vous chez Yemak Sant\u00e9 Beaut\u00e9 ?<\/span>\n\n                            \n                                <div class=\"ekit_accordion_icon_group\">\n                                    <div class=\"ekit_accordion_normal_icon\">\n                                        <!-- Normal Icon -->\n\t\t\t\t\t\t\t\t\t\t                                    <\/div>\n\n                                    <div class=\"ekit_accordion_active_icon\">\n                                        <!-- Active Icon -->\n\t\t\t\t\t\t\t\t\t\t                                    <\/div>\n                                <\/div>\n\n                            \n                                                    <\/a>\n                    <\/div>\n\n                    <div id=\"Collapse-14514dc69d9316bd291a\" class=\"show collapse\" aria-labelledby=\"primaryHeading-0-13c0bddf\" data-parent=\"#accordion-69d9316bd291a\">\n\n                        <div class=\"elementskit-card-body ekit-accordion--content\">\n                            <p>-les consultations m\u00e9dico-esth\u00e9tiques<\/p><p>-le programme de suivi-nutritionnel<\/p><p>-le bodycontouring<\/p><p>-le lifting facial m\u00e9dical<\/p><p>-le traitement des imperfections de la peau tel que les\u00a0 acn\u00e9s, t\u00e2ches, verg\u00e9tures, cellulites, etc\u00a0 : peeling-m\u00e9soth\u00e9rapie-skinbooster-microneedling-etc<\/p>                        <\/div>\n\n                    <\/div>\n\n                <\/div><!-- .elementskit-card END -->\n\n                \n                <div class=\"elementskit-card\">\n                    <div class=\"elementskit-card-header\" id=\"primaryHeading-1-13c0bddf\">\n                        <a href=\"#collapse-35c8fe469d9316bd291a\" class=\"ekit-accordion--toggler elementskit-btn-link collapsed\" data-ekit-toggle=\"collapse\" data-target=\"#Collapse-35c8fe469d9316bd291a\" aria-expanded=\"false\" aria-controls=\"Collapse-35c8fe469d9316bd291a\">\n                            \n                            <span class=\"ekit-accordion-title\">Comment puis-je prendre rendez-vous pour une consultation ?<\/span>\n\n                            \n                                <div class=\"ekit_accordion_icon_group\">\n                                    <div class=\"ekit_accordion_normal_icon\">\n                                        <!-- Normal Icon -->\n\t\t\t\t\t\t\t\t\t\t                                    <\/div>\n\n                                    <div class=\"ekit_accordion_active_icon\">\n                                        <!-- Active Icon -->\n\t\t\t\t\t\t\t\t\t\t                                    <\/div>\n                                <\/div>\n\n                            \n                                                    <\/a>\n                    <\/div>\n\n                    <div id=\"Collapse-35c8fe469d9316bd291a\" class=\"collapse\" aria-labelledby=\"primaryHeading-1-13c0bddf\" data-parent=\"#accordion-69d9316bd291a\">\n\n                        <div class=\"elementskit-card-body ekit-accordion--content\">\n                            <p>En contactant le num\u00e9ro WhatsApp<\/p><div>00242068140908<\/div><div>00242067792332<\/div>                        <\/div>\n\n                    <\/div>\n\n                <\/div><!-- .elementskit-card END -->\n\n                \n                <div class=\"elementskit-card\">\n                    <div class=\"elementskit-card-header\" id=\"primaryHeading-2-13c0bddf\">\n                        <a href=\"#collapse-c29457c69d9316bd291a\" class=\"ekit-accordion--toggler elementskit-btn-link collapsed\" data-ekit-toggle=\"collapse\" data-target=\"#Collapse-c29457c69d9316bd291a\" aria-expanded=\"false\" aria-controls=\"Collapse-c29457c69d9316bd291a\">\n                            \n                            <span class=\"ekit-accordion-title\">Ou se situe le centre de m\u00e9decine esth\u00e9tique yemak sant\u00e9 beaut\u00e9<\/span>\n\n                            \n                                <div class=\"ekit_accordion_icon_group\">\n                                    <div class=\"ekit_accordion_normal_icon\">\n                                        <!-- Normal Icon -->\n\t\t\t\t\t\t\t\t\t\t                                    <\/div>\n\n                                    <div class=\"ekit_accordion_active_icon\">\n                                        <!-- Active Icon -->\n\t\t\t\t\t\t\t\t\t\t                                    <\/div>\n                                <\/div>\n\n                            \n                                                    <\/a>\n                    <\/div>\n\n                    <div id=\"Collapse-c29457c69d9316bd291a\" class=\"collapse\" aria-labelledby=\"primaryHeading-2-13c0bddf\" data-parent=\"#accordion-69d9316bd291a\">\n\n                        <div class=\"elementskit-card-body ekit-accordion--content\">\n                            <p>Au centre ville de Brazzaville ( R\u00e9publique du Congo ); au 188 avenue du Cardinal Emile Biayenda<\/p>                        <\/div>\n\n                    <\/div>\n\n                <\/div><!-- .elementskit-card END -->\n\n                \n                <div class=\"elementskit-card\">\n                    <div class=\"elementskit-card-header\" id=\"primaryHeading-3-13c0bddf\">\n                        <a href=\"#collapse-6a67cde69d9316bd291a\" class=\"ekit-accordion--toggler elementskit-btn-link collapsed\" data-ekit-toggle=\"collapse\" data-target=\"#Collapse-6a67cde69d9316bd291a\" aria-expanded=\"false\" aria-controls=\"Collapse-6a67cde69d9316bd291a\">\n                            \n                            <span class=\"ekit-accordion-title\">Quels sont les risques associ\u00e9s aux traitements m\u00e9dico- esth\u00e9tiques ?<\/span>\n\n                            \n                                <div class=\"ekit_accordion_icon_group\">\n                                    <div class=\"ekit_accordion_normal_icon\">\n                                        <!-- Normal Icon -->\n\t\t\t\t\t\t\t\t\t\t                                    <\/div>\n\n                                    <div class=\"ekit_accordion_active_icon\">\n                                        <!-- Active Icon -->\n\t\t\t\t\t\t\t\t\t\t                                    <\/div>\n                                <\/div>\n\n                            \n                                                    <\/a>\n                    <\/div>\n\n                    <div id=\"Collapse-6a67cde69d9316bd291a\" class=\"collapse\" aria-labelledby=\"primaryHeading-3-13c0bddf\" data-parent=\"#accordion-69d9316bd291a\">\n\n                        <div class=\"elementskit-card-body ekit-accordion--content\">\n                            <p>Les risques sont g\u00e9n\u00e9ralement mineurs en m\u00e9decine esth\u00e9tique; les produits utilis\u00e9s ayant toujours une dur\u00e9e de vie<\/p>                        <\/div>\n\n                    <\/div>\n\n                <\/div><!-- .elementskit-card END -->\n\n                                        <\/div>\n    <\/div>\t\t\t\t<\/div>\n\t\t\t\t<div class=\"elementor-element elementor-element-5d4d5218 elementor-widget__width-initial elementor-widget elementor-widget-elementskit-accordion\" data-id=\"5d4d5218\" data-element_type=\"widget\" data-e-type=\"widget\" data-widget_type=\"elementskit-accordion.default\">\n\t\t\t\t\t<div class=\"ekit-wid-con\" >\n        <div class=\"elementskit-accordion accoedion-primary\" id=\"accordion-69d9316bd2f0d\">\n\n            \n                <div class=\"elementskit-card\">\n                    <div class=\"elementskit-card-header\" id=\"primaryHeading-0-5d4d5218\">\n                        <a href=\"#collapse-35c8fe469d9316bd2f0d\" class=\"ekit-accordion--toggler elementskit-btn-link collapsed\" data-ekit-toggle=\"collapse\" data-target=\"#Collapse-35c8fe469d9316bd2f0d\" aria-expanded=\"false\" aria-controls=\"Collapse-35c8fe469d9316bd2f0d\">\n                            \n                            <span class=\"ekit-accordion-title\">Combien de temps durent les r\u00e9sultats des traitements chez Yemak Sant\u00e9 Beaut\u00e9 ?<\/span>\n\n                            \n                                <div class=\"ekit_accordion_icon_group\">\n                                    <div class=\"ekit_accordion_normal_icon\">\n                                        <!-- Normal Icon -->\n\t\t\t\t\t\t\t\t\t\t                                    <\/div>\n\n                                    <div class=\"ekit_accordion_active_icon\">\n                                        <!-- Active Icon -->\n\t\t\t\t\t\t\t\t\t\t                                    <\/div>\n                                <\/div>\n\n                            \n                                                    <\/a>\n                    <\/div>\n\n                    <div id=\"Collapse-35c8fe469d9316bd2f0d\" class=\"collapse\" aria-labelledby=\"primaryHeading-0-5d4d5218\" data-parent=\"#accordion-69d9316bd2f0d\">\n\n                        <div class=\"elementskit-card-body ekit-accordion--content\">\n                            <p>La dur\u00e9e de chaque cure varie en fonction de chaque type de soin<\/p>                        <\/div>\n\n                    <\/div>\n\n                <\/div><!-- .elementskit-card END -->\n\n                \n                <div class=\"elementskit-card\">\n                    <div class=\"elementskit-card-header\" id=\"primaryHeading-1-5d4d5218\">\n                        <a href=\"#collapse-c29457c69d9316bd2f0d\" class=\"ekit-accordion--toggler elementskit-btn-link collapsed\" data-ekit-toggle=\"collapse\" data-target=\"#Collapse-c29457c69d9316bd2f0d\" aria-expanded=\"false\" aria-controls=\"Collapse-c29457c69d9316bd2f0d\">\n                            \n                            <span class=\"ekit-accordion-title\">La dur\u00e9e de chaque cure varie en fonction de chaque type de soin<\/span>\n\n                            \n                                <div class=\"ekit_accordion_icon_group\">\n                                    <div class=\"ekit_accordion_normal_icon\">\n                                        <!-- Normal Icon -->\n\t\t\t\t\t\t\t\t\t\t                                    <\/div>\n\n                                    <div class=\"ekit_accordion_active_icon\">\n                                        <!-- Active Icon -->\n\t\t\t\t\t\t\t\t\t\t                                    <\/div>\n                                <\/div>\n\n                            \n                                                    <\/a>\n                    <\/div>\n\n                    <div id=\"Collapse-c29457c69d9316bd2f0d\" class=\"collapse\" aria-labelledby=\"primaryHeading-1-5d4d5218\" data-parent=\"#accordion-69d9316bd2f0d\">\n\n                        <div class=\"elementskit-card-body ekit-accordion--content\">\n                            <p>Les soins m\u00e9dico-esth\u00e9tiques\u00a0 ne sont g\u00e9n\u00e9ralement pas prise en charge par les assurances car il s\u2019agit des soins de confort; toutefois ,si\u00a0 le probl\u00e8me \u00e0 traiter pr\u00e9sente des risques impactant votre sant\u00e9 ( exemple: ob\u00e9sit\u00e9 morbide ), l\u2019assurance peut accepter de prendre en charge.<\/p>                        <\/div>\n\n                    <\/div>\n\n                <\/div><!-- .elementskit-card END -->\n\n                \n                <div class=\"elementskit-card\">\n                    <div class=\"elementskit-card-header\" id=\"primaryHeading-2-5d4d5218\">\n                        <a href=\"#collapse-6a67cde69d9316bd2f0d\" class=\"ekit-accordion--toggler elementskit-btn-link collapsed\" data-ekit-toggle=\"collapse\" data-target=\"#Collapse-6a67cde69d9316bd2f0d\" aria-expanded=\"false\" aria-controls=\"Collapse-6a67cde69d9316bd2f0d\">\n                            \n                            <span class=\"ekit-accordion-title\">Proposez-vous des packages de soins ?<\/span>\n\n                            \n                                <div class=\"ekit_accordion_icon_group\">\n                                    <div class=\"ekit_accordion_normal_icon\">\n                                        <!-- Normal Icon -->\n\t\t\t\t\t\t\t\t\t\t                                    <\/div>\n\n                                    <div class=\"ekit_accordion_active_icon\">\n                                        <!-- Active Icon -->\n\t\t\t\t\t\t\t\t\t\t                                    <\/div>\n                                <\/div>\n\n                            \n                                                    <\/a>\n                    <\/div>\n\n                    <div id=\"Collapse-6a67cde69d9316bd2f0d\" class=\"collapse\" aria-labelledby=\"primaryHeading-2-5d4d5218\" data-parent=\"#accordion-69d9316bd2f0d\">\n\n                        <div class=\"elementskit-card-body ekit-accordion--content\">\n                            <p>Accordion Widget for Elementor aAu centre Yemak Sant\u00e9 Beaut\u00e9, nous proposons une prise en charge holistique ( prise en charge \u00e0 360 degr\u00e9 ) prenant en compte la plupart de vos probl\u00e8mes corporels.llows you to present plenty of content in a foldable and concise way.<\/p>                        <\/div>\n\n                    <\/div>\n\n                <\/div><!-- .elementskit-card END -->\n\n                \n                <div class=\"elementskit-card\">\n                    <div class=\"elementskit-card-header\" id=\"primaryHeading-3-5d4d5218\">\n                        <a href=\"#collapse-9a4962069d9316bd2f0d\" class=\"ekit-accordion--toggler elementskit-btn-link collapsed\" data-ekit-toggle=\"collapse\" data-target=\"#Collapse-9a4962069d9316bd2f0d\" aria-expanded=\"false\" aria-controls=\"Collapse-9a4962069d9316bd2f0d\">\n                            \n                            <span class=\"ekit-accordion-title\">Comment choisir le traitement m\u00e9dico-esth\u00e9tique qui convient le mieux \u00e0 mes besoins ? Combien de s\u00e9ances me faudra-t-il?<\/span>\n\n                            \n                                <div class=\"ekit_accordion_icon_group\">\n                                    <div class=\"ekit_accordion_normal_icon\">\n                                        <!-- Normal Icon -->\n\t\t\t\t\t\t\t\t\t\t                                    <\/div>\n\n                                    <div class=\"ekit_accordion_active_icon\">\n                                        <!-- Active Icon -->\n\t\t\t\t\t\t\t\t\t\t                                    <\/div>\n                                <\/div>\n\n                            \n                                                    <\/a>\n                    <\/div>\n\n                    <div id=\"Collapse-9a4962069d9316bd2f0d\" class=\"collapse\" aria-labelledby=\"primaryHeading-3-5d4d5218\" data-parent=\"#accordion-69d9316bd2f0d\">\n\n                        <div class=\"elementskit-card-body ekit-accordion--content\">\n                            <p>Une consultation initiale est n\u00e9cessaire ; cette consultation permettra de vous recommander le traitement qui vous convient le plus, pr\u00e9cisant le nombre de s\u00e9ances<\/p>                        <\/div>\n\n                    <\/div>\n\n                <\/div><!-- .elementskit-card END -->\n\n                                        <\/div>\n    <\/div>\t\t\t\t<\/div>\n\t\t\t\t<\/div>\n\t\t\t\t<\/div>\n\t\t\t\t\t<\/div>\n\t\t\t\t<\/div>\n\t\t\t\t<\/div>","protected":false},"excerpt":{"rendered":"<p>R\u00e9ponses \u00e0 Vos Questions Fr\u00e9quentes en M\u00e9decine Esth\u00e9tique D\u00e9couvrez toutes les r\u00e9ponses dont vous avez besoin pour prendre soin de votre beaut\u00e9 et de votre bien-\u00eatre chez Yemak Sant\u00e9 Beaut\u00e9. Quels services proposez-vous chez Yemak Sant\u00e9 Beaut\u00e9 ? -les consultations m\u00e9dico-esth\u00e9tiques -le programme de suivi-nutritionnel -le bodycontouring -le lifting facial m\u00e9dical -le traitement des imperfections de la peau tel que les\u00a0 acn\u00e9s, t\u00e2ches, verg\u00e9tures, cellulites, etc\u00a0 : peeling-m\u00e9soth\u00e9rapie-skinbooster-microneedling-etc Comment puis-je prendre rendez-vous pour une consultation ? En contactant le num\u00e9ro WhatsApp 0024206814090800242067792332 Ou se situe le centre de m\u00e9decine esth\u00e9tique yemak sant\u00e9 beaut\u00e9 Au centre ville de Brazzaville ( R\u00e9publique du Congo ); au 188 avenue du Cardinal Emile Biayenda Quels sont les risques associ\u00e9s aux traitements m\u00e9dico- esth\u00e9tiques ? Les risques sont g\u00e9n\u00e9ralement mineurs en m\u00e9decine esth\u00e9tique; les produits utilis\u00e9s ayant toujours une dur\u00e9e de vie Combien de temps durent les r\u00e9sultats des traitements chez Yemak Sant\u00e9 Beaut\u00e9 ? La dur\u00e9e de chaque cure varie en fonction de chaque type de soin La dur\u00e9e de chaque cure varie en fonction de chaque type de soin Les soins m\u00e9dico-esth\u00e9tiques\u00a0 ne sont g\u00e9n\u00e9ralement pas prise en charge par les assurances car il s\u2019agit des soins de confort; toutefois ,si\u00a0 le probl\u00e8me \u00e0 traiter pr\u00e9sente des risques impactant votre sant\u00e9 ( exemple: ob\u00e9sit\u00e9 morbide ), l\u2019assurance peut accepter de prendre en charge. Proposez-vous des packages de soins ? Accordion Widget for Elementor aAu centre Yemak Sant\u00e9 Beaut\u00e9, nous proposons une prise en charge holistique ( prise en charge \u00e0 360 degr\u00e9 ) prenant en compte la plupart de vos probl\u00e8mes corporels.llows you to present plenty of content in a foldable and concise way. Comment choisir le traitement m\u00e9dico-esth\u00e9tique qui convient le mieux \u00e0 mes besoins ? Combien de s\u00e9ances me faudra-t-il? Une consultation initiale est n\u00e9cessaire ; cette consultation permettra de vous recommander le traitement qui vous convient le plus, pr\u00e9cisant le nombre de s\u00e9ances<\/p>","protected":false},"author":2,"featured_media":0,"parent":0,"menu_order":0,"comment_status":"closed","ping_status":"closed","template":"","meta":{"_seopress_robots_primary_cat":"","_seopress_titles_title":"","_seopress_titles_desc":"","_seopress_robots_index":"","ocean_post_layout":"full-width","ocean_both_sidebars_style":"","ocean_both_sidebars_content_width":0,"ocean_both_sidebars_sidebars_width":0,"ocean_sidebar":"","ocean_second_sidebar":"","ocean_disable_margins":"enable","ocean_add_body_class":"","ocean_shortcode_before_top_bar":"","ocean_shortcode_after_top_bar":"","ocean_shortcode_before_header":"","ocean_shortcode_after_header":"","ocean_has_shortcode":"","ocean_shortcode_after_title":"","ocean_shortcode_before_footer_widgets":"","ocean_shortcode_after_footer_widgets":"","ocean_shortcode_before_footer_bottom":"","ocean_shortcode_after_footer_bottom":"","ocean_display_top_bar":"default","ocean_display_header":"default","ocean_header_style":"","ocean_center_header_left_menu":"","ocean_custom_header_template":"","ocean_custom_logo":0,"ocean_custom_retina_logo":0,"ocean_custom_logo_max_width":0,"ocean_custom_logo_tablet_max_width":0,"ocean_custom_logo_mobile_max_width":0,"ocean_custom_logo_max_height":0,"ocean_custom_logo_tablet_max_height":0,"ocean_custom_logo_mobile_max_height":0,"ocean_header_custom_menu":"","ocean_menu_typo_font_family":"","ocean_menu_typo_font_subset":"","ocean_menu_typo_font_size":0,"ocean_menu_typo_font_size_tablet":0,"ocean_menu_typo_font_size_mobile":0,"ocean_menu_typo_font_size_unit":"px","ocean_menu_typo_font_weight":"","ocean_menu_typo_font_weight_tablet":"","ocean_menu_typo_font_weight_mobile":"","ocean_menu_typo_transform":"","ocean_menu_typo_transform_tablet":"","ocean_menu_typo_transform_mobile":"","ocean_menu_typo_line_height":0,"ocean_menu_typo_line_height_tablet":0,"ocean_menu_typo_line_height_mobile":0,"ocean_menu_typo_line_height_unit":"","ocean_menu_typo_spacing":0,"ocean_menu_typo_spacing_tablet":0,"ocean_menu_typo_spacing_mobile":0,"ocean_menu_typo_spacing_unit":"","ocean_menu_link_color":"","ocean_menu_link_color_hover":"","ocean_menu_link_color_active":"","ocean_menu_link_background":"","ocean_menu_link_hover_background":"","ocean_menu_link_active_background":"","ocean_menu_social_links_bg":"","ocean_menu_social_hover_links_bg":"","ocean_menu_social_links_color":"","ocean_menu_social_hover_links_color":"","ocean_disable_title":"on","ocean_disable_heading":"default","ocean_post_title":"","ocean_post_subheading":"","ocean_post_title_style":"","ocean_post_title_background_color":"","ocean_post_title_background":0,"ocean_post_title_bg_image_position":"","ocean_post_title_bg_image_attachment":"","ocean_post_title_bg_image_repeat":"","ocean_post_title_bg_image_size":"","ocean_post_title_height":0,"ocean_post_title_bg_overlay":0.5,"ocean_post_title_bg_overlay_color":"","ocean_disable_breadcrumbs":"default","ocean_breadcrumbs_color":"","ocean_breadcrumbs_separator_color":"","ocean_breadcrumbs_links_color":"","ocean_breadcrumbs_links_hover_color":"","ocean_display_footer_widgets":"default","ocean_display_footer_bottom":"default","ocean_custom_footer_template":"","omw_enable_modal_window":"enable","footnotes":""},"class_list":["post-2910","page","type-page","status-publish","hentry","entry","owp-thumbs-layout-horizontal","owp-btn-normal","owp-tabs-layout-horizontal","has-no-thumbnails","has-product-nav"],"jetpack_sharing_enabled":true,"_links":{"self":[{"href":"https:\/\/yemackmodif.koluka.us\/en\/wp-json\/wp\/v2\/pages\/2910","targetHints":{"allow":["GET"]}}],"collection":[{"href":"https:\/\/yemackmodif.koluka.us\/en\/wp-json\/wp\/v2\/pages"}],"about":[{"href":"https:\/\/yemackmodif.koluka.us\/en\/wp-json\/wp\/v2\/types\/page"}],"author":[{"embeddable":true,"href":"https:\/\/yemackmodif.koluka.us\/en\/wp-json\/wp\/v2\/users\/2"}],"replies":[{"embeddable":true,"href":"https:\/\/yemackmodif.koluka.us\/en\/wp-json\/wp\/v2\/comments?post=2910"}],"version-history":[{"count":88,"href":"https:\/\/yemackmodif.koluka.us\/en\/wp-json\/wp\/v2\/pages\/2910\/revisions"}],"predecessor-version":[{"id":3029,"href":"https:\/\/yemackmodif.koluka.us\/en\/wp-json\/wp\/v2\/pages\/2910\/revisions\/3029"}],"wp:attachment":[{"href":"https:\/\/yemackmodif.koluka.us\/en\/wp-json\/wp\/v2\/media?parent=2910"}],"curies":[{"name":"wp","href":"https:\/\/api.w.org\/{rel}","templated":true}]}}