{"id":3,"date":"2025-12-14T20:37:23","date_gmt":"2025-12-14T19:37:23","guid":{"rendered":"https:\/\/yemackmodif.koluka.us\/?page_id=3"},"modified":"2026-01-21T17:33:26","modified_gmt":"2026-01-21T16:33:26","slug":"politique-de-confidentialite","status":"publish","type":"page","link":"https:\/\/yemackmodif.koluka.us\/en\/politique-de-confidentialite\/","title":{"rendered":"Politique de confidentialit\u00e9"},"content":{"rendered":"<div data-elementor-type=\"wp-page\" data-elementor-id=\"3\" class=\"elementor elementor-3\">\n\t\t\t\t<div class=\"elementor-element elementor-element-2b3c31d5 e-flex e-con-boxed wpr-particle-no wpr-jarallax-no wpr-parallax-no wpr-sticky-section-no e-con e-parent\" data-id=\"2b3c31d5\" data-element_type=\"container\" data-e-type=\"container\">\n\t\t\t\t\t<div class=\"e-con-inner\">\n\t\t\t\t<div class=\"elementor-element elementor-element-7ac3363e elementor-widget elementor-widget-text-editor\" data-id=\"7ac3363e\" data-element_type=\"widget\" data-e-type=\"widget\" data-widget_type=\"text-editor.default\">\n\t\t\t\t\t\t\t\t\t\n<div class=\"elementor-element elementor-element-0a8a265 elementor-widget elementor-widget-text-editor\" data-id=\"0a8a265\" data-element_type=\"widget\" data-widget_type=\"text-editor.default\">\n<div class=\"elementor-widget-container\">\n<p>La pr\u00e9sente politique de confidentialit\u00e9 d\u00e9crit les modalit\u00e9s de collecte et de traitement des donn\u00e9es personnelles relatives aux utilisateurs (ci-apr\u00e8s le ou les \u00ab Utilisateur(s) \u00bb) du site Internet yemaksantebeaute.com (le \u00ab Site \u00bb).<\/p>\n<\/div>\n<\/div>\n<div class=\"elementor-element elementor-element-5d8491b7 elementor-widget elementor-widget-text-editor\" data-id=\"5d8491b7\" data-element_type=\"widget\" data-widget_type=\"text-editor.default\">\n<div class=\"elementor-widget-container\">\n<p>\u00a0<\/p>\n<h2 class=\"wp-block-heading\"><b>Qui est le responsable du traitement ?<\/b><\/h2>\n<p>Le traitement de donn\u00e9es personnelles est mis en \u0153uvre par le Dr.<\/p>\n<p>En tant que responsable de traitement, nous sommes soucieux de prot\u00e9ger au mieux la vie priv\u00e9e des utilisateurs du Site dans le cadre de la r\u00e8glementation europ\u00e9enne et fran\u00e7aise en mati\u00e8re de donn\u00e9es personnelles.<\/p>\n<h2><b>Quelles sont les donn\u00e9es personnelles que nous collectons ?<\/b><\/h2>\n<p>Nous collectons certaines donn\u00e9es personnelles renseign\u00e9es directement par l\u2019Utilisateur lorsqu\u2019il renseigne ses donn\u00e9es de contact (nom, pr\u00e9nom, email et le motif de la consultation via le formulaire de contact).<\/p>\n<p>D\u2019autres donn\u00e9es peuvent \u00eatre collect\u00e9es lors de la visite de l\u2019Utilisateur sur le Site telles que notamment :<\/p>\n<ul>\n<li aria-level=\"1\">L\u2019adresse IP.<\/li>\n<li aria-level=\"1\">Les donn\u00e9es sur la navigation de l\u2019Utilisateur (pages visit\u00e9es, etc.), telles que plus amplement d\u00e9crit ci-apr\u00e8s.<\/li>\n<\/ul>\n<h2><b>Pourquoi mes donn\u00e9es personnelles sont-elles collect\u00e9es, par qui et pour quelles finalit\u00e9s ?<\/b><\/h2>\n<p>Les donn\u00e9es collect\u00e9es sont destin\u00e9es aux services concern\u00e9s du centre de m\u00e9decine esth\u00e9tique Yemak Sant\u00e9 Beaut\u00e9. La base l\u00e9gale du traitement est le consentement.<\/p>\n<p>Nous collectons vos donn\u00e9es personnelles afin de vous fournir le meilleur service possible. La liste ci-dessous vous permet d\u2019avoir une vue d\u2019ensemble sur les modalit\u00e9s de traitements de vos donn\u00e9es personnelles dans le cadre du service que nous vous proposons.<\/p>\n<h3><b>L\u2019envoi d\u2019une newsletter<\/b><\/h3>\n<ul>\n<li aria-level=\"1\">Donn\u00e9es collect\u00e9es : Adresse email.<\/li>\n<li aria-level=\"1\">Utilisateur des donn\u00e9es : Le centre de m\u00e9decine esth\u00e9tique Yemak sant\u00e9 beaut\u00e9.<\/li>\n<li aria-level=\"1\">La finalit\u00e9 : Pour vous envoyer des informations pertinentes sur l\u2019actualit\u00e9 de La Clinique des Champs-Elys\u00e9es avec votre accord express.<\/li>\n<li aria-level=\"1\">Temps de conservation : 2 ans apr\u00e8s un dernier contact avec vous ou toute autre dur\u00e9e requise par la loi.<\/li>\n<\/ul>\n<h3><b>L\u2019envoi d\u2019un Email<\/b><\/h3>\n<ul>\n<li aria-level=\"1\">Donn\u00e9es collect\u00e9es : Civilit\u00e9, Nom et pr\u00e9nom, adresse email.<\/li>\n<li aria-level=\"1\">Utilisateur des donn\u00e9es : Le centre de m\u00e9decine esth\u00e9tique Yemak sant\u00e9 beaut\u00e9.<\/li>\n<li aria-level=\"1\">La finalit\u00e9 : Pour r\u00e9pondre \u00e0 votre demande par mail.<\/li>\n<li aria-level=\"1\">Temps de conservation : Supprim\u00e9es le jour de la r\u00e9ponse.<\/li>\n<\/ul>\n<h3><b>Le t\u00e9l\u00e9chargement d\u2019une brochure<\/b><\/h3>\n<ul>\n<li aria-level=\"1\">Donn\u00e9es collect\u00e9es : Civilit\u00e9, Nom et pr\u00e9nom, adresse email, sujet de la demande.<\/li>\n<li aria-level=\"1\">Utilisateur des donn\u00e9es : Le centre de m\u00e9decine esth\u00e9tique Yemak sant\u00e9 beaut\u00e9.<\/li>\n<li aria-level=\"1\">La finalit\u00e9 : Pour vous envoyer le lien de t\u00e9l\u00e9chargement de la brochure demand\u00e9e.<\/li>\n<li aria-level=\"1\">Temps de conservation : Supprim\u00e9es le jour de la r\u00e9ponse.<\/li>\n<\/ul>\n<h3><b>La prise de rendez-vous<\/b><\/h3>\n<ul>\n<li aria-level=\"1\">Donn\u00e9es collect\u00e9es : Nom et pr\u00e9nom, adresse email, num\u00e9ro de t\u00e9l\u00e9phone, date de naissance, motif du de la consultation.<\/li>\n<li aria-level=\"1\">Utilisateur donn\u00e9es : Le centre de m\u00e9decine esth\u00e9tique Yemak sant\u00e9 beaut\u00e9.<\/li>\n<li aria-level=\"1\">La finalit\u00e9 : Pour r\u00e9pondre \u00e0 votre demande de rendez-vous.<\/li>\n<li aria-level=\"1\">Temps de conservation : 2 ans apr\u00e8s un dernier contact avec vous ou toute autre dur\u00e9e requise par la loi.<\/li>\n<\/ul>\n<h3><b>L\u2019am\u00e9lioration du service fourni sur le site<\/b><\/h3>\n<ul>\n<li aria-level=\"1\">Donn\u00e9es collect\u00e9es : Adresse IP, les donn\u00e9es sur la navigation de l\u2019Utilisateur (pages visit\u00e9es, etc.), version du navigateur du terminal.<\/li>\n<li aria-level=\"1\">Utilisateur des donn\u00e9es : Le centre de m\u00e9decine esth\u00e9tique YEMAK sant\u00e9 beaut\u00e9.<\/li>\n<li aria-level=\"1\">La finalit\u00e9 : Suivre votre navigation sur le Site afin de comprendre votre parcours et am\u00e9liorer ult\u00e9rieurement votre exp\u00e9rience via le Site, \u00e9laborer des statistiques relatives au Site.<\/li>\n<li aria-level=\"1\">Temps de conservation : 13 mois.<\/li>\n<\/ul>\n<h2><b>Combien de temps mes donn\u00e9es personnelles sont-elles conserv\u00e9es ?<\/b><\/h2>\n<p>Nous ne conserverons vos informations personnelles que pendant la dur\u00e9e strictement n\u00e9cessaire aux finalit\u00e9s \u00e9nonc\u00e9es pr\u00e9c\u00e9demment ou afin de nous conformer \u00e0 nos obligations l\u00e9gales (voir ci-dessus).<\/p>\n<h2><b>Avec qui sont partag\u00e9es mes donn\u00e9es personnelles ?<\/b><\/h2>\n<p>Nous ne transmettons vos donn\u00e9es personnelles \u00e0 des tiers dans les cas limit\u00e9s suivants :<\/p>\n<ul>\n<li aria-level=\"1\">Transmission de vos donn\u00e9es de contact \u00e0 un prestataire tiers en charge de l\u2019emailing tenu \u00e0 une obligation de confidentialit\u00e9 afin de vous adresser les newsletter ;<\/li>\n<li aria-level=\"1\">H\u00e9bergement de vos donn\u00e9es par un prestataire d\u2019h\u00e9bergement situ\u00e9 dans l\u2019Union Europ\u00e9enne tenu de veiller \u00e0 la confidentialit\u00e9 des donn\u00e9es ;<\/li>\n<li aria-level=\"1\">Communication de vos donn\u00e9es personnelles \u00e0 nos conseillers externes (avocats, comptables, commissaires aux comptes, etc.) tenus \u00e0 une obligation de confidentialit\u00e9 ;<\/li>\n<li aria-level=\"1\">Communication de vos donn\u00e9es personnelles aux autorit\u00e9s comp\u00e9tentes en application de la loi applicable et\/ou d\u2019une d\u00e9cision de justice.<\/li>\n<\/ul>\n<h2><b>Quels sont mes droits et comment les exercer ?<\/b><\/h2>\n<p>Conform\u00e9ment au R\u00e8glement G\u00e9n\u00e9ral sur la Protection des Donn\u00e9es (RGPD), vous disposez d\u2019un droit d\u2019acc\u00e8s, de rectification, d\u2019effacement, de limitation de traitement, d\u2019opposition et de portabilit\u00e9 des donn\u00e9es.<\/p>\n<p>Pour faire valoir vos droits, vous pouvez contacter le responsable du traitement \u00e0 l\u2019adresse suivante : donnees.personnelles@crpce.com<\/p>\n<p>Si vous estimez que vos droits n\u2019ont pas \u00e9t\u00e9 respect\u00e9s, vous pouvez \u00e9galement \u00e9tablir une r\u00e9clamation aupr\u00e8s de la CNIL ou devant toute autre autorit\u00e9 comp\u00e9tente.<\/p>\n<p>Enfin, vous pouvez choisir de ne pas nous communiquer vos informations personnelles.<\/p>\n<h2><b>Comment puis-je retirer mon consentement pour le traitement de mes donn\u00e9es personnelles ?<\/b><\/h2>\n<p>Si vous d\u00e9cidez d\u2019utiliser certains de nos services (comme la newsletter) nous pouvons \u00eatre amen\u00e9s \u00e0 vous demander votre consentement explicite pour traiter vos donn\u00e9es personnelles.<\/p>\n<p>Le retrait des consentements par un Utilisateur n\u2019aura aucun impact sur l\u2019exp\u00e9rience propos\u00e9e sur notre Site en dehors du p\u00e9rim\u00e8tre du traitement concern\u00e9.<\/p>\n<p>Chaque Utilisateur peut \u00e0 tout moment retirer son consentement, comme suit :<\/p>\n<ul>\n<li aria-level=\"1\">Newsletter : un lien de d\u00e9sinscription figure au bas de chaque newsletter ;<\/li>\n<li aria-level=\"1\">Cookies : la modification des param\u00e9trages des cookies peut \u00eatre effectu\u00e9e via le bouton ci-dessous :<\/li>\n<\/ul>\n<p>Gestion des cookies<\/p>\n<h2><b>Comment en savoir plus sur la gestion des donn\u00e9es personnelles ?<\/b><\/h2>\n<p>Vous pouvez vous informer sur le RGPD, sur vos droits et comment les exercer sur le Site de la YEMAK.<\/p>\n<p>Ainsi que dans les rubriques :<\/p>\n<ul>\n<li aria-level=\"1\"><a href=\"https:\/\/www.cnil.fr\/fr\/reglement-europeen-protection-donnees\">R\u00e8glement (UE) 2016\/679 du Parlement europ\u00e9en et du Conseil du 27 avril 2016<\/a><\/li>\n<li aria-level=\"1\"><a href=\"https:\/\/www.cnil.fr\/fr\/maitriser-mes-donnees\">Ma\u00eetriser mes donn\u00e9es<\/a><\/li>\n<li aria-level=\"1\"><a href=\"https:\/\/www.cnil.fr\/fr\/les-droits-pour-maitriser-vos-donnees-personnelles\">Les droits pour ma\u00eetriser vos donn\u00e9es personnelles<\/a><\/li>\n<\/ul>\n<h2><b>Quels sont les cookies utilis\u00e9s sur le site ?<\/b><\/h2>\n<p>Les cookies sont des fichiers textes enregistr\u00e9s sur le terminal du Client par le serveur de la soci\u00e9t\u00e9 Clinique des Champs-Elys\u00e9es ou \u00e9ventuellement par un serveur tiers. Toujours actifs, les cookies sont n\u00e9cessaires au bon fonctionnement du Site. Ils permettent au centre de m\u00e9decine esth\u00e9tique YEMAK SANTE BEAUTE notamment de reconna\u00eetre un internaute d\u2019une visite \u00e0 l\u2019autre gr\u00e2ce \u00e0 un identifiant unique.<\/p>\n<p>Deux types de cookies sont \u00e0 distinguer : les cookies \u00e9mis par la soci\u00e9t\u00e9 centre de m\u00e9decine esth\u00e9tique yemak sant\u00e9 beaut\u00e9, et ceux \u00e9mis par des sites tiers \u00e0 sa demande.<\/p>\n<p>Les cookies \u00e9mis par des sites tiers ne sont ni d\u00e9pos\u00e9s ni contr\u00f4l\u00e9s par nous mais par des soci\u00e9t\u00e9s tierces. Ces cookies visent notamment \u00e0 cibler les centres d\u2019int\u00e9r\u00eats du Client \u00e0 travers les diff\u00e9rentes pages produits qu\u2019il a pu consulter sur le Site pour personnaliser les offres publicitaires pr\u00e9sentes sur d\u2019autres enseignes.<\/p>\n<p>Pour param\u00e9trer les cookies, veuillez cliquer sur le bouton ci-dessous :<\/p>\n<p>Gestion des cookies<\/p>\n<h2><b>Cette politique peut-elle \u00eatre modifi\u00e9e ?<\/b><\/h2>\n<p>Nous pouvons \u00eatre amen\u00e9s \u00e0 apporter des modifications et actualiser cette politique de confidentialit\u00e9. Toutes les modifications seront effectives d\u00e8s la publication de ces r\u00e9visions. Si les modifications sont importantes, nous informerons nos Utilisateurs en envoyant une notification \u00e0 l\u2019adresse e-mail que vous nous avez indiqu\u00e9e ou en affichant un avis sur notre Site. Nous vous invitons \u00e0 consulter r\u00e9guli\u00e8rement notre Politique de confidentialit\u00e9 afin de prendre connaissance de la version la plus r\u00e9cente.<\/p>\n<\/div>\n<\/div>\t\t\t\t\t\t\t\t<\/div>\n\t\t\t\t\t<\/div>\n\t\t\t\t<\/div>\n\t\t\t\t<\/div>","protected":false},"excerpt":{"rendered":"<p>La pr\u00e9sente politique de confidentialit\u00e9 d\u00e9crit les modalit\u00e9s de collecte et de traitement des donn\u00e9es personnelles relatives aux utilisateurs (ci-apr\u00e8s le ou les \u00ab Utilisateur(s) \u00bb) du site Internet yemaksantebeaute.com (le \u00ab Site \u00bb). \u00a0 Qui est le responsable du traitement ? Le traitement de donn\u00e9es personnelles est mis en \u0153uvre par le Dr. En tant que responsable de traitement, nous sommes soucieux de prot\u00e9ger au mieux la vie priv\u00e9e des utilisateurs du Site dans le cadre de la r\u00e8glementation europ\u00e9enne et fran\u00e7aise en mati\u00e8re de donn\u00e9es personnelles. Quelles sont les donn\u00e9es personnelles que nous collectons ? Nous collectons certaines donn\u00e9es personnelles renseign\u00e9es directement par l\u2019Utilisateur lorsqu\u2019il renseigne ses donn\u00e9es de contact (nom, pr\u00e9nom, email et le motif de la consultation via le formulaire de contact). D\u2019autres donn\u00e9es peuvent \u00eatre collect\u00e9es lors de la visite de l\u2019Utilisateur sur le Site telles que notamment : L\u2019adresse IP. Les donn\u00e9es sur la navigation de l\u2019Utilisateur (pages visit\u00e9es, etc.), telles que plus amplement d\u00e9crit ci-apr\u00e8s. Pourquoi mes donn\u00e9es personnelles sont-elles collect\u00e9es, par qui et pour quelles finalit\u00e9s ? Les donn\u00e9es collect\u00e9es sont destin\u00e9es aux services concern\u00e9s du centre de m\u00e9decine esth\u00e9tique Yemak Sant\u00e9 Beaut\u00e9. La base l\u00e9gale du traitement est le consentement. Nous collectons vos donn\u00e9es personnelles afin de vous fournir le meilleur service possible. La liste ci-dessous vous permet d\u2019avoir une vue d\u2019ensemble sur les modalit\u00e9s de traitements de vos donn\u00e9es personnelles dans le cadre du service que nous vous proposons. L\u2019envoi d\u2019une newsletter Donn\u00e9es collect\u00e9es : Adresse email. Utilisateur des donn\u00e9es : Le centre de m\u00e9decine esth\u00e9tique Yemak sant\u00e9 beaut\u00e9. La finalit\u00e9 : Pour vous envoyer des informations pertinentes sur l\u2019actualit\u00e9 de La Clinique des Champs-Elys\u00e9es avec votre accord express. Temps de conservation : 2 ans apr\u00e8s un dernier contact avec vous ou toute autre dur\u00e9e requise par la loi. L\u2019envoi d\u2019un Email Donn\u00e9es collect\u00e9es : Civilit\u00e9, Nom et pr\u00e9nom, adresse email. Utilisateur des donn\u00e9es : Le centre de m\u00e9decine esth\u00e9tique Yemak sant\u00e9 beaut\u00e9. La finalit\u00e9 : Pour r\u00e9pondre \u00e0 votre demande par mail. Temps de conservation : Supprim\u00e9es le jour de la r\u00e9ponse. Le t\u00e9l\u00e9chargement d\u2019une brochure Donn\u00e9es collect\u00e9es : Civilit\u00e9, Nom et pr\u00e9nom, adresse email, sujet de la demande. Utilisateur des donn\u00e9es : Le centre de m\u00e9decine esth\u00e9tique Yemak sant\u00e9 beaut\u00e9. La finalit\u00e9 : Pour vous envoyer le lien de t\u00e9l\u00e9chargement de la brochure demand\u00e9e. Temps de conservation : Supprim\u00e9es le jour de la r\u00e9ponse. La prise de rendez-vous Donn\u00e9es collect\u00e9es : Nom et pr\u00e9nom, adresse email, num\u00e9ro de t\u00e9l\u00e9phone, date de naissance, motif du de la consultation. Utilisateur donn\u00e9es : Le centre de m\u00e9decine esth\u00e9tique Yemak sant\u00e9 beaut\u00e9. La finalit\u00e9 : Pour r\u00e9pondre \u00e0 votre demande de rendez-vous. Temps de conservation : 2 ans apr\u00e8s un dernier contact avec vous ou toute autre dur\u00e9e requise par la loi. L\u2019am\u00e9lioration du service fourni sur le site Donn\u00e9es collect\u00e9es : Adresse IP, les donn\u00e9es sur la navigation de l\u2019Utilisateur (pages visit\u00e9es, etc.), version du navigateur du terminal. Utilisateur des donn\u00e9es : Le centre de m\u00e9decine esth\u00e9tique YEMAK sant\u00e9 beaut\u00e9. La finalit\u00e9 : Suivre votre navigation sur le Site afin de comprendre votre parcours et am\u00e9liorer ult\u00e9rieurement votre exp\u00e9rience via le Site, \u00e9laborer des statistiques relatives au Site. Temps de conservation : 13 mois. Combien de temps mes donn\u00e9es personnelles sont-elles conserv\u00e9es ? Nous ne conserverons vos informations personnelles que pendant la dur\u00e9e strictement n\u00e9cessaire aux finalit\u00e9s \u00e9nonc\u00e9es pr\u00e9c\u00e9demment ou afin de nous conformer \u00e0 nos obligations l\u00e9gales (voir ci-dessus). Avec qui sont partag\u00e9es mes donn\u00e9es personnelles ? Nous ne transmettons vos donn\u00e9es personnelles \u00e0 des tiers dans les cas limit\u00e9s suivants : Transmission de vos donn\u00e9es de contact \u00e0 un prestataire tiers en charge de l\u2019emailing tenu \u00e0 une obligation de confidentialit\u00e9 afin de vous adresser les newsletter ; H\u00e9bergement de vos donn\u00e9es par un prestataire d\u2019h\u00e9bergement situ\u00e9 dans l\u2019Union Europ\u00e9enne tenu de veiller \u00e0 la confidentialit\u00e9 des donn\u00e9es ; Communication de vos donn\u00e9es personnelles \u00e0 nos conseillers externes (avocats, comptables, commissaires aux comptes, etc.) tenus \u00e0 une obligation de confidentialit\u00e9 ; Communication de vos donn\u00e9es personnelles aux autorit\u00e9s comp\u00e9tentes en application de la loi applicable et\/ou d\u2019une d\u00e9cision de justice. Quels sont mes droits et comment les exercer ? Conform\u00e9ment au R\u00e8glement G\u00e9n\u00e9ral sur la Protection des Donn\u00e9es (RGPD), vous disposez d\u2019un droit d\u2019acc\u00e8s, de rectification, d\u2019effacement, de limitation de traitement, d\u2019opposition et de portabilit\u00e9 des donn\u00e9es. Pour faire valoir vos droits, vous pouvez contacter le responsable du traitement \u00e0 l\u2019adresse suivante : donnees.personnelles@crpce.com Si vous estimez que vos droits n\u2019ont pas \u00e9t\u00e9 respect\u00e9s, vous pouvez \u00e9galement \u00e9tablir une r\u00e9clamation aupr\u00e8s de la CNIL ou devant toute autre autorit\u00e9 comp\u00e9tente. Enfin, vous pouvez choisir de ne pas nous communiquer vos informations personnelles. Comment puis-je retirer mon consentement pour le traitement de mes donn\u00e9es personnelles ? Si vous d\u00e9cidez d\u2019utiliser certains de nos services (comme la newsletter) nous pouvons \u00eatre amen\u00e9s \u00e0 vous demander votre consentement explicite pour traiter vos donn\u00e9es personnelles. Le retrait des consentements par un Utilisateur n\u2019aura aucun impact sur l\u2019exp\u00e9rience propos\u00e9e sur notre Site en dehors du p\u00e9rim\u00e8tre du traitement concern\u00e9. Chaque Utilisateur peut \u00e0 tout moment retirer son consentement, comme suit : Newsletter : un lien de d\u00e9sinscription figure au bas de chaque newsletter ; Cookies : la modification des param\u00e9trages des cookies peut \u00eatre effectu\u00e9e via le bouton ci-dessous : Gestion des cookies Comment en savoir plus sur la gestion des donn\u00e9es personnelles ? Vous pouvez vous informer sur le RGPD, sur vos droits et comment les exercer sur le Site de la YEMAK. Ainsi que dans les rubriques : R\u00e8glement (UE) 2016\/679 du Parlement europ\u00e9en et du Conseil du 27 avril 2016 Ma\u00eetriser mes donn\u00e9es Les droits pour ma\u00eetriser vos donn\u00e9es personnelles Quels sont les cookies utilis\u00e9s sur le site ? Les cookies sont des fichiers textes enregistr\u00e9s sur le terminal du Client par le serveur de la soci\u00e9t\u00e9 Clinique des Champs-Elys\u00e9es ou \u00e9ventuellement par un serveur tiers. Toujours actifs, les cookies sont n\u00e9cessaires au bon fonctionnement du Site. Ils permettent au centre de m\u00e9decine esth\u00e9tique YEMAK SANTE BEAUTE notamment de reconna\u00eetre<\/p>","protected":false},"author":2,"featured_media":0,"parent":0,"menu_order":0,"comment_status":"closed","ping_status":"open","template":"","meta":{"_seopress_robots_primary_cat":"","_seopress_titles_title":"","_seopress_titles_desc":"","_seopress_robots_index":"","ocean_post_layout":"","ocean_both_sidebars_style":"","ocean_both_sidebars_content_width":0,"ocean_both_sidebars_sidebars_width":0,"ocean_sidebar":"","ocean_second_sidebar":"","ocean_disable_margins":"enable","ocean_add_body_class":"","ocean_shortcode_before_top_bar":"","ocean_shortcode_after_top_bar":"","ocean_shortcode_before_header":"","ocean_shortcode_after_header":"","ocean_has_shortcode":"","ocean_shortcode_after_title":"","ocean_shortcode_before_footer_widgets":"","ocean_shortcode_after_footer_widgets":"","ocean_shortcode_before_footer_bottom":"","ocean_shortcode_after_footer_bottom":"","ocean_display_top_bar":"default","ocean_display_header":"default","ocean_header_style":"","ocean_center_header_left_menu":"","ocean_custom_header_template":"","ocean_custom_logo":0,"ocean_custom_retina_logo":0,"ocean_custom_logo_max_width":0,"ocean_custom_logo_tablet_max_width":0,"ocean_custom_logo_mobile_max_width":0,"ocean_custom_logo_max_height":0,"ocean_custom_logo_tablet_max_height":0,"ocean_custom_logo_mobile_max_height":0,"ocean_header_custom_menu":"","ocean_menu_typo_font_family":"","ocean_menu_typo_font_subset":"","ocean_menu_typo_font_size":0,"ocean_menu_typo_font_size_tablet":0,"ocean_menu_typo_font_size_mobile":0,"ocean_menu_typo_font_size_unit":"px","ocean_menu_typo_font_weight":"","ocean_menu_typo_font_weight_tablet":"","ocean_menu_typo_font_weight_mobile":"","ocean_menu_typo_transform":"","ocean_menu_typo_transform_tablet":"","ocean_menu_typo_transform_mobile":"","ocean_menu_typo_line_height":0,"ocean_menu_typo_line_height_tablet":0,"ocean_menu_typo_line_height_mobile":0,"ocean_menu_typo_line_height_unit":"","ocean_menu_typo_spacing":0,"ocean_menu_typo_spacing_tablet":0,"ocean_menu_typo_spacing_mobile":0,"ocean_menu_typo_spacing_unit":"","ocean_menu_link_color":"","ocean_menu_link_color_hover":"","ocean_menu_link_color_active":"","ocean_menu_link_background":"","ocean_menu_link_hover_background":"","ocean_menu_link_active_background":"","ocean_menu_social_links_bg":"","ocean_menu_social_hover_links_bg":"","ocean_menu_social_links_color":"","ocean_menu_social_hover_links_color":"","ocean_disable_title":"default","ocean_disable_heading":"default","ocean_post_title":"","ocean_post_subheading":"","ocean_post_title_style":"","ocean_post_title_background_color":"","ocean_post_title_background":0,"ocean_post_title_bg_image_position":"","ocean_post_title_bg_image_attachment":"","ocean_post_title_bg_image_repeat":"","ocean_post_title_bg_image_size":"","ocean_post_title_height":0,"ocean_post_title_bg_overlay":0.5,"ocean_post_title_bg_overlay_color":"","ocean_disable_breadcrumbs":"default","ocean_breadcrumbs_color":"","ocean_breadcrumbs_separator_color":"","ocean_breadcrumbs_links_color":"","ocean_breadcrumbs_links_hover_color":"","ocean_display_footer_widgets":"default","ocean_display_footer_bottom":"default","ocean_custom_footer_template":"","omw_enable_modal_window":"enable","footnotes":""},"class_list":["post-3","page","type-page","status-publish","hentry","entry","owp-thumbs-layout-horizontal","owp-btn-normal","owp-tabs-layout-horizontal","has-no-thumbnails","has-product-nav"],"jetpack_sharing_enabled":true,"_links":{"self":[{"href":"https:\/\/yemackmodif.koluka.us\/en\/wp-json\/wp\/v2\/pages\/3","targetHints":{"allow":["GET"]}}],"collection":[{"href":"https:\/\/yemackmodif.koluka.us\/en\/wp-json\/wp\/v2\/pages"}],"about":[{"href":"https:\/\/yemackmodif.koluka.us\/en\/wp-json\/wp\/v2\/types\/page"}],"author":[{"embeddable":true,"href":"https:\/\/yemackmodif.koluka.us\/en\/wp-json\/wp\/v2\/users\/2"}],"replies":[{"embeddable":true,"href":"https:\/\/yemackmodif.koluka.us\/en\/wp-json\/wp\/v2\/comments?post=3"}],"version-history":[{"count":3,"href":"https:\/\/yemackmodif.koluka.us\/en\/wp-json\/wp\/v2\/pages\/3\/revisions"}],"predecessor-version":[{"id":3253,"href":"https:\/\/yemackmodif.koluka.us\/en\/wp-json\/wp\/v2\/pages\/3\/revisions\/3253"}],"wp:attachment":[{"href":"https:\/\/yemackmodif.koluka.us\/en\/wp-json\/wp\/v2\/media?parent=3"}],"curies":[{"name":"wp","href":"https:\/\/api.w.org\/{rel}","templated":true}]}}