{"id":3254,"date":"2026-01-21T17:41:08","date_gmt":"2026-01-21T16:41:08","guid":{"rendered":"https:\/\/yemackmodif.koluka.us\/?page_id=3254"},"modified":"2026-01-21T17:42:24","modified_gmt":"2026-01-21T16:42:24","slug":"mentions-legales","status":"publish","type":"page","link":"https:\/\/yemackmodif.koluka.us\/en\/mentions-legales\/","title":{"rendered":"Mentions legales"},"content":{"rendered":"<div data-elementor-type=\"wp-post\" data-elementor-id=\"3254\" class=\"elementor elementor-3254\">\n\t\t\t\t\t\t<section class=\"elementor-section elementor-top-section elementor-element elementor-element-qfwcgay elementor-section-boxed elementor-section-height-default elementor-section-height-default wpr-particle-no wpr-jarallax-no wpr-parallax-no wpr-sticky-section-no\" data-id=\"qfwcgay\" data-element_type=\"section\" data-e-type=\"section\">\n\t\t\t\t\t\t<div class=\"elementor-container elementor-column-gap-default\">\n\t\t\t\t\t<div class=\"elementor-column elementor-col-100 elementor-top-column elementor-element elementor-element-oyyyslh\" data-id=\"oyyyslh\" data-element_type=\"column\" data-e-type=\"column\">\n\t\t\t<div class=\"elementor-widget-wrap elementor-element-populated\">\n\t\t\t\t\t\t<div class=\"elementor-element elementor-element-dipupel elementor-widget-divider--view-line elementor-widget elementor-widget-divider\" data-id=\"dipupel\" data-element_type=\"widget\" data-e-type=\"widget\" data-widget_type=\"divider.default\">\n\t\t\t\t\t\t\t<div class=\"elementor-divider\">\n\t\t\t<span class=\"elementor-divider-separator\">\n\t\t\t\t\t\t<\/span>\n\t\t<\/div>\n\t\t\t\t\t\t<\/div>\n\t\t\t\t\t<\/div>\n\t\t<\/div>\n\t\t\t\t\t<\/div>\n\t\t<\/section>\n\t\t\t\t<section class=\"elementor-section elementor-top-section elementor-element elementor-element-odekghf elementor-section-content-middle elementor-section-boxed elementor-section-height-default elementor-section-height-default wpr-particle-no wpr-jarallax-no wpr-parallax-no wpr-sticky-section-no\" data-id=\"odekghf\" data-element_type=\"section\" data-e-type=\"section\">\n\t\t\t\t\t\t<div class=\"elementor-container elementor-column-gap-default\">\n\t\t\t\t\t<div class=\"elementor-column elementor-col-100 elementor-top-column elementor-element elementor-element-nqzkdoo\" data-id=\"nqzkdoo\" data-element_type=\"column\" data-e-type=\"column\">\n\t\t\t<div class=\"elementor-widget-wrap elementor-element-populated\">\n\t\t\t\t\t\t<div class=\"elementor-element elementor-element-hvynxle elementor-widget elementor-widget-text-editor\" data-id=\"hvynxle\" data-element_type=\"widget\" data-e-type=\"widget\" data-widget_type=\"text-editor.default\">\n\t\t\t\t\t\t\t\t\t<h2>Introduction<\/h2><p>Le site Internet http:\/\/www.crpce.com\/ est un site d\u2019information et de communication externe. Sous r\u00e9serve d\u2019\u00eatre conforme \u00e0 la dispense n\u00b07 (D\u00e9lib\u00e9ration n\u00b02006-138 du 9 mai 2006 d\u00e9cidant de la dispense de d\u00e9claration des traitements constitu\u00e9s \u00e0 des fins d\u2019information ou de communication externe), il est dispens\u00e9 de d\u00e9claration \u00e0 la CNIL.<\/p><h2>Cr\u00e9dits et r\u00e9alisation<\/h2><p>Conception et r\u00e9alisation : L\u2019agence\u00a0 Bridh<\/p><h2>Conditions g\u00e9n\u00e9rales d\u2019utilisation du site<\/h2><p>Le centre de m\u00e9decine esth\u00e9tique YEMAK SANTE BEAUTE a ouvert le site \u201dhttps:\/\/www.yemaksantebeaute.com\/\u201d pour l\u2019information personnelle de ses utilisateurs. Votre utilisation du site est soumise au respect des conditions g\u00e9n\u00e9rales et mentions l\u00e9gales d\u2019acc\u00e8s et d\u2019utilisation d\u00e9taill\u00e9es ci-dessous et de l\u2019ensemble des lois applicables. Lorsque vous acc\u00e9dez au site et que vous le parcourez et l\u2019utilisez, vous acceptez sans r\u00e9serve les conditions g\u00e9n\u00e9rales et mentions l\u00e9gales.<\/p><p>Le centre de m\u00e9decine esth\u00e9tique YEMAK SANTE BEAUTE, dont le si\u00e8ge social est situ\u00e9 \u00e0 l\u2019adresse suivante :<\/p><ul><li>61 avenue Franklin D.Roosevelt<\/li><li>75008 Paris<\/li><li>T\u00e9l\u00e9phone : 01 53 77 25 88<\/li><\/ul><p>Ce site web est \u00e9dit\u00e9 par : Le centre de m\u00e9decine esth\u00e9tique YEMAK SANTE BEAUTE<\/p><h2>H\u00e9bergement<\/h2><p>Ce site est h\u00e9berg\u00e9 par la soci\u00e9t\u00e9 ex2 que vous pouvez contacter aux coordonn\u00e9es suivantes :<\/p><h2>Droits de propri\u00e9t\u00e9 intellectuelle<\/h2><p>Le pr\u00e9sent site constitue une \u0153uvre dont le centre de m\u00e9decine esth\u00e9tique est l\u2019auteur au sens des articles L. 111.1 et suivants du Code de la propri\u00e9t\u00e9 intellectuelle. La conception et le d\u00e9veloppement dudit site ayant \u00e9t\u00e9 r\u00e9alis\u00e9s par l\u2019agence Bridh.<\/p><p>Les photographies, textes, slogans, dessins, images, s\u00e9quences anim\u00e9es sonores ou non ainsi que toutes \u0153uvres int\u00e9gr\u00e9s dans le site sont la propri\u00e9t\u00e9 du centre de m\u00e9decine esth\u00e9tique YEMAK SANTE BEAUTE ou de tiers ayant autoris\u00e9 le centre de m\u00e9decine esth\u00e9tique YEMAK SANTE BEAUTE \u00e0 les utiliser.<\/p><p>Les reproductions, sur un support papier ou informatique, dudit site et des \u0153uvres qui y sont reproduits sont autoris\u00e9es sous r\u00e9serve qu\u2019elles soient strictement r\u00e9serv\u00e9es \u00e0 un usage personnel excluant tout usage \u00e0 des fins publicitaires et\/ou commerciales et\/ou d\u2019information et\/ou qu\u2019elles soient conformes aux dispositions de l\u2019article L122-5 du Code de la Propri\u00e9t\u00e9 Intellectuelle.<\/p><p>A l\u2019exception des dispositions ci-dessus, toute reproduction, repr\u00e9sentation, utilisation ou modification, par quelque proc\u00e9d\u00e9 que ce soit et sur quelque support que ce soit, de tout ou partie du site, de tout ou partie des diff\u00e9rentes \u0153uvres qui le composent, sans avoir obtenu l\u2019autorisation pr\u00e9alable du centre de m\u00e9decine esth\u00e9tique YEMAK SANTE BEAUTE est strictement interdite et constitue un d\u00e9lit de contrefa\u00e7on puni de trois ans d\u2019emprisonnement et de 300.000 Euros d\u2019amende.<\/p><h2>Donn\u00e9es personnelles et autres donn\u00e9es<\/h2><p>Vous pouvez consulter ce site sans r\u00e9v\u00e9ler votre identit\u00e9 ou donner la moindre information vous concernant.<\/p><p>Dans un souci particulier de transparence et de protection de vos droits, YEMAK SANTE BEAUTE ne se procurera pas des informations permettant de vous identifier personnellement, sauf \u00e0 ce que vous nous les communiquiez en remplissant les formulaires ou tout autres documents t\u00e9l\u00e9chargeables sur le site, et en nous l\u2019adressant par courrier.<\/p><p>Les informations que vous nous communiquerez seront consid\u00e9r\u00e9es comme confidentielles et sont exclusivement destin\u00e9es \u00e0 YEMAK SANTE BEAUTE. Aucune exploitation commerciale, m\u00eame partielle, des donn\u00e9es recueillies ne pourra \u00eatre effectu\u00e9e.<\/p><p>Conform\u00e9ment \u00e0 l\u2019article 34 de la Loi \u201d Informatique et Libert\u00e9s \u201d n\u00b078-17 du 6 janvier 1978, vous disposez d\u2019un droit d\u2019acc\u00e8s, de modification, de rectification et de suppression des donn\u00e9es vous concernant. Pour exercer ce droit, contactez-nous par e-mail \u00e0 l\u2019adresse :\u00a0ou par courrier \u00e0 l\u2019adresse ci-dessous :<\/p><h2>Liens hypertextes<\/h2><p>YEMAK SANTE BEAUTE ne peut en aucun cas \u00eatre tenu pour responsable de la mise \u00e0 disposition des sites qui font l\u2019objet d\u2019un lien hypertexte \u00e0 partir du site https:\/\/www.yemaksantebeaute.com\/. et ne peut supporter aucune responsabilit\u00e9 sur le contenu, les produits, les services, etc. disponibles sur ces sites ou \u00e0 partir de ces sites.<\/p><h2>Limitation de responsabilit\u00e9<\/h2><p>L\u2019utilisateur utilise le site \u00e0 ses seuls risques. En aucun cas, YEMAK SANTE BEAUTE ne pourra \u00eatre tenu responsable des dommages directs ou indirects, et notamment pr\u00e9judice mat\u00e9riel, perte de donn\u00e9es ou de programme, pr\u00e9judice financier, r\u00e9sultant de l\u2019acc\u00e8s ou de l\u2019utilisation de ce site ou de tous sites qui lui sont li\u00e9s. Le contenu du site est pr\u00e9sent\u00e9 sans aucune garantie de quelque nature que ce soit.<\/p><h2>Droit applicable<\/h2><p>Les pr\u00e9sentes conditions g\u00e9n\u00e9rales et mentions l\u00e9gales sont soumises au droit interne fran\u00e7ais. La langue des conditions g\u00e9n\u00e9rales et mentions l\u00e9gales est la langue fran\u00e7aise. En cas de litige, les tribunaux fran\u00e7ais seront seuls comp\u00e9tents.<\/p><h2>Mise \u00e0 jour des conditions g\u00e9n\u00e9rales et mentions l\u00e9gales<\/h2><p>YEMAK SANTE BEAUTE se r\u00e9serve le droit de modifier et mettre \u00e0 jour \u00e0 tout moment les pr\u00e9sentes mises \u00e0 jour des conditions g\u00e9n\u00e9rales et mentions l\u00e9gales.<\/p><p>Tous droits r\u00e9serv\u00e9s \u00e0 YEMAK SANTE BEAUTE<\/p>\t\t\t\t\t\t\t\t<\/div>\n\t\t\t\t\t<\/div>\n\t\t<\/div>\n\t\t\t\t\t<\/div>\n\t\t<\/section>\n\t\t\t\t<\/div>","protected":false},"excerpt":{"rendered":"<p>Introduction Le site Internet http:\/\/www.crpce.com\/ est un site d\u2019information et de communication externe. Sous r\u00e9serve d\u2019\u00eatre conforme \u00e0 la dispense n\u00b07 (D\u00e9lib\u00e9ration n\u00b02006-138 du 9 mai 2006 d\u00e9cidant de la dispense de d\u00e9claration des traitements constitu\u00e9s \u00e0 des fins d\u2019information ou de communication externe), il est dispens\u00e9 de d\u00e9claration \u00e0 la CNIL. Cr\u00e9dits et r\u00e9alisation Conception et r\u00e9alisation : L\u2019agence\u00a0 Bridh Conditions g\u00e9n\u00e9rales d\u2019utilisation du site Le centre de m\u00e9decine esth\u00e9tique YEMAK SANTE BEAUTE a ouvert le site \u201dhttps:\/\/www.yemaksantebeaute.com\/\u201d pour l\u2019information personnelle de ses utilisateurs. Votre utilisation du site est soumise au respect des conditions g\u00e9n\u00e9rales et mentions l\u00e9gales d\u2019acc\u00e8s et d\u2019utilisation d\u00e9taill\u00e9es ci-dessous et de l\u2019ensemble des lois applicables. Lorsque vous acc\u00e9dez au site et que vous le parcourez et l\u2019utilisez, vous acceptez sans r\u00e9serve les conditions g\u00e9n\u00e9rales et mentions l\u00e9gales. Le centre de m\u00e9decine esth\u00e9tique YEMAK SANTE BEAUTE, dont le si\u00e8ge social est situ\u00e9 \u00e0 l\u2019adresse suivante : 61 avenue Franklin D.Roosevelt 75008 Paris T\u00e9l\u00e9phone : 01 53 77 25 88 Ce site web est \u00e9dit\u00e9 par : Le centre de m\u00e9decine esth\u00e9tique YEMAK SANTE BEAUTE H\u00e9bergement Ce site est h\u00e9berg\u00e9 par la soci\u00e9t\u00e9 ex2 que vous pouvez contacter aux coordonn\u00e9es suivantes : Droits de propri\u00e9t\u00e9 intellectuelle Le pr\u00e9sent site constitue une \u0153uvre dont le centre de m\u00e9decine esth\u00e9tique est l\u2019auteur au sens des articles L. 111.1 et suivants du Code de la propri\u00e9t\u00e9 intellectuelle. La conception et le d\u00e9veloppement dudit site ayant \u00e9t\u00e9 r\u00e9alis\u00e9s par l\u2019agence Bridh. Les photographies, textes, slogans, dessins, images, s\u00e9quences anim\u00e9es sonores ou non ainsi que toutes \u0153uvres int\u00e9gr\u00e9s dans le site sont la propri\u00e9t\u00e9 du centre de m\u00e9decine esth\u00e9tique YEMAK SANTE BEAUTE ou de tiers ayant autoris\u00e9 le centre de m\u00e9decine esth\u00e9tique YEMAK SANTE BEAUTE \u00e0 les utiliser. Les reproductions, sur un support papier ou informatique, dudit site et des \u0153uvres qui y sont reproduits sont autoris\u00e9es sous r\u00e9serve qu\u2019elles soient strictement r\u00e9serv\u00e9es \u00e0 un usage personnel excluant tout usage \u00e0 des fins publicitaires et\/ou commerciales et\/ou d\u2019information et\/ou qu\u2019elles soient conformes aux dispositions de l\u2019article L122-5 du Code de la Propri\u00e9t\u00e9 Intellectuelle. A l\u2019exception des dispositions ci-dessus, toute reproduction, repr\u00e9sentation, utilisation ou modification, par quelque proc\u00e9d\u00e9 que ce soit et sur quelque support que ce soit, de tout ou partie du site, de tout ou partie des diff\u00e9rentes \u0153uvres qui le composent, sans avoir obtenu l\u2019autorisation pr\u00e9alable du centre de m\u00e9decine esth\u00e9tique YEMAK SANTE BEAUTE est strictement interdite et constitue un d\u00e9lit de contrefa\u00e7on puni de trois ans d\u2019emprisonnement et de 300.000 Euros d\u2019amende. Donn\u00e9es personnelles et autres donn\u00e9es Vous pouvez consulter ce site sans r\u00e9v\u00e9ler votre identit\u00e9 ou donner la moindre information vous concernant. Dans un souci particulier de transparence et de protection de vos droits, YEMAK SANTE BEAUTE ne se procurera pas des informations permettant de vous identifier personnellement, sauf \u00e0 ce que vous nous les communiquiez en remplissant les formulaires ou tout autres documents t\u00e9l\u00e9chargeables sur le site, et en nous l\u2019adressant par courrier. Les informations que vous nous communiquerez seront consid\u00e9r\u00e9es comme confidentielles et sont exclusivement destin\u00e9es \u00e0 YEMAK SANTE BEAUTE. Aucune exploitation commerciale, m\u00eame partielle, des donn\u00e9es recueillies ne pourra \u00eatre effectu\u00e9e. Conform\u00e9ment \u00e0 l\u2019article 34 de la Loi \u201d Informatique et Libert\u00e9s \u201d n\u00b078-17 du 6 janvier 1978, vous disposez d\u2019un droit d\u2019acc\u00e8s, de modification, de rectification et de suppression des donn\u00e9es vous concernant. Pour exercer ce droit, contactez-nous par e-mail \u00e0 l\u2019adresse :\u00a0ou par courrier \u00e0 l\u2019adresse ci-dessous : Liens hypertextes YEMAK SANTE BEAUTE ne peut en aucun cas \u00eatre tenu pour responsable de la mise \u00e0 disposition des sites qui font l\u2019objet d\u2019un lien hypertexte \u00e0 partir du site https:\/\/www.yemaksantebeaute.com\/. et ne peut supporter aucune responsabilit\u00e9 sur le contenu, les produits, les services, etc. disponibles sur ces sites ou \u00e0 partir de ces sites. Limitation de responsabilit\u00e9 L\u2019utilisateur utilise le site \u00e0 ses seuls risques. En aucun cas, YEMAK SANTE BEAUTE ne pourra \u00eatre tenu responsable des dommages directs ou indirects, et notamment pr\u00e9judice mat\u00e9riel, perte de donn\u00e9es ou de programme, pr\u00e9judice financier, r\u00e9sultant de l\u2019acc\u00e8s ou de l\u2019utilisation de ce site ou de tous sites qui lui sont li\u00e9s. Le contenu du site est pr\u00e9sent\u00e9 sans aucune garantie de quelque nature que ce soit. Droit applicable Les pr\u00e9sentes conditions g\u00e9n\u00e9rales et mentions l\u00e9gales sont soumises au droit interne fran\u00e7ais. La langue des conditions g\u00e9n\u00e9rales et mentions l\u00e9gales est la langue fran\u00e7aise. En cas de litige, les tribunaux fran\u00e7ais seront seuls comp\u00e9tents. Mise \u00e0 jour des conditions g\u00e9n\u00e9rales et mentions l\u00e9gales YEMAK SANTE BEAUTE se r\u00e9serve le droit de modifier et mettre \u00e0 jour \u00e0 tout moment les pr\u00e9sentes mises \u00e0 jour des conditions g\u00e9n\u00e9rales et mentions l\u00e9gales. Tous droits r\u00e9serv\u00e9s \u00e0 YEMAK SANTE BEAUTE<\/p>","protected":false},"author":2,"featured_media":0,"parent":0,"menu_order":0,"comment_status":"closed","ping_status":"closed","template":"","meta":{"_seopress_robots_primary_cat":"","_seopress_titles_title":"","_seopress_titles_desc":"","_seopress_robots_index":"","ocean_post_layout":"full-width","ocean_both_sidebars_style":"","ocean_both_sidebars_content_width":0,"ocean_both_sidebars_sidebars_width":0,"ocean_sidebar":"","ocean_second_sidebar":"","ocean_disable_margins":"enable","ocean_add_body_class":"","ocean_shortcode_before_top_bar":"","ocean_shortcode_after_top_bar":"","ocean_shortcode_before_header":"","ocean_shortcode_after_header":"","ocean_has_shortcode":"","ocean_shortcode_after_title":"","ocean_shortcode_before_footer_widgets":"","ocean_shortcode_after_footer_widgets":"","ocean_shortcode_before_footer_bottom":"","ocean_shortcode_after_footer_bottom":"","ocean_display_top_bar":"default","ocean_display_header":"default","ocean_header_style":"","ocean_center_header_left_menu":"","ocean_custom_header_template":"","ocean_custom_logo":0,"ocean_custom_retina_logo":0,"ocean_custom_logo_max_width":0,"ocean_custom_logo_tablet_max_width":0,"ocean_custom_logo_mobile_max_width":0,"ocean_custom_logo_max_height":0,"ocean_custom_logo_tablet_max_height":0,"ocean_custom_logo_mobile_max_height":0,"ocean_header_custom_menu":"","ocean_menu_typo_font_family":"","ocean_menu_typo_font_subset":"","ocean_menu_typo_font_size":0,"ocean_menu_typo_font_size_tablet":0,"ocean_menu_typo_font_size_mobile":0,"ocean_menu_typo_font_size_unit":"px","ocean_menu_typo_font_weight":"","ocean_menu_typo_font_weight_tablet":"","ocean_menu_typo_font_weight_mobile":"","ocean_menu_typo_transform":"","ocean_menu_typo_transform_tablet":"","ocean_menu_typo_transform_mobile":"","ocean_menu_typo_line_height":0,"ocean_menu_typo_line_height_tablet":0,"ocean_menu_typo_line_height_mobile":0,"ocean_menu_typo_line_height_unit":"","ocean_menu_typo_spacing":0,"ocean_menu_typo_spacing_tablet":0,"ocean_menu_typo_spacing_mobile":0,"ocean_menu_typo_spacing_unit":"","ocean_menu_link_color":"","ocean_menu_link_color_hover":"","ocean_menu_link_color_active":"","ocean_menu_link_background":"","ocean_menu_link_hover_background":"","ocean_menu_link_active_background":"","ocean_menu_social_links_bg":"","ocean_menu_social_hover_links_bg":"","ocean_menu_social_links_color":"","ocean_menu_social_hover_links_color":"","ocean_disable_title":"on","ocean_disable_heading":"default","ocean_post_title":"","ocean_post_subheading":"","ocean_post_title_style":"","ocean_post_title_background_color":"","ocean_post_title_background":0,"ocean_post_title_bg_image_position":"","ocean_post_title_bg_image_attachment":"","ocean_post_title_bg_image_repeat":"","ocean_post_title_bg_image_size":"","ocean_post_title_height":0,"ocean_post_title_bg_overlay":0.5,"ocean_post_title_bg_overlay_color":"","ocean_disable_breadcrumbs":"default","ocean_breadcrumbs_color":"","ocean_breadcrumbs_separator_color":"","ocean_breadcrumbs_links_color":"","ocean_breadcrumbs_links_hover_color":"","ocean_display_footer_widgets":"default","ocean_display_footer_bottom":"default","ocean_custom_footer_template":"","omw_enable_modal_window":"enable","footnotes":""},"class_list":["post-3254","page","type-page","status-publish","hentry","entry","owp-thumbs-layout-horizontal","owp-btn-normal","owp-tabs-layout-horizontal","has-no-thumbnails","has-product-nav"],"jetpack_sharing_enabled":true,"_links":{"self":[{"href":"https:\/\/yemackmodif.koluka.us\/en\/wp-json\/wp\/v2\/pages\/3254","targetHints":{"allow":["GET"]}}],"collection":[{"href":"https:\/\/yemackmodif.koluka.us\/en\/wp-json\/wp\/v2\/pages"}],"about":[{"href":"https:\/\/yemackmodif.koluka.us\/en\/wp-json\/wp\/v2\/types\/page"}],"author":[{"embeddable":true,"href":"https:\/\/yemackmodif.koluka.us\/en\/wp-json\/wp\/v2\/users\/2"}],"replies":[{"embeddable":true,"href":"https:\/\/yemackmodif.koluka.us\/en\/wp-json\/wp\/v2\/comments?post=3254"}],"version-history":[{"count":4,"href":"https:\/\/yemackmodif.koluka.us\/en\/wp-json\/wp\/v2\/pages\/3254\/revisions"}],"predecessor-version":[{"id":3258,"href":"https:\/\/yemackmodif.koluka.us\/en\/wp-json\/wp\/v2\/pages\/3254\/revisions\/3258"}],"wp:attachment":[{"href":"https:\/\/yemackmodif.koluka.us\/en\/wp-json\/wp\/v2\/media?parent=3254"}],"curies":[{"name":"wp","href":"https:\/\/api.w.org\/{rel}","templated":true}]}}