{"id":3460,"date":"2026-01-28T13:26:03","date_gmt":"2026-01-28T12:26:03","guid":{"rendered":"https:\/\/yemackmodif.koluka.us\/?page_id=3460"},"modified":"2026-01-28T14:45:37","modified_gmt":"2026-01-28T13:45:37","slug":"star-epil-laser","status":"publish","type":"page","link":"https:\/\/yemackmodif.koluka.us\/en\/star-epil-laser\/","title":{"rendered":"STAR EPIL LASER"},"content":{"rendered":"<div data-elementor-type=\"wp-post\" data-elementor-id=\"3460\" class=\"elementor elementor-3460\">\n\t\t\t\t<div class=\"elementor-element elementor-element-000ee7d e-flex e-con-boxed wpr-particle-no wpr-jarallax-no wpr-parallax-no wpr-sticky-section-no e-con e-parent\" data-id=\"000ee7d\" data-element_type=\"container\" data-e-type=\"container\">\n\t\t\t\t\t<div class=\"e-con-inner\">\n\t\t\t\t<div class=\"elementor-element elementor-element-9f0a7af elementor-widget elementor-widget-spacer\" data-id=\"9f0a7af\" data-element_type=\"widget\" data-e-type=\"widget\" data-widget_type=\"spacer.default\">\n\t\t\t\t\t\t\t<div class=\"elementor-spacer\">\n\t\t\t<div class=\"elementor-spacer-inner\"><\/div>\n\t\t<\/div>\n\t\t\t\t\t\t<\/div>\n\t\t\t\t\t<\/div>\n\t\t\t\t<\/div>\n\t\t<div class=\"elementor-element elementor-element-dd997d8 e-flex e-con-boxed wpr-particle-no wpr-jarallax-no wpr-parallax-no wpr-sticky-section-no e-con e-parent\" data-id=\"dd997d8\" data-element_type=\"container\" data-e-type=\"container\">\n\t\t\t\t\t<div class=\"e-con-inner\">\n\t\t\t\t<div class=\"elementor-element elementor-element-4996f88 elementor-widget elementor-widget-image\" data-id=\"4996f88\" data-element_type=\"widget\" data-e-type=\"widget\" data-widget_type=\"image.default\">\n\t\t\t\t\t\t\t\t\t\t\t\t\t\t\t<img alt=\"\" fetchpriority=\"high\" decoding=\"async\" width=\"1024\" height=\"1024\" src=\"https:\/\/yemackmodif.koluka.us\/wp-content\/uploads\/2026\/01\/STAR-EPIL-LASER-1024x1024.jpg\" class=\"attachment-large size-large wp-image-3442\" srcset=\"https:\/\/yemackmodif.koluka.us\/wp-content\/uploads\/2026\/01\/STAR-EPIL-LASER-1024x1024.jpg 1024w, https:\/\/yemackmodif.koluka.us\/wp-content\/uploads\/2026\/01\/STAR-EPIL-LASER-300x300.jpg 300w, https:\/\/yemackmodif.koluka.us\/wp-content\/uploads\/2026\/01\/STAR-EPIL-LASER-150x150.jpg 150w, https:\/\/yemackmodif.koluka.us\/wp-content\/uploads\/2026\/01\/STAR-EPIL-LASER-768x768.jpg 768w, https:\/\/yemackmodif.koluka.us\/wp-content\/uploads\/2026\/01\/STAR-EPIL-LASER-12x12.jpg 12w, https:\/\/yemackmodif.koluka.us\/wp-content\/uploads\/2026\/01\/STAR-EPIL-LASER-600x600.jpg 600w, https:\/\/yemackmodif.koluka.us\/wp-content\/uploads\/2026\/01\/STAR-EPIL-LASER-100x100.jpg 100w, https:\/\/yemackmodif.koluka.us\/wp-content\/uploads\/2026\/01\/STAR-EPIL-LASER.jpg 1080w\" sizes=\"(max-width: 1024px) 100vw, 1024px\" \/>\t\t\t\t\t\t\t\t\t\t\t\t\t\t\t<\/div>\n\t\t\t\t\t<\/div>\n\t\t\t\t<\/div>\n\t\t<div class=\"elementor-element elementor-element-08516a1 e-flex e-con-boxed wpr-particle-no wpr-jarallax-no wpr-parallax-no wpr-sticky-section-no e-con e-parent\" data-id=\"08516a1\" data-element_type=\"container\" data-e-type=\"container\">\n\t\t\t\t\t<div class=\"e-con-inner\">\n\t\t\t\t<div class=\"elementor-element elementor-element-df60567 elementor-widget elementor-widget-text-editor\" data-id=\"df60567\" data-element_type=\"widget\" data-e-type=\"widget\" data-widget_type=\"text-editor.default\">\n\t\t\t\t\t\t\t\t\t<p data-start=\"77\" data-end=\"203\"><strong data-start=\"77\" data-end=\"203\">Venez d\u00e9couvrir l\u2019univers des appareils esth\u00e9tiques, appareils m\u00e9dico-esth\u00e9tiques, appareils de bien-\u00eatre, produits cosm\u00e9tiques professionnels\u00a0 au c\u0153ur de Yemak, votre centre m\u00e9dico-esth\u00e9tique et centre de distribution de produits professionnels<\/strong><strong data-start=\"77\" data-end=\"203\">.<\/strong><\/p><p data-start=\"205\" data-end=\"524\">Lib\u00e9rez-vous de la corv\u00e9e du rasage et de l\u2019\u00e9pilation ! Saviez-vous qu\u2019en moyenne, une femme se rase environ 11 500 fois les jambes au cours de sa vie ? Optez pour l\u2019\u00e9pilation laser chez\u00a0<strong data-start=\"392\" data-end=\"401\">Yemak<\/strong>, une solution rapide et durable qui vous permettra de gagner du temps et d\u2019\u00e9viter les tracas des m\u00e9thodes traditionnelles.<\/p><p data-start=\"526\" data-end=\"791\">L\u2019\u00e9pilation laser est une m\u00e9thode m\u00e9dicale \u00e9prouv\u00e9e offrant des r\u00e9sultats tr\u00e8s satisfaisants. \u00c0 la fin du traitement, jusqu\u2019\u00e0 90% des poils sont d\u00e9finitivement \u00e9limin\u00e9s. Les derniers 10%, plus fins, sont plus difficiles \u00e0 traiter mais peuvent \u00e9galement dispara\u00eetre.<\/p><p data-start=\"793\" data-end=\"1010\">Attention, ne confondez pas l\u2019\u00e9pilation laser avec l\u2019\u00e9pilation \u00e0 la lumi\u00e8re puls\u00e9e. Ces deux techniques sont bien diff\u00e9rentes, et l\u2019efficacit\u00e9 de l\u2019\u00e9pilation laser est incomparable gr\u00e2ce \u00e0 sa technologie plus avanc\u00e9e.<\/p><p data-start=\"1012\" data-end=\"1296\"><strong data-start=\"1012\" data-end=\"1021\">Yemak<\/strong>\u00a0est \u00e9quip\u00e9 des derni\u00e8res innovations pour offrir des r\u00e9sultats efficaces sur tous les types de peau, m\u00eame les plus fonc\u00e9es. Vous serez accueilli(e) dans une atmosph\u00e8re chaleureuse et pris en charge par notre \u00e9quipe professionnelle, form\u00e9e aux meilleures techniques de soins.<\/p><p data-start=\"1298\" data-end=\"1431\">Le m\u00e9decin et son infirmi\u00e8re vous offriront un suivi personnalis\u00e9 pour vous accompagner dans l\u2019atteinte de vos objectifs esth\u00e9tiques.<\/p>\t\t\t\t\t\t\t\t<\/div>\n\t\t\t\t\t<\/div>\n\t\t\t\t<\/div>\n\t\t<div class=\"elementor-element elementor-element-7b98d34 e-grid e-con-boxed wpr-particle-no wpr-jarallax-no wpr-parallax-no wpr-sticky-section-no e-con e-parent\" data-id=\"7b98d34\" data-element_type=\"container\" data-e-type=\"container\">\n\t\t\t\t\t<div class=\"e-con-inner\">\n\t\t\t\t<div class=\"elementor-element elementor-element-0ccd31f elementor-align-center elementor-widget elementor-widget-button\" data-id=\"0ccd31f\" data-element_type=\"widget\" data-e-type=\"widget\" data-widget_type=\"button.default\">\n\t\t\t\t\t\t\t\t\t\t<a class=\"elementor-button elementor-button-link elementor-size-sm\" href=\"https:\/\/yemackmodif.koluka.us\/en\/product\/star-epil-laser\/\">\n\t\t\t\t\t\t<span class=\"elementor-button-content-wrapper\">\n\t\t\t\t\t\t<span class=\"elementor-button-icon\">\n\t\t\t\t<svg class=\"ekit-svg-icon icon-buying-on-smartphone\" viewbox=\"0 0 32 32\" xmlns=\"http:\/\/www.w3.org\/2000\/svg\"><path d=\"M16.839 23.517v4.312h-15.359v-24.222h15.359v4.64h1.482v-5.888c0-1.173-0.958-2.129-2.129-2.129h-14.063c-1.173 0-2.129 0.957-2.129 2.129v27.28c0 1.173 0.957 2.129 2.129 2.129h14.062c1.171 0 2.129-0.956 2.129-2.129v-6.122h-1.481zM6.91 1.768h4.499c0.142 0 0.258 0.113 0.258 0.256 0 0.141-0.115 0.258-0.258 0.258h-4.499c-0.142 0-0.257-0.117-0.257-0.258 0-0.142 0.114-0.256 0.257-0.256zM9.159 30.706c-0.587 0-1.065-0.478-1.065-1.067 0-0.587 0.478-1.065 1.065-1.065 0.589 0 1.067 0.478 1.067 1.065-0.001 0.589-0.478 1.067-1.067 1.067zM23.801 22.213h-15.238l-2.804-12.591h17.145l-0.465 1.804h-14.432l2.002 8.985h12.345l3.102-14.044h6.544v1.802h-5.096l-3.102 14.043zM13.613 24.608c0 0.929-0.755 1.683-1.682 1.683-0.929 0-1.683-0.754-1.683-1.683 0-0.927 0.754-1.682 1.683-1.682s1.682 0.754 1.682 1.682zM22.411 24.608c0 0.929-0.754 1.683-1.683 1.683-0.927 0-1.682-0.754-1.682-1.683 0-0.927 0.754-1.682 1.682-1.682 0.929 0 1.683 0.754 1.683 1.682z\"><\/path><\/svg>\t\t\t<\/span>\n\t\t\t\t\t\t\t\t\t<span class=\"elementor-button-text\">Achet\u00e9 maintenant !<\/span>\n\t\t\t\t\t<\/span>\n\t\t\t\t\t<\/a>\n\t\t\t\t\t\t\t\t<\/div>\n\t\t\t\t<div class=\"elementor-element elementor-element-a373a7a elementor-align-center elementor-widget elementor-widget-button\" data-id=\"a373a7a\" data-element_type=\"widget\" data-e-type=\"widget\" data-widget_type=\"button.default\">\n\t\t\t\t\t\t\t\t\t\t<a class=\"elementor-button elementor-button-link elementor-size-sm\" href=\"https:\/\/yemackmodif.koluka.us\/en\/contact\/\">\n\t\t\t\t\t\t<span class=\"elementor-button-content-wrapper\">\n\t\t\t\t\t\t<span class=\"elementor-button-icon\">\n\t\t\t\t<svg aria-hidden=\"true\" class=\"e-font-icon-svg e-fas-hands-helping\" viewbox=\"0 0 640 512\" xmlns=\"http:\/\/www.w3.org\/2000\/svg\"><path d=\"M488 192H336v56c0 39.7-32.3 72-72 72s-72-32.3-72-72V126.4l-64.9 39C107.8 176.9 96 197.8 96 220.2v47.3l-80 46.2C.7 322.5-4.6 342.1 4.3 357.4l80 138.6c8.8 15.3 28.4 20.5 43.7 11.7L231.4 448H368c35.3 0 64-28.7 64-64h16c17.7 0 32-14.3 32-32v-64h8c13.3 0 24-10.7 24-24v-48c0-13.3-10.7-24-24-24zm147.7-37.4L555.7 16C546.9.7 527.3-4.5 512 4.3L408.6 64H306.4c-12 0-23.7 3.4-33.9 9.7L239 94.6c-9.4 5.8-15 16.1-15 27.1V248c0 22.1 17.9 40 40 40s40-17.9 40-40v-88h184c30.9 0 56 25.1 56 56v28.5l80-46.2c15.3-8.9 20.5-28.4 11.7-43.7z\"><\/path><\/svg>\t\t\t<\/span>\n\t\t\t\t\t\t\t\t\t<span class=\"elementor-button-text\">reservez une seance !<\/span>\n\t\t\t\t\t<\/span>\n\t\t\t\t\t<\/a>\n\t\t\t\t\t\t\t\t<\/div>\n\t\t\t\t\t<\/div>\n\t\t\t\t<\/div>\n\t\t\t\t<\/div>","protected":false},"excerpt":{"rendered":"<p>Venez d\u00e9couvrir l\u2019univers des appareils esth\u00e9tiques, appareils m\u00e9dico-esth\u00e9tiques, appareils de bien-\u00eatre, produits cosm\u00e9tiques professionnels\u00a0 au c\u0153ur de Yemak, votre centre m\u00e9dico-esth\u00e9tique et centre de distribution de produits professionnels. Lib\u00e9rez-vous de la corv\u00e9e du rasage et de l\u2019\u00e9pilation ! Saviez-vous qu\u2019en moyenne, une femme se rase environ 11 500 fois les jambes au cours de sa vie ? Optez pour l\u2019\u00e9pilation laser chez\u00a0Yemak, une solution rapide et durable qui vous permettra de gagner du temps et d\u2019\u00e9viter les tracas des m\u00e9thodes traditionnelles. L\u2019\u00e9pilation laser est une m\u00e9thode m\u00e9dicale \u00e9prouv\u00e9e offrant des r\u00e9sultats tr\u00e8s satisfaisants. \u00c0 la fin du traitement, jusqu\u2019\u00e0 90% des poils sont d\u00e9finitivement \u00e9limin\u00e9s. Les derniers 10%, plus fins, sont plus difficiles \u00e0 traiter mais peuvent \u00e9galement dispara\u00eetre. Attention, ne confondez pas l\u2019\u00e9pilation laser avec l\u2019\u00e9pilation \u00e0 la lumi\u00e8re puls\u00e9e. Ces deux techniques sont bien diff\u00e9rentes, et l\u2019efficacit\u00e9 de l\u2019\u00e9pilation laser est incomparable gr\u00e2ce \u00e0 sa technologie plus avanc\u00e9e. Yemak\u00a0est \u00e9quip\u00e9 des derni\u00e8res innovations pour offrir des r\u00e9sultats efficaces sur tous les types de peau, m\u00eame les plus fonc\u00e9es. Vous serez accueilli(e) dans une atmosph\u00e8re chaleureuse et pris en charge par notre \u00e9quipe professionnelle, form\u00e9e aux meilleures techniques de soins. Le m\u00e9decin et son infirmi\u00e8re vous offriront un suivi personnalis\u00e9 pour vous accompagner dans l\u2019atteinte de vos objectifs esth\u00e9tiques. Achet\u00e9 maintenant ! reservez une seance !<\/p>","protected":false},"author":2,"featured_media":0,"parent":0,"menu_order":0,"comment_status":"closed","ping_status":"closed","template":"","meta":{"_seopress_robots_primary_cat":"","_seopress_titles_title":"","_seopress_titles_desc":"","_seopress_robots_index":"","ocean_post_layout":"full-width","ocean_both_sidebars_style":"","ocean_both_sidebars_content_width":0,"ocean_both_sidebars_sidebars_width":0,"ocean_sidebar":"","ocean_second_sidebar":"","ocean_disable_margins":"enable","ocean_add_body_class":"","ocean_shortcode_before_top_bar":"","ocean_shortcode_after_top_bar":"","ocean_shortcode_before_header":"","ocean_shortcode_after_header":"","ocean_has_shortcode":"","ocean_shortcode_after_title":"","ocean_shortcode_before_footer_widgets":"","ocean_shortcode_after_footer_widgets":"","ocean_shortcode_before_footer_bottom":"","ocean_shortcode_after_footer_bottom":"","ocean_display_top_bar":"default","ocean_display_header":"default","ocean_header_style":"","ocean_center_header_left_menu":"","ocean_custom_header_template":"","ocean_custom_logo":0,"ocean_custom_retina_logo":0,"ocean_custom_logo_max_width":0,"ocean_custom_logo_tablet_max_width":0,"ocean_custom_logo_mobile_max_width":0,"ocean_custom_logo_max_height":0,"ocean_custom_logo_tablet_max_height":0,"ocean_custom_logo_mobile_max_height":0,"ocean_header_custom_menu":"","ocean_menu_typo_font_family":"","ocean_menu_typo_font_subset":"","ocean_menu_typo_font_size":0,"ocean_menu_typo_font_size_tablet":0,"ocean_menu_typo_font_size_mobile":0,"ocean_menu_typo_font_size_unit":"px","ocean_menu_typo_font_weight":"","ocean_menu_typo_font_weight_tablet":"","ocean_menu_typo_font_weight_mobile":"","ocean_menu_typo_transform":"","ocean_menu_typo_transform_tablet":"","ocean_menu_typo_transform_mobile":"","ocean_menu_typo_line_height":0,"ocean_menu_typo_line_height_tablet":0,"ocean_menu_typo_line_height_mobile":0,"ocean_menu_typo_line_height_unit":"","ocean_menu_typo_spacing":0,"ocean_menu_typo_spacing_tablet":0,"ocean_menu_typo_spacing_mobile":0,"ocean_menu_typo_spacing_unit":"","ocean_menu_link_color":"","ocean_menu_link_color_hover":"","ocean_menu_link_color_active":"","ocean_menu_link_background":"","ocean_menu_link_hover_background":"","ocean_menu_link_active_background":"","ocean_menu_social_links_bg":"","ocean_menu_social_hover_links_bg":"","ocean_menu_social_links_color":"","ocean_menu_social_hover_links_color":"","ocean_disable_title":"on","ocean_disable_heading":"default","ocean_post_title":"","ocean_post_subheading":"","ocean_post_title_style":"","ocean_post_title_background_color":"","ocean_post_title_background":0,"ocean_post_title_bg_image_position":"","ocean_post_title_bg_image_attachment":"","ocean_post_title_bg_image_repeat":"","ocean_post_title_bg_image_size":"","ocean_post_title_height":0,"ocean_post_title_bg_overlay":0.5,"ocean_post_title_bg_overlay_color":"","ocean_disable_breadcrumbs":"default","ocean_breadcrumbs_color":"","ocean_breadcrumbs_separator_color":"","ocean_breadcrumbs_links_color":"","ocean_breadcrumbs_links_hover_color":"","ocean_display_footer_widgets":"default","ocean_display_footer_bottom":"default","ocean_custom_footer_template":"","omw_enable_modal_window":"enable","footnotes":""},"class_list":["post-3460","page","type-page","status-publish","hentry","entry","owp-thumbs-layout-horizontal","owp-btn-normal","owp-tabs-layout-horizontal","has-no-thumbnails","has-product-nav"],"jetpack_sharing_enabled":true,"_links":{"self":[{"href":"https:\/\/yemackmodif.koluka.us\/en\/wp-json\/wp\/v2\/pages\/3460","targetHints":{"allow":["GET"]}}],"collection":[{"href":"https:\/\/yemackmodif.koluka.us\/en\/wp-json\/wp\/v2\/pages"}],"about":[{"href":"https:\/\/yemackmodif.koluka.us\/en\/wp-json\/wp\/v2\/types\/page"}],"author":[{"embeddable":true,"href":"https:\/\/yemackmodif.koluka.us\/en\/wp-json\/wp\/v2\/users\/2"}],"replies":[{"embeddable":true,"href":"https:\/\/yemackmodif.koluka.us\/en\/wp-json\/wp\/v2\/comments?post=3460"}],"version-history":[{"count":7,"href":"https:\/\/yemackmodif.koluka.us\/en\/wp-json\/wp\/v2\/pages\/3460\/revisions"}],"predecessor-version":[{"id":3508,"href":"https:\/\/yemackmodif.koluka.us\/en\/wp-json\/wp\/v2\/pages\/3460\/revisions\/3508"}],"wp:attachment":[{"href":"https:\/\/yemackmodif.koluka.us\/en\/wp-json\/wp\/v2\/media?parent=3460"}],"curies":[{"name":"wp","href":"https:\/\/api.w.org\/{rel}","templated":true}]}}