{"id":3462,"date":"2026-01-28T13:26:57","date_gmt":"2026-01-28T12:26:57","guid":{"rendered":"https:\/\/yemackmodif.koluka.us\/?page_id=3462"},"modified":"2026-01-28T14:52:18","modified_gmt":"2026-01-28T13:52:18","slug":"hydraface-pro","status":"publish","type":"page","link":"https:\/\/yemackmodif.koluka.us\/en\/hydraface-pro\/","title":{"rendered":"HYDRAFACE PRO"},"content":{"rendered":"<div data-elementor-type=\"wp-post\" data-elementor-id=\"3462\" class=\"elementor elementor-3462\">\n\t\t\t\t<div class=\"elementor-element elementor-element-000ee7d e-flex e-con-boxed wpr-particle-no wpr-jarallax-no wpr-parallax-no wpr-sticky-section-no e-con e-parent\" data-id=\"000ee7d\" data-element_type=\"container\" data-e-type=\"container\">\n\t\t\t\t\t<div class=\"e-con-inner\">\n\t\t\t\t<div class=\"elementor-element elementor-element-9f0a7af elementor-widget elementor-widget-spacer\" data-id=\"9f0a7af\" data-element_type=\"widget\" data-e-type=\"widget\" data-widget_type=\"spacer.default\">\n\t\t\t\t\t\t\t<div class=\"elementor-spacer\">\n\t\t\t<div class=\"elementor-spacer-inner\"><\/div>\n\t\t<\/div>\n\t\t\t\t\t\t<\/div>\n\t\t\t\t\t<\/div>\n\t\t\t\t<\/div>\n\t\t<div class=\"elementor-element elementor-element-74cd9de e-flex e-con-boxed wpr-particle-no wpr-jarallax-no wpr-parallax-no wpr-sticky-section-no e-con e-parent\" data-id=\"74cd9de\" data-element_type=\"container\" data-e-type=\"container\">\n\t\t\t\t\t<div class=\"e-con-inner\">\n\t\t\t\t<div class=\"elementor-element elementor-element-323bbdd elementor-widget elementor-widget-image\" data-id=\"323bbdd\" data-element_type=\"widget\" data-e-type=\"widget\" data-widget_type=\"image.default\">\n\t\t\t\t\t\t\t\t\t\t\t\t\t\t\t<img alt=\"\" fetchpriority=\"high\" decoding=\"async\" width=\"1024\" height=\"1024\" src=\"https:\/\/yemackmodif.koluka.us\/wp-content\/uploads\/2026\/01\/HYDRAFACE-PRO-1024x1024.jpg\" class=\"attachment-large size-large wp-image-3443\" srcset=\"https:\/\/yemackmodif.koluka.us\/wp-content\/uploads\/2026\/01\/HYDRAFACE-PRO-1024x1024.jpg 1024w, https:\/\/yemackmodif.koluka.us\/wp-content\/uploads\/2026\/01\/HYDRAFACE-PRO-300x300.jpg 300w, https:\/\/yemackmodif.koluka.us\/wp-content\/uploads\/2026\/01\/HYDRAFACE-PRO-150x150.jpg 150w, https:\/\/yemackmodif.koluka.us\/wp-content\/uploads\/2026\/01\/HYDRAFACE-PRO-768x768.jpg 768w, https:\/\/yemackmodif.koluka.us\/wp-content\/uploads\/2026\/01\/HYDRAFACE-PRO-12x12.jpg 12w, https:\/\/yemackmodif.koluka.us\/wp-content\/uploads\/2026\/01\/HYDRAFACE-PRO-600x600.jpg 600w, https:\/\/yemackmodif.koluka.us\/wp-content\/uploads\/2026\/01\/HYDRAFACE-PRO-100x100.jpg 100w, https:\/\/yemackmodif.koluka.us\/wp-content\/uploads\/2026\/01\/HYDRAFACE-PRO.jpg 1080w\" sizes=\"(max-width: 1024px) 100vw, 1024px\" \/>\t\t\t\t\t\t\t\t\t\t\t\t\t\t\t<\/div>\n\t\t\t\t\t<\/div>\n\t\t\t\t<\/div>\n\t\t<div class=\"elementor-element elementor-element-fff8a50 e-flex e-con-boxed wpr-particle-no wpr-jarallax-no wpr-parallax-no wpr-sticky-section-no e-con e-parent\" data-id=\"fff8a50\" data-element_type=\"container\" data-e-type=\"container\">\n\t\t\t\t\t<div class=\"e-con-inner\">\n\t\t\t\t<div class=\"elementor-element elementor-element-93201a3 elementor-widget elementor-widget-text-editor\" data-id=\"93201a3\" data-element_type=\"widget\" data-e-type=\"widget\" data-widget_type=\"text-editor.default\">\n\t\t\t\t\t\t\t\t\t<p data-start=\"143\" data-end=\"226\"><strong data-start=\"143\" data-end=\"226\">R\u00e9v\u00e9lez la beaut\u00e9 naturelle de votre peau avec HydraFacial Pro chez Yemak !<\/strong><\/p><p data-start=\"228\" data-end=\"464\">Vous r\u00eavez d\u2019une peau \u00e9clatante, lisse et parfaitement hydrat\u00e9e ? Le traitement\u00a0<strong data-start=\"308\" data-end=\"327\">HydraFacial Pro<\/strong>\u00a0est la solution id\u00e9ale pour revitaliser votre teint, att\u00e9nuer les signes de vieillissement et redonner \u00e0 votre peau toute sa luminosit\u00e9.<\/p><p data-start=\"466\" data-end=\"500\"><strong data-start=\"466\" data-end=\"500\">Qu\u2019est-ce qu\u2019HydraFacial Pro ?<\/strong><\/p><p data-start=\"502\" data-end=\"805\">HydraFacial Pro est une technologie de pointe qui combine plusieurs \u00e9tapes essentielles pour offrir un soin complet et profond. Ce traitement r\u00e9volutionnaire nettoie, exfolie, extrait les impuret\u00e9s et hydrate la peau en profondeur, en utilisant des s\u00e9rums sp\u00e9cialis\u00e9s adapt\u00e9s \u00e0 vos besoins sp\u00e9cifiques.<\/p><p data-start=\"807\" data-end=\"860\"><strong data-start=\"807\" data-end=\"860\">Pourquoi choisir HydraFacial Pro chez Yemak ?<\/strong><\/p><ol data-start=\"862\" data-end=\"1742\"><li data-start=\"862\" data-end=\"1053\"><p data-start=\"865\" data-end=\"1053\"><strong data-start=\"865\" data-end=\"888\">R\u00e9sultats imm\u00e9diats<\/strong>\u00a0: D\u00e8s la premi\u00e8re s\u00e9ance, votre peau est plus lisse, plus lumineuse et parfaitement hydrat\u00e9e. Vous repartez avec un teint \u00e9clatant et un effet rajeunissant visible.<\/p><\/li><li data-start=\"1058\" data-end=\"1250\"><p data-start=\"1061\" data-end=\"1250\"><strong data-start=\"1061\" data-end=\"1096\">Adapt\u00e9 \u00e0 tous les types de peau<\/strong>\u00a0: Que vous ayez la peau s\u00e8che, grasse, sensible ou sujette \u00e0 l\u2019acn\u00e9, HydraFacial Pro s\u2019adapte \u00e0 vos besoins pour offrir un soin personnalis\u00e9 et efficace.<\/p><\/li><li data-start=\"1252\" data-end=\"1418\"><p data-start=\"1255\" data-end=\"1418\"><strong data-start=\"1255\" data-end=\"1289\">R\u00e9duction des rides et ridules<\/strong>\u00a0: HydraFacial Pro am\u00e9liore l\u2019apparence des rides et ridules, tout en raffermissant la peau pour un aspect plus jeune et tonifi\u00e9.<\/p><\/li><li data-start=\"1420\" data-end=\"1568\"><p data-start=\"1423\" data-end=\"1568\"><strong data-start=\"1423\" data-end=\"1450\">Nettoyage en profondeur<\/strong>\u00a0: Le traitement \u00e9limine les impuret\u00e9s et d\u00e9sobstrue les pores, r\u00e9duisant ainsi les risques d\u2019acn\u00e9 et de points noirs.<\/p><\/li><li data-start=\"1570\" data-end=\"1742\"><p data-start=\"1573\" data-end=\"1742\"><strong data-start=\"1573\" data-end=\"1608\">Sans douleur, sans r\u00e9cup\u00e9ration<\/strong>\u00a0: Ce soin non invasif ne n\u00e9cessite aucun temps d\u2019arr\u00eat, vous permettant de reprendre vos activit\u00e9s imm\u00e9diatement apr\u00e8s le traitement.<\/p><\/li><\/ol><p data-start=\"1744\" data-end=\"1955\">Chez\u00a0<strong data-start=\"1749\" data-end=\"1758\">Yemak<\/strong>, nous vous proposons un suivi personnalis\u00e9 et un accompagnement pour que chaque soin soit adapt\u00e9 \u00e0 vos attentes. Faites confiance \u00e0 notre expertise pour vous offrir une peau \u00e9clatante et rajeunie.<\/p>\t\t\t\t\t\t\t\t<\/div>\n\t\t\t\t\t<\/div>\n\t\t\t\t<\/div>\n\t\t<div class=\"elementor-element elementor-element-c5ae35d e-grid e-con-boxed wpr-particle-no wpr-jarallax-no wpr-parallax-no wpr-sticky-section-no e-con e-parent\" data-id=\"c5ae35d\" data-element_type=\"container\" data-e-type=\"container\">\n\t\t\t\t\t<div class=\"e-con-inner\">\n\t\t\t\t<div class=\"elementor-element elementor-element-1b3bf65 elementor-align-center elementor-widget elementor-widget-button\" data-id=\"1b3bf65\" data-element_type=\"widget\" data-e-type=\"widget\" data-widget_type=\"button.default\">\n\t\t\t\t\t\t\t\t\t\t<a class=\"elementor-button elementor-button-link elementor-size-sm\" href=\"https:\/\/yemackmodif.koluka.us\/en\/product\/lhydraface-pro\/\">\n\t\t\t\t\t\t<span class=\"elementor-button-content-wrapper\">\n\t\t\t\t\t\t<span class=\"elementor-button-icon\">\n\t\t\t\t<svg class=\"ekit-svg-icon icon-buying-on-smartphone\" viewbox=\"0 0 32 32\" xmlns=\"http:\/\/www.w3.org\/2000\/svg\"><path d=\"M16.839 23.517v4.312h-15.359v-24.222h15.359v4.64h1.482v-5.888c0-1.173-0.958-2.129-2.129-2.129h-14.063c-1.173 0-2.129 0.957-2.129 2.129v27.28c0 1.173 0.957 2.129 2.129 2.129h14.062c1.171 0 2.129-0.956 2.129-2.129v-6.122h-1.481zM6.91 1.768h4.499c0.142 0 0.258 0.113 0.258 0.256 0 0.141-0.115 0.258-0.258 0.258h-4.499c-0.142 0-0.257-0.117-0.257-0.258 0-0.142 0.114-0.256 0.257-0.256zM9.159 30.706c-0.587 0-1.065-0.478-1.065-1.067 0-0.587 0.478-1.065 1.065-1.065 0.589 0 1.067 0.478 1.067 1.065-0.001 0.589-0.478 1.067-1.067 1.067zM23.801 22.213h-15.238l-2.804-12.591h17.145l-0.465 1.804h-14.432l2.002 8.985h12.345l3.102-14.044h6.544v1.802h-5.096l-3.102 14.043zM13.613 24.608c0 0.929-0.755 1.683-1.682 1.683-0.929 0-1.683-0.754-1.683-1.683 0-0.927 0.754-1.682 1.683-1.682s1.682 0.754 1.682 1.682zM22.411 24.608c0 0.929-0.754 1.683-1.683 1.683-0.927 0-1.682-0.754-1.682-1.683 0-0.927 0.754-1.682 1.682-1.682 0.929 0 1.683 0.754 1.683 1.682z\"><\/path><\/svg>\t\t\t<\/span>\n\t\t\t\t\t\t\t\t\t<span class=\"elementor-button-text\">Achet\u00e9 maintenant !<\/span>\n\t\t\t\t\t<\/span>\n\t\t\t\t\t<\/a>\n\t\t\t\t\t\t\t\t<\/div>\n\t\t\t\t<div class=\"elementor-element elementor-element-6dc5776 elementor-align-center elementor-widget elementor-widget-button\" data-id=\"6dc5776\" data-element_type=\"widget\" data-e-type=\"widget\" data-widget_type=\"button.default\">\n\t\t\t\t\t\t\t\t\t\t<a class=\"elementor-button elementor-button-link elementor-size-sm\" href=\"https:\/\/yemackmodif.koluka.us\/en\/contact\/\">\n\t\t\t\t\t\t<span class=\"elementor-button-content-wrapper\">\n\t\t\t\t\t\t<span class=\"elementor-button-icon\">\n\t\t\t\t<svg aria-hidden=\"true\" class=\"e-font-icon-svg e-fas-hands-helping\" viewbox=\"0 0 640 512\" xmlns=\"http:\/\/www.w3.org\/2000\/svg\"><path d=\"M488 192H336v56c0 39.7-32.3 72-72 72s-72-32.3-72-72V126.4l-64.9 39C107.8 176.9 96 197.8 96 220.2v47.3l-80 46.2C.7 322.5-4.6 342.1 4.3 357.4l80 138.6c8.8 15.3 28.4 20.5 43.7 11.7L231.4 448H368c35.3 0 64-28.7 64-64h16c17.7 0 32-14.3 32-32v-64h8c13.3 0 24-10.7 24-24v-48c0-13.3-10.7-24-24-24zm147.7-37.4L555.7 16C546.9.7 527.3-4.5 512 4.3L408.6 64H306.4c-12 0-23.7 3.4-33.9 9.7L239 94.6c-9.4 5.8-15 16.1-15 27.1V248c0 22.1 17.9 40 40 40s40-17.9 40-40v-88h184c30.9 0 56 25.1 56 56v28.5l80-46.2c15.3-8.9 20.5-28.4 11.7-43.7z\"><\/path><\/svg>\t\t\t<\/span>\n\t\t\t\t\t\t\t\t\t<span class=\"elementor-button-text\">reservez une seance !<\/span>\n\t\t\t\t\t<\/span>\n\t\t\t\t\t<\/a>\n\t\t\t\t\t\t\t\t<\/div>\n\t\t\t\t\t<\/div>\n\t\t\t\t<\/div>\n\t\t\t\t<\/div>","protected":false},"excerpt":{"rendered":"<p>R\u00e9v\u00e9lez la beaut\u00e9 naturelle de votre peau avec HydraFacial Pro chez Yemak ! Vous r\u00eavez d\u2019une peau \u00e9clatante, lisse et parfaitement hydrat\u00e9e ? Le traitement\u00a0HydraFacial Pro\u00a0est la solution id\u00e9ale pour revitaliser votre teint, att\u00e9nuer les signes de vieillissement et redonner \u00e0 votre peau toute sa luminosit\u00e9. Qu\u2019est-ce qu\u2019HydraFacial Pro ? HydraFacial Pro est une technologie de pointe qui combine plusieurs \u00e9tapes essentielles pour offrir un soin complet et profond. Ce traitement r\u00e9volutionnaire nettoie, exfolie, extrait les impuret\u00e9s et hydrate la peau en profondeur, en utilisant des s\u00e9rums sp\u00e9cialis\u00e9s adapt\u00e9s \u00e0 vos besoins sp\u00e9cifiques. Pourquoi choisir HydraFacial Pro chez Yemak ? R\u00e9sultats imm\u00e9diats\u00a0: D\u00e8s la premi\u00e8re s\u00e9ance, votre peau est plus lisse, plus lumineuse et parfaitement hydrat\u00e9e. Vous repartez avec un teint \u00e9clatant et un effet rajeunissant visible. Adapt\u00e9 \u00e0 tous les types de peau\u00a0: Que vous ayez la peau s\u00e8che, grasse, sensible ou sujette \u00e0 l\u2019acn\u00e9, HydraFacial Pro s\u2019adapte \u00e0 vos besoins pour offrir un soin personnalis\u00e9 et efficace. R\u00e9duction des rides et ridules\u00a0: HydraFacial Pro am\u00e9liore l\u2019apparence des rides et ridules, tout en raffermissant la peau pour un aspect plus jeune et tonifi\u00e9. Nettoyage en profondeur\u00a0: Le traitement \u00e9limine les impuret\u00e9s et d\u00e9sobstrue les pores, r\u00e9duisant ainsi les risques d\u2019acn\u00e9 et de points noirs. Sans douleur, sans r\u00e9cup\u00e9ration\u00a0: Ce soin non invasif ne n\u00e9cessite aucun temps d\u2019arr\u00eat, vous permettant de reprendre vos activit\u00e9s imm\u00e9diatement apr\u00e8s le traitement. Chez\u00a0Yemak, nous vous proposons un suivi personnalis\u00e9 et un accompagnement pour que chaque soin soit adapt\u00e9 \u00e0 vos attentes. Faites confiance \u00e0 notre expertise pour vous offrir une peau \u00e9clatante et rajeunie. Achet\u00e9 maintenant ! reservez une seance !<\/p>","protected":false},"author":2,"featured_media":0,"parent":0,"menu_order":0,"comment_status":"closed","ping_status":"closed","template":"","meta":{"_seopress_robots_primary_cat":"","_seopress_titles_title":"","_seopress_titles_desc":"","_seopress_robots_index":"","ocean_post_layout":"full-width","ocean_both_sidebars_style":"","ocean_both_sidebars_content_width":0,"ocean_both_sidebars_sidebars_width":0,"ocean_sidebar":"","ocean_second_sidebar":"","ocean_disable_margins":"enable","ocean_add_body_class":"","ocean_shortcode_before_top_bar":"","ocean_shortcode_after_top_bar":"","ocean_shortcode_before_header":"","ocean_shortcode_after_header":"","ocean_has_shortcode":"","ocean_shortcode_after_title":"","ocean_shortcode_before_footer_widgets":"","ocean_shortcode_after_footer_widgets":"","ocean_shortcode_before_footer_bottom":"","ocean_shortcode_after_footer_bottom":"","ocean_display_top_bar":"default","ocean_display_header":"default","ocean_header_style":"","ocean_center_header_left_menu":"","ocean_custom_header_template":"","ocean_custom_logo":0,"ocean_custom_retina_logo":0,"ocean_custom_logo_max_width":0,"ocean_custom_logo_tablet_max_width":0,"ocean_custom_logo_mobile_max_width":0,"ocean_custom_logo_max_height":0,"ocean_custom_logo_tablet_max_height":0,"ocean_custom_logo_mobile_max_height":0,"ocean_header_custom_menu":"","ocean_menu_typo_font_family":"","ocean_menu_typo_font_subset":"","ocean_menu_typo_font_size":0,"ocean_menu_typo_font_size_tablet":0,"ocean_menu_typo_font_size_mobile":0,"ocean_menu_typo_font_size_unit":"px","ocean_menu_typo_font_weight":"","ocean_menu_typo_font_weight_tablet":"","ocean_menu_typo_font_weight_mobile":"","ocean_menu_typo_transform":"","ocean_menu_typo_transform_tablet":"","ocean_menu_typo_transform_mobile":"","ocean_menu_typo_line_height":0,"ocean_menu_typo_line_height_tablet":0,"ocean_menu_typo_line_height_mobile":0,"ocean_menu_typo_line_height_unit":"","ocean_menu_typo_spacing":0,"ocean_menu_typo_spacing_tablet":0,"ocean_menu_typo_spacing_mobile":0,"ocean_menu_typo_spacing_unit":"","ocean_menu_link_color":"","ocean_menu_link_color_hover":"","ocean_menu_link_color_active":"","ocean_menu_link_background":"","ocean_menu_link_hover_background":"","ocean_menu_link_active_background":"","ocean_menu_social_links_bg":"","ocean_menu_social_hover_links_bg":"","ocean_menu_social_links_color":"","ocean_menu_social_hover_links_color":"","ocean_disable_title":"on","ocean_disable_heading":"default","ocean_post_title":"","ocean_post_subheading":"","ocean_post_title_style":"","ocean_post_title_background_color":"","ocean_post_title_background":0,"ocean_post_title_bg_image_position":"","ocean_post_title_bg_image_attachment":"","ocean_post_title_bg_image_repeat":"","ocean_post_title_bg_image_size":"","ocean_post_title_height":0,"ocean_post_title_bg_overlay":0.5,"ocean_post_title_bg_overlay_color":"","ocean_disable_breadcrumbs":"default","ocean_breadcrumbs_color":"","ocean_breadcrumbs_separator_color":"","ocean_breadcrumbs_links_color":"","ocean_breadcrumbs_links_hover_color":"","ocean_display_footer_widgets":"default","ocean_display_footer_bottom":"default","ocean_custom_footer_template":"","omw_enable_modal_window":"enable","footnotes":""},"class_list":["post-3462","page","type-page","status-publish","hentry","entry","owp-thumbs-layout-horizontal","owp-btn-normal","owp-tabs-layout-horizontal","has-no-thumbnails","has-product-nav"],"jetpack_sharing_enabled":true,"_links":{"self":[{"href":"https:\/\/yemackmodif.koluka.us\/en\/wp-json\/wp\/v2\/pages\/3462","targetHints":{"allow":["GET"]}}],"collection":[{"href":"https:\/\/yemackmodif.koluka.us\/en\/wp-json\/wp\/v2\/pages"}],"about":[{"href":"https:\/\/yemackmodif.koluka.us\/en\/wp-json\/wp\/v2\/types\/page"}],"author":[{"embeddable":true,"href":"https:\/\/yemackmodif.koluka.us\/en\/wp-json\/wp\/v2\/users\/2"}],"replies":[{"embeddable":true,"href":"https:\/\/yemackmodif.koluka.us\/en\/wp-json\/wp\/v2\/comments?post=3462"}],"version-history":[{"count":7,"href":"https:\/\/yemackmodif.koluka.us\/en\/wp-json\/wp\/v2\/pages\/3462\/revisions"}],"predecessor-version":[{"id":3518,"href":"https:\/\/yemackmodif.koluka.us\/en\/wp-json\/wp\/v2\/pages\/3462\/revisions\/3518"}],"wp:attachment":[{"href":"https:\/\/yemackmodif.koluka.us\/en\/wp-json\/wp\/v2\/media?parent=3462"}],"curies":[{"name":"wp","href":"https:\/\/api.w.org\/{rel}","templated":true}]}}