{"id":465,"date":"2016-09-27T14:57:56","date_gmt":"2016-09-27T14:57:56","guid":{"rendered":"http:\/\/fitness2.mythemecloud.io\/?page_id=465"},"modified":"2026-01-21T15:34:47","modified_gmt":"2026-01-21T14:34:47","slug":"abdomen-cryolipolyse","status":"publish","type":"page","link":"https:\/\/yemackmodif.koluka.us\/en\/abdomen-cryolipolyse\/","title":{"rendered":"Abdomen &#038; Cryolipolyse"},"content":{"rendered":"<div data-elementor-type=\"wp-post\" data-elementor-id=\"465\" class=\"elementor elementor-465\">\n\t\t\t\t<div class=\"elementor-element elementor-element-f727b3d e-flex e-con-boxed wpr-particle-no wpr-jarallax-no wpr-parallax-no wpr-sticky-section-no e-con e-parent\" data-id=\"f727b3d\" data-element_type=\"container\" data-e-type=\"container\">\n\t\t\t\t\t<div class=\"e-con-inner\">\n\t\t\t\t<div class=\"elementor-element elementor-element-fdfc862 elementor-widget elementor-widget-spacer\" data-id=\"fdfc862\" data-element_type=\"widget\" data-e-type=\"widget\" data-widget_type=\"spacer.default\">\n\t\t\t\t\t\t\t<div class=\"elementor-spacer\">\n\t\t\t<div class=\"elementor-spacer-inner\"><\/div>\n\t\t<\/div>\n\t\t\t\t\t\t<\/div>\n\t\t\t\t\t<\/div>\n\t\t\t\t<\/div>\n\t\t\t\t<section class=\"elementor-section elementor-top-section elementor-element elementor-element-50612ca elementor-section-content-middle elementor-section-boxed elementor-section-height-default elementor-section-height-default wpr-particle-no wpr-jarallax-no wpr-parallax-no wpr-sticky-section-no\" data-id=\"50612ca\" data-element_type=\"section\" data-e-type=\"section\">\n\t\t\t\t\t\t<div class=\"elementor-container elementor-column-gap-default\">\n\t\t\t\t\t<div class=\"elementor-column elementor-col-50 elementor-top-column elementor-element elementor-element-61aaa2a\" data-id=\"61aaa2a\" data-element_type=\"column\" data-e-type=\"column\">\n\t\t\t<div class=\"elementor-widget-wrap elementor-element-populated\">\n\t\t\t\t\t\t<div class=\"elementor-element elementor-element-fc8fa6c elementor-widget elementor-widget-image\" data-id=\"fc8fa6c\" data-element_type=\"widget\" data-e-type=\"widget\" data-widget_type=\"image.default\">\n\t\t\t\t\t\t\t\t\t\t\t\t<figure class=\"wp-caption\">\n\t\t\t\t\t\t\t\t\t\t<img alt=\"\" fetchpriority=\"high\" decoding=\"async\" width=\"326\" height=\"500\" src=\"https:\/\/yemackmodif.koluka.us\/wp-content\/uploads\/2025\/12\/WhatsApp-Image-2025-02-20-at-08.21.39.webp\" class=\"attachment-large size-large wp-image-2222\" srcset=\"https:\/\/yemackmodif.koluka.us\/wp-content\/uploads\/2025\/12\/WhatsApp-Image-2025-02-20-at-08.21.39.webp 326w, https:\/\/yemackmodif.koluka.us\/wp-content\/uploads\/2025\/12\/WhatsApp-Image-2025-02-20-at-08.21.39-196x300.webp 196w\" sizes=\"(max-width: 326px) 100vw, 326px\" \/>\t\t\t\t\t\t\t\t\t\t\t<figcaption class=\"widget-image-caption wp-caption-text\">APPAREIL ESTHETIQUE SPLENDID BODY RF<\/figcaption>\n\t\t\t\t\t\t\t\t\t\t<\/figure>\n\t\t\t\t\t\t\t\t\t<\/div>\n\t\t\t\t\t<\/div>\n\t\t<\/div>\n\t\t\t\t<div class=\"elementor-column elementor-col-50 elementor-top-column elementor-element elementor-element-57e4214\" data-id=\"57e4214\" data-element_type=\"column\" data-e-type=\"column\">\n\t\t\t<div class=\"elementor-widget-wrap elementor-element-populated\">\n\t\t\t\t\t\t<div class=\"elementor-element elementor-element-d6e6ea2 elementor-widget-tablet__width-initial elementor-widget elementor-widget-heading\" data-id=\"d6e6ea2\" data-element_type=\"widget\" data-e-type=\"widget\" data-widget_type=\"heading.default\">\n\t\t\t\t\t<h2 class=\"elementor-heading-title elementor-size-default\">Abdomen<\/h2>\t\t\t\t<\/div>\n\t\t\t\t<div class=\"elementor-element elementor-element-4aacf39 elementor-widget elementor-widget-text-editor\" data-id=\"4aacf39\" data-element_type=\"widget\" data-e-type=\"widget\" data-widget_type=\"text-editor.default\">\n\t\t\t\t\t\t\t\t\t<p>Pour traiter le rel\u00e2chement de la peau abdominale, il faut r\u00e9aliser la radiofr\u00e9quence.<br \/>Pour \u00e9liminer les bourrelets graisseux et aplatir l\u2019abdomen, sont indiqu\u00e9s :\u00a0<strong>la cryolipolyse, lipocavitation , m\u00e9soth\u00e9rapie<\/strong>.<\/p>\t\t\t\t\t\t\t\t<\/div>\n\t\t\t\t<div class=\"elementor-element elementor-element-9721df4 elementor-widget elementor-widget-image\" data-id=\"9721df4\" data-element_type=\"widget\" data-e-type=\"widget\" data-widget_type=\"image.default\">\n\t\t\t\t\t\t\t\t\t\t\t\t\t\t\t<img alt=\"\" decoding=\"async\" width=\"768\" height=\"508\" src=\"https:\/\/yemackmodif.koluka.us\/wp-content\/uploads\/2025\/12\/nmi2fx63-768x508.png\" class=\"attachment-medium_large size-medium_large wp-image-2223\" srcset=\"https:\/\/yemackmodif.koluka.us\/wp-content\/uploads\/2025\/12\/nmi2fx63-768x508.png 768w, https:\/\/yemackmodif.koluka.us\/wp-content\/uploads\/2025\/12\/nmi2fx63-300x199.png 300w, https:\/\/yemackmodif.koluka.us\/wp-content\/uploads\/2025\/12\/nmi2fx63.png 994w\" sizes=\"(max-width: 768px) 100vw, 768px\" \/>\t\t\t\t\t\t\t\t\t\t\t\t\t\t\t<\/div>\n\t\t\t\t\t<\/div>\n\t\t<\/div>\n\t\t\t\t\t<\/div>\n\t\t<\/section>\n\t\t\t\t<section class=\"elementor-section elementor-top-section elementor-element elementor-element-11f4034 elementor-section-content-middle elementor-section-boxed elementor-section-height-default elementor-section-height-default wpr-particle-no wpr-jarallax-no wpr-parallax-no wpr-sticky-section-no\" data-id=\"11f4034\" data-element_type=\"section\" data-e-type=\"section\">\n\t\t\t\t\t\t<div class=\"elementor-container elementor-column-gap-default\">\n\t\t\t\t\t<div class=\"elementor-column elementor-col-50 elementor-top-column elementor-element elementor-element-b1079c1\" data-id=\"b1079c1\" data-element_type=\"column\" data-e-type=\"column\">\n\t\t\t<div class=\"elementor-widget-wrap elementor-element-populated\">\n\t\t\t\t\t\t<div class=\"elementor-element elementor-element-52bb4d9 elementor-widget-tablet__width-initial elementor-widget elementor-widget-heading\" data-id=\"52bb4d9\" data-element_type=\"widget\" data-e-type=\"widget\" data-widget_type=\"heading.default\">\n\t\t\t\t\t<h2 class=\"elementor-heading-title elementor-size-default\">Cryolipolyse<\/h2>\t\t\t\t<\/div>\n\t\t\t\t<div class=\"elementor-element elementor-element-8649bcc elementor-widget elementor-widget-text-editor\" data-id=\"8649bcc\" data-element_type=\"widget\" data-e-type=\"widget\" data-widget_type=\"text-editor.default\">\n\t\t\t\t\t\t\t\t\t<p data-start=\"207\" data-end=\"393\">La\u00a0<strong data-start=\"210\" data-end=\"226\">cryolipolyse<\/strong>\u00a0est une m\u00e9thode esth\u00e9tique non invasive qui utilise le\u00a0<strong data-start=\"282\" data-end=\"300\">froid contr\u00f4l\u00e9<\/strong>\u00a0pour cibler et\u00a0<strong data-start=\"316\" data-end=\"365\">\u00e9liminer les cellules graisseuses r\u00e9sistantes<\/strong>, sans chirurgie ni douleur.<\/p><p data-start=\"395\" data-end=\"577\">Elle s\u2019adresse aux personnes proches de leur poids id\u00e9al, mais qui souhaitent\u00a0<strong data-start=\"473\" data-end=\"509\">affiner certaines zones du corps<\/strong>\u00a0o\u00f9 les amas graisseux persistent malgr\u00e9 le sport et l\u2019alimentation.<\/p>\t\t\t\t\t\t\t\t<\/div>\n\t\t\t\t<div class=\"elementor-element elementor-element-2f3f315 elementor-widget elementor-widget-image\" data-id=\"2f3f315\" data-element_type=\"widget\" data-e-type=\"widget\" data-widget_type=\"image.default\">\n\t\t\t\t\t\t\t\t\t\t\t\t\t\t\t<img alt=\"\" decoding=\"async\" width=\"768\" height=\"768\" src=\"https:\/\/yemackmodif.koluka.us\/wp-content\/uploads\/2025\/12\/Sans-titre-8-768x768.png\" class=\"attachment-medium_large size-medium_large wp-image-2224\" srcset=\"https:\/\/yemackmodif.koluka.us\/wp-content\/uploads\/2025\/12\/Sans-titre-8-768x768.png 768w, https:\/\/yemackmodif.koluka.us\/wp-content\/uploads\/2025\/12\/Sans-titre-8-300x300.png 300w, https:\/\/yemackmodif.koluka.us\/wp-content\/uploads\/2025\/12\/Sans-titre-8-150x150.png 150w, https:\/\/yemackmodif.koluka.us\/wp-content\/uploads\/2025\/12\/Sans-titre-8-600x600.png 600w, https:\/\/yemackmodif.koluka.us\/wp-content\/uploads\/2025\/12\/Sans-titre-8.png 1024w\" sizes=\"(max-width: 768px) 100vw, 768px\" \/>\t\t\t\t\t\t\t\t\t\t\t\t\t\t\t<\/div>\n\t\t\t\t\t<\/div>\n\t\t<\/div>\n\t\t\t\t<div class=\"elementor-column elementor-col-50 elementor-top-column elementor-element elementor-element-92ca7be\" data-id=\"92ca7be\" data-element_type=\"column\" data-e-type=\"column\">\n\t\t\t<div class=\"elementor-widget-wrap elementor-element-populated\">\n\t\t\t\t\t\t<div class=\"elementor-element elementor-element-6f97dd7 elementor-widget elementor-widget-image\" data-id=\"6f97dd7\" data-element_type=\"widget\" data-e-type=\"widget\" data-widget_type=\"image.default\">\n\t\t\t\t\t\t\t\t\t\t\t\t<figure class=\"wp-caption\">\n\t\t\t\t\t\t\t\t\t\t<img alt=\"\" fetchpriority=\"high\" decoding=\"async\" width=\"326\" height=\"500\" src=\"https:\/\/yemackmodif.koluka.us\/wp-content\/uploads\/2025\/12\/WhatsApp-Image-2025-02-20-at-08.21.39.webp\" class=\"attachment-large size-large wp-image-2222\" srcset=\"https:\/\/yemackmodif.koluka.us\/wp-content\/uploads\/2025\/12\/WhatsApp-Image-2025-02-20-at-08.21.39.webp 326w, https:\/\/yemackmodif.koluka.us\/wp-content\/uploads\/2025\/12\/WhatsApp-Image-2025-02-20-at-08.21.39-196x300.webp 196w\" sizes=\"(max-width: 326px) 100vw, 326px\" \/>\t\t\t\t\t\t\t\t\t\t\t<figcaption class=\"widget-image-caption wp-caption-text\">APPAREIL ESTHETIQUE SPLENDID BODY RF<\/figcaption>\n\t\t\t\t\t\t\t\t\t\t<\/figure>\n\t\t\t\t\t\t\t\t\t<\/div>\n\t\t\t\t\t<\/div>\n\t\t<\/div>\n\t\t\t\t\t<\/div>\n\t\t<\/section>\n\t\t<div class=\"elementor-element elementor-element-30111fd e-flex e-con-boxed wpr-particle-no wpr-jarallax-no wpr-parallax-no wpr-sticky-section-no e-con e-parent\" data-id=\"30111fd\" data-element_type=\"container\" data-e-type=\"container\">\n\t\t\t\t\t<div class=\"e-con-inner\">\n\t\t\t\t<div class=\"elementor-element elementor-element-9a9f97f elementor-align-center elementor-widget elementor-widget-button\" data-id=\"9a9f97f\" data-element_type=\"widget\" data-e-type=\"widget\" data-widget_type=\"button.default\">\n\t\t\t\t\t\t\t\t\t\t<a class=\"elementor-button elementor-button-link elementor-size-sm\" href=\"https:\/\/yemackmodif.koluka.us\/en\/contact\/\">\n\t\t\t\t\t\t<span class=\"elementor-button-content-wrapper\">\n\t\t\t\t\t\t<span class=\"elementor-button-icon\">\n\t\t\t\t<svg aria-hidden=\"true\" class=\"e-font-icon-svg e-far-bell\" viewbox=\"0 0 448 512\" xmlns=\"http:\/\/www.w3.org\/2000\/svg\"><path d=\"M439.39 362.29c-19.32-20.76-55.47-51.99-55.47-154.29 0-77.7-54.48-139.9-127.94-155.16V32c0-17.67-14.32-32-31.98-32s-31.98 14.33-31.98 32v20.84C118.56 68.1 64.08 130.3 64.08 208c0 102.3-36.15 133.53-55.47 154.29-6 6.45-8.66 14.16-8.61 21.71.11 16.4 12.98 32 32.1 32h383.8c19.12 0 32-15.6 32.1-32 .05-7.55-2.61-15.27-8.61-21.71zM67.53 368c21.22-27.97 44.42-74.33 44.53-159.42 0-.2-.06-.38-.06-.58 0-61.86 50.14-112 112-112s112 50.14 112 112c0 .2-.06.38-.06.58.11 85.1 23.31 131.46 44.53 159.42H67.53zM224 512c35.32 0 63.97-28.65 63.97-64H160.03c0 35.35 28.65 64 63.97 64z\"><\/path><\/svg>\t\t\t<\/span>\n\t\t\t\t\t\t\t\t\t<span class=\"elementor-button-text\">Dite-nous ce qui ne va pas !!!<\/span>\n\t\t\t\t\t<\/span>\n\t\t\t\t\t<\/a>\n\t\t\t\t\t\t\t\t<\/div>\n\t\t\t\t\t<\/div>\n\t\t\t\t<\/div>\n\t\t\t\t<\/div>","protected":false},"excerpt":{"rendered":"<p>APPAREIL ESTHETIQUE SPLENDID BODY RF Abdomen Pour traiter le rel\u00e2chement de la peau abdominale, il faut r\u00e9aliser la radiofr\u00e9quence.Pour \u00e9liminer les bourrelets graisseux et aplatir l\u2019abdomen, sont indiqu\u00e9s :\u00a0la cryolipolyse, lipocavitation , m\u00e9soth\u00e9rapie. Cryolipolyse La\u00a0cryolipolyse\u00a0est une m\u00e9thode esth\u00e9tique non invasive qui utilise le\u00a0froid contr\u00f4l\u00e9\u00a0pour cibler et\u00a0\u00e9liminer les cellules graisseuses r\u00e9sistantes, sans chirurgie ni douleur. Elle s\u2019adresse aux personnes proches de leur poids id\u00e9al, mais qui souhaitent\u00a0affiner certaines zones du corps\u00a0o\u00f9 les amas graisseux persistent malgr\u00e9 le sport et l\u2019alimentation. APPAREIL ESTHETIQUE SPLENDID BODY RF Dite-nous ce qui ne va pas !!!<\/p>","protected":false},"author":2,"featured_media":0,"parent":0,"menu_order":0,"comment_status":"closed","ping_status":"closed","template":"","meta":{"_seopress_robots_primary_cat":"","_seopress_titles_title":"","_seopress_titles_desc":"","_seopress_robots_index":"","ocean_post_layout":"full-width","ocean_both_sidebars_style":"","ocean_both_sidebars_content_width":0,"ocean_both_sidebars_sidebars_width":0,"ocean_sidebar":"","ocean_second_sidebar":"","ocean_disable_margins":"enable","ocean_add_body_class":"","ocean_shortcode_before_top_bar":"","ocean_shortcode_after_top_bar":"","ocean_shortcode_before_header":"","ocean_shortcode_after_header":"","ocean_has_shortcode":"","ocean_shortcode_after_title":"","ocean_shortcode_before_footer_widgets":"","ocean_shortcode_after_footer_widgets":"","ocean_shortcode_before_footer_bottom":"","ocean_shortcode_after_footer_bottom":"","ocean_display_top_bar":"default","ocean_display_header":"default","ocean_header_style":"","ocean_center_header_left_menu":"","ocean_custom_header_template":"","ocean_custom_logo":0,"ocean_custom_retina_logo":0,"ocean_custom_logo_max_width":0,"ocean_custom_logo_tablet_max_width":0,"ocean_custom_logo_mobile_max_width":0,"ocean_custom_logo_max_height":0,"ocean_custom_logo_tablet_max_height":0,"ocean_custom_logo_mobile_max_height":0,"ocean_header_custom_menu":"","ocean_menu_typo_font_family":"","ocean_menu_typo_font_subset":"","ocean_menu_typo_font_size":0,"ocean_menu_typo_font_size_tablet":0,"ocean_menu_typo_font_size_mobile":0,"ocean_menu_typo_font_size_unit":"px","ocean_menu_typo_font_weight":"","ocean_menu_typo_font_weight_tablet":"","ocean_menu_typo_font_weight_mobile":"","ocean_menu_typo_transform":"","ocean_menu_typo_transform_tablet":"","ocean_menu_typo_transform_mobile":"","ocean_menu_typo_line_height":0,"ocean_menu_typo_line_height_tablet":0,"ocean_menu_typo_line_height_mobile":0,"ocean_menu_typo_line_height_unit":"","ocean_menu_typo_spacing":0,"ocean_menu_typo_spacing_tablet":0,"ocean_menu_typo_spacing_mobile":0,"ocean_menu_typo_spacing_unit":"","ocean_menu_link_color":"","ocean_menu_link_color_hover":"","ocean_menu_link_color_active":"","ocean_menu_link_background":"","ocean_menu_link_hover_background":"","ocean_menu_link_active_background":"","ocean_menu_social_links_bg":"","ocean_menu_social_hover_links_bg":"","ocean_menu_social_links_color":"","ocean_menu_social_hover_links_color":"","ocean_disable_title":"on","ocean_disable_heading":"default","ocean_post_title":"","ocean_post_subheading":"","ocean_post_title_style":"","ocean_post_title_background_color":"","ocean_post_title_background":0,"ocean_post_title_bg_image_position":"","ocean_post_title_bg_image_attachment":"","ocean_post_title_bg_image_repeat":"","ocean_post_title_bg_image_size":"","ocean_post_title_height":0,"ocean_post_title_bg_overlay":0.5,"ocean_post_title_bg_overlay_color":"","ocean_disable_breadcrumbs":"default","ocean_breadcrumbs_color":"","ocean_breadcrumbs_separator_color":"","ocean_breadcrumbs_links_color":"","ocean_breadcrumbs_links_hover_color":"","ocean_display_footer_widgets":"default","ocean_display_footer_bottom":"default","ocean_custom_footer_template":"","omw_enable_modal_window":"enable","footnotes":""},"class_list":["post-465","page","type-page","status-publish","hentry","entry","owp-thumbs-layout-horizontal","owp-btn-normal","owp-tabs-layout-horizontal","has-no-thumbnails","has-product-nav"],"jetpack_sharing_enabled":true,"_links":{"self":[{"href":"https:\/\/yemackmodif.koluka.us\/en\/wp-json\/wp\/v2\/pages\/465","targetHints":{"allow":["GET"]}}],"collection":[{"href":"https:\/\/yemackmodif.koluka.us\/en\/wp-json\/wp\/v2\/pages"}],"about":[{"href":"https:\/\/yemackmodif.koluka.us\/en\/wp-json\/wp\/v2\/types\/page"}],"author":[{"embeddable":true,"href":"https:\/\/yemackmodif.koluka.us\/en\/wp-json\/wp\/v2\/users\/2"}],"replies":[{"embeddable":true,"href":"https:\/\/yemackmodif.koluka.us\/en\/wp-json\/wp\/v2\/comments?post=465"}],"version-history":[{"count":49,"href":"https:\/\/yemackmodif.koluka.us\/en\/wp-json\/wp\/v2\/pages\/465\/revisions"}],"predecessor-version":[{"id":3138,"href":"https:\/\/yemackmodif.koluka.us\/en\/wp-json\/wp\/v2\/pages\/465\/revisions\/3138"}],"wp:attachment":[{"href":"https:\/\/yemackmodif.koluka.us\/en\/wp-json\/wp\/v2\/media?parent=465"}],"curies":[{"name":"wp","href":"https:\/\/api.w.org\/{rel}","templated":true}]}}