{"id":3310,"date":"2026-01-22T14:58:41","date_gmt":"2026-01-22T13:58:41","guid":{"rendered":"https:\/\/yemackmodif.koluka.us\/?post_type=product&#038;p=3310"},"modified":"2026-01-26T20:07:55","modified_gmt":"2026-01-26T19:07:55","slug":"star-epil-laser","status":"publish","type":"product","link":"https:\/\/yemackmodif.koluka.us\/en\/product\/star-epil-laser\/","title":{"rendered":"STAR EPIL LASER"},"content":{"rendered":"<p data-start=\"205\" data-end=\"524\">Le\u00a0<strong class=\"Yjhzub\" data-processed=\"true\">STAR EPIL LASER<\/strong> est\u00a0<mark class=\"HxTRcb\" data-processed=\"true\">un \u00e9quipement d&rsquo;\u00e9pilation laser avanc\u00e9<\/mark>, notamment utilis\u00e9 par l&rsquo;etablissement Yemak Sant\u00e9 Beaut\u00e9 , qui utilise des technologies de pointe (comme les lasers \u00e0 diodes ou IPL) pour offrir une <strong class=\"Yjhzub\" data-processed=\"true\"><a class=\"GI370e\" href=\"https:\/\/www.google.com\/search?q=%C3%A9pilation+durable+ou+quasi+d%C3%A9finitive&amp;oq=c%27est+quoi+STAR+EPIL+LASER+%3F%3F&amp;gs_lcrp=EgZjaHJvbWUyBggAEEUYOdIBCDExNzVqMGo3qAIIsAIB8QU5BVo83ovA7A&amp;sourceid=chrome&amp;ie=UTF-8&amp;mstk=AUtExfCV6ze0sCtVfiapAJNaGhPD_zRBrGcpSS3EadyS77-8K5uNH_CprVk7c8L4PG9QZTwOCgYUDBHq8c4Nt_N8tsDL4ECUoXeJwpqZBZ3VANVuaVIDCo23YrQMQ6jbV7YLjIUbWtPbv2dAmJVnZU2o9T_9Zn9qrHYxyxId8zliSf7RB7E&amp;csui=3&amp;ved=2ahUKEwiU7ImXqZ-SAxUqQEEAHSesFUQQgK4QegQIARAC\" data-ved=\"2ahUKEwiU7ImXqZ-SAxUqQEEAHSesFUQQgK4QegQIARAC\" data-hveid=\"CAEQAg\" data-processed=\"true\">\u00e9pilation durable ou quasi d\u00e9finitive<\/a><\/strong>, ciblant la m\u00e9lanine des poils pour d\u00e9truire le follicule pileux \u00e0 la racine, m\u00eame sur peaux fonc\u00e9es, tout en minimisant la douleur et les risques. C&rsquo;est une solution pour se d\u00e9barrasser des poils ind\u00e9sirables de fa\u00e7on efficace et permanente, r\u00e9duisant ainsi les corv\u00e9es d&rsquo;\u00e9pilation traditionnelles<\/p>","protected":false},"excerpt":{"rendered":"<p>pour offrir une\u00a0<strong class=\"Yjhzub\" data-processed=\"true\">\u00e9pilation durable ou quasi d\u00e9finitive<\/strong>, ciblant la m\u00e9lanine des poils pour d\u00e9truire le follicule pileux \u00e0 la racine, m\u00eame sur peaux fonc\u00e9es, tout en minimisant la douleur et les risques.<\/p>","protected":false},"featured_media":3312,"comment_status":"open","ping_status":"closed","template":"","meta":{"_seopress_robots_primary_cat":"none","_seopress_titles_title":"","_seopress_titles_desc":"","_seopress_robots_index":"","ocean_post_layout":"","ocean_both_sidebars_style":"","ocean_both_sidebars_content_width":0,"ocean_both_sidebars_sidebars_width":0,"ocean_sidebar":"0","ocean_second_sidebar":"0","ocean_disable_margins":"enable","ocean_add_body_class":"","ocean_shortcode_before_top_bar":"","ocean_shortcode_after_top_bar":"","ocean_shortcode_before_header":"","ocean_shortcode_after_header":"","ocean_has_shortcode":"","ocean_shortcode_after_title":"","ocean_shortcode_before_footer_widgets":"","ocean_shortcode_after_footer_widgets":"","ocean_shortcode_before_footer_bottom":"","ocean_shortcode_after_footer_bottom":"","ocean_display_top_bar":"default","ocean_display_header":"default","ocean_header_style":"","ocean_center_header_left_menu":"0","ocean_custom_header_template":"0","ocean_custom_logo":0,"ocean_custom_retina_logo":0,"ocean_custom_logo_max_width":0,"ocean_custom_logo_tablet_max_width":0,"ocean_custom_logo_mobile_max_width":0,"ocean_custom_logo_max_height":0,"ocean_custom_logo_tablet_max_height":0,"ocean_custom_logo_mobile_max_height":0,"ocean_header_custom_menu":"0","ocean_menu_typo_font_family":"0","ocean_menu_typo_font_subset":"","ocean_menu_typo_font_size":0,"ocean_menu_typo_font_size_tablet":0,"ocean_menu_typo_font_size_mobile":0,"ocean_menu_typo_font_size_unit":"px","ocean_menu_typo_font_weight":"","ocean_menu_typo_font_weight_tablet":"","ocean_menu_typo_font_weight_mobile":"","ocean_menu_typo_transform":"","ocean_menu_typo_transform_tablet":"","ocean_menu_typo_transform_mobile":"","ocean_menu_typo_line_height":0,"ocean_menu_typo_line_height_tablet":0,"ocean_menu_typo_line_height_mobile":0,"ocean_menu_typo_line_height_unit":"","ocean_menu_typo_spacing":0,"ocean_menu_typo_spacing_tablet":0,"ocean_menu_typo_spacing_mobile":0,"ocean_menu_typo_spacing_unit":"","ocean_menu_link_color":"","ocean_menu_link_color_hover":"","ocean_menu_link_color_active":"","ocean_menu_link_background":"","ocean_menu_link_hover_background":"","ocean_menu_link_active_background":"","ocean_menu_social_links_bg":"","ocean_menu_social_hover_links_bg":"","ocean_menu_social_links_color":"","ocean_menu_social_hover_links_color":"","ocean_disable_title":"default","ocean_disable_heading":"default","ocean_post_title":"","ocean_post_subheading":"","ocean_post_title_style":"","ocean_post_title_background_color":"","ocean_post_title_background":0,"ocean_post_title_bg_image_position":"","ocean_post_title_bg_image_attachment":"","ocean_post_title_bg_image_repeat":"","ocean_post_title_bg_image_size":"","ocean_post_title_height":0,"ocean_post_title_bg_overlay":0.5,"ocean_post_title_bg_overlay_color":"","ocean_disable_breadcrumbs":"default","ocean_breadcrumbs_color":"","ocean_breadcrumbs_separator_color":"","ocean_breadcrumbs_links_color":"","ocean_breadcrumbs_links_hover_color":"","ocean_display_footer_widgets":"default","ocean_display_footer_bottom":"default","ocean_custom_footer_template":"0","omw_enable_modal_window":"enable"},"product_brand":[],"product_cat":[27],"product_tag":[28],"class_list":{"0":"post-3310","1":"product","2":"type-product","3":"status-publish","4":"has-post-thumbnail","6":"product_cat-appareils-medico-esthetiques","7":"product_tag-epilation","9":"entry","10":"has-media","12":"first","13":"instock","14":"taxable","15":"shipping-taxable","16":"purchasable","17":"product-type-simple","18":"has-product-nav","19":"col","20":"span_1_of_3","21":"owp-content-center","22":"owp-thumbs-layout-horizontal","23":"owp-btn-normal","24":"owp-tabs-layout-horizontal","25":"has-no-thumbnails"},"jetpack_sharing_enabled":true,"_links":{"self":[{"href":"https:\/\/yemackmodif.koluka.us\/en\/wp-json\/wp\/v2\/product\/3310","targetHints":{"allow":["GET"]}}],"collection":[{"href":"https:\/\/yemackmodif.koluka.us\/en\/wp-json\/wp\/v2\/product"}],"about":[{"href":"https:\/\/yemackmodif.koluka.us\/en\/wp-json\/wp\/v2\/types\/product"}],"replies":[{"embeddable":true,"href":"https:\/\/yemackmodif.koluka.us\/en\/wp-json\/wp\/v2\/comments?post=3310"}],"wp:featuredmedia":[{"embeddable":true,"href":"https:\/\/yemackmodif.koluka.us\/en\/wp-json\/wp\/v2\/media\/3312"}],"wp:attachment":[{"href":"https:\/\/yemackmodif.koluka.us\/en\/wp-json\/wp\/v2\/media?parent=3310"}],"wp:term":[{"taxonomy":"product_brand","embeddable":true,"href":"https:\/\/yemackmodif.koluka.us\/en\/wp-json\/wp\/v2\/product_brand?post=3310"},{"taxonomy":"product_cat","embeddable":true,"href":"https:\/\/yemackmodif.koluka.us\/en\/wp-json\/wp\/v2\/product_cat?post=3310"},{"taxonomy":"product_tag","embeddable":true,"href":"https:\/\/yemackmodif.koluka.us\/en\/wp-json\/wp\/v2\/product_tag?post=3310"}],"curies":[{"name":"wp","href":"https:\/\/api.w.org\/{rel}","templated":true}]}}