{"id":3316,"date":"2026-01-22T15:47:33","date_gmt":"2026-01-22T14:47:33","guid":{"rendered":"https:\/\/yemackmodif.koluka.us\/?post_type=product&#038;p=3316"},"modified":"2026-01-26T20:07:00","modified_gmt":"2026-01-26T19:07:00","slug":"lhydraface-pro","status":"publish","type":"product","link":"https:\/\/yemackmodif.koluka.us\/en\/product\/lhydraface-pro\/","title":{"rendered":"L&rsquo;HYDRAFACE PRO\u00a0"},"content":{"rendered":"<p>L&rsquo;<strong class=\"Yjhzub\" data-processed=\"true\">HYDRAFACE PRO<\/strong>\u00a0est une version professionnelle du soin\u00a0<strong class=\"Yjhzub\" data-processed=\"true\">Hydrafacial<\/strong>, un traitement esth\u00e9tique non invasif en plusieurs \u00e9tapes qui nettoie, exfolie en profondeur, extrait les impuret\u00e9s (points noirs, s\u00e9bum) et hydrate intens\u00e9ment la peau en une seule s\u00e9ance. Il utilise une technologie de vortex pour d\u00e9loger les peaux mortes, d\u00e9sincruster les pores dilat\u00e9s et infuser des s\u00e9rums personnalis\u00e9s (acides hyaluroniques, antioxydants, etc.) pour am\u00e9liorer l&rsquo;\u00e9clat, la texture et l&rsquo;\u00e9lasticit\u00e9 de la peau, ciblant acn\u00e9, rides, taches et teint terne, sans \u00e9viction sociale<\/p>","protected":false},"excerpt":{"rendered":"<p>un traitement esth\u00e9tique non invasif en plusieurs \u00e9tapes qui nettoie, exfolie en profondeur, extrait les impuret\u00e9s (points noirs, s\u00e9bum) et hydrate intens\u00e9ment la peau en une seule s\u00e9ance.<\/p>","protected":false},"featured_media":1999,"comment_status":"open","ping_status":"closed","template":"","meta":{"_seopress_robots_primary_cat":"","_seopress_titles_title":"","_seopress_titles_desc":"","_seopress_robots_index":"","ocean_post_layout":"","ocean_both_sidebars_style":"","ocean_both_sidebars_content_width":0,"ocean_both_sidebars_sidebars_width":0,"ocean_sidebar":"0","ocean_second_sidebar":"0","ocean_disable_margins":"enable","ocean_add_body_class":"","ocean_shortcode_before_top_bar":"","ocean_shortcode_after_top_bar":"","ocean_shortcode_before_header":"","ocean_shortcode_after_header":"","ocean_has_shortcode":"","ocean_shortcode_after_title":"","ocean_shortcode_before_footer_widgets":"","ocean_shortcode_after_footer_widgets":"","ocean_shortcode_before_footer_bottom":"","ocean_shortcode_after_footer_bottom":"","ocean_display_top_bar":"default","ocean_display_header":"default","ocean_header_style":"","ocean_center_header_left_menu":"0","ocean_custom_header_template":"0","ocean_custom_logo":0,"ocean_custom_retina_logo":0,"ocean_custom_logo_max_width":0,"ocean_custom_logo_tablet_max_width":0,"ocean_custom_logo_mobile_max_width":0,"ocean_custom_logo_max_height":0,"ocean_custom_logo_tablet_max_height":0,"ocean_custom_logo_mobile_max_height":0,"ocean_header_custom_menu":"0","ocean_menu_typo_font_family":"0","ocean_menu_typo_font_subset":"","ocean_menu_typo_font_size":0,"ocean_menu_typo_font_size_tablet":0,"ocean_menu_typo_font_size_mobile":0,"ocean_menu_typo_font_size_unit":"px","ocean_menu_typo_font_weight":"","ocean_menu_typo_font_weight_tablet":"","ocean_menu_typo_font_weight_mobile":"","ocean_menu_typo_transform":"","ocean_menu_typo_transform_tablet":"","ocean_menu_typo_transform_mobile":"","ocean_menu_typo_line_height":0,"ocean_menu_typo_line_height_tablet":0,"ocean_menu_typo_line_height_mobile":0,"ocean_menu_typo_line_height_unit":"","ocean_menu_typo_spacing":0,"ocean_menu_typo_spacing_tablet":0,"ocean_menu_typo_spacing_mobile":0,"ocean_menu_typo_spacing_unit":"","ocean_menu_link_color":"","ocean_menu_link_color_hover":"","ocean_menu_link_color_active":"","ocean_menu_link_background":"","ocean_menu_link_hover_background":"","ocean_menu_link_active_background":"","ocean_menu_social_links_bg":"","ocean_menu_social_hover_links_bg":"","ocean_menu_social_links_color":"","ocean_menu_social_hover_links_color":"","ocean_disable_title":"default","ocean_disable_heading":"default","ocean_post_title":"","ocean_post_subheading":"","ocean_post_title_style":"","ocean_post_title_background_color":"","ocean_post_title_background":0,"ocean_post_title_bg_image_position":"","ocean_post_title_bg_image_attachment":"","ocean_post_title_bg_image_repeat":"","ocean_post_title_bg_image_size":"","ocean_post_title_height":0,"ocean_post_title_bg_overlay":0.5,"ocean_post_title_bg_overlay_color":"","ocean_disable_breadcrumbs":"default","ocean_breadcrumbs_color":"","ocean_breadcrumbs_separator_color":"","ocean_breadcrumbs_links_color":"","ocean_breadcrumbs_links_hover_color":"","ocean_display_footer_widgets":"default","ocean_display_footer_bottom":"default","ocean_custom_footer_template":"0","omw_enable_modal_window":"enable"},"product_brand":[],"product_cat":[27],"product_tag":[31],"class_list":{"0":"post-3316","1":"product","2":"type-product","3":"status-publish","4":"has-post-thumbnail","6":"product_cat-appareils-medico-esthetiques","7":"product_tag-hydratation","9":"entry","10":"has-media","12":"first","13":"instock","14":"taxable","15":"shipping-taxable","16":"purchasable","17":"product-type-simple","18":"has-product-nav","19":"col","20":"span_1_of_3","21":"owp-content-center","22":"owp-thumbs-layout-horizontal","23":"owp-btn-normal","24":"owp-tabs-layout-horizontal","25":"has-no-thumbnails"},"jetpack_sharing_enabled":true,"_links":{"self":[{"href":"https:\/\/yemackmodif.koluka.us\/en\/wp-json\/wp\/v2\/product\/3316","targetHints":{"allow":["GET"]}}],"collection":[{"href":"https:\/\/yemackmodif.koluka.us\/en\/wp-json\/wp\/v2\/product"}],"about":[{"href":"https:\/\/yemackmodif.koluka.us\/en\/wp-json\/wp\/v2\/types\/product"}],"replies":[{"embeddable":true,"href":"https:\/\/yemackmodif.koluka.us\/en\/wp-json\/wp\/v2\/comments?post=3316"}],"wp:featuredmedia":[{"embeddable":true,"href":"https:\/\/yemackmodif.koluka.us\/en\/wp-json\/wp\/v2\/media\/1999"}],"wp:attachment":[{"href":"https:\/\/yemackmodif.koluka.us\/en\/wp-json\/wp\/v2\/media?parent=3316"}],"wp:term":[{"taxonomy":"product_brand","embeddable":true,"href":"https:\/\/yemackmodif.koluka.us\/en\/wp-json\/wp\/v2\/product_brand?post=3316"},{"taxonomy":"product_cat","embeddable":true,"href":"https:\/\/yemackmodif.koluka.us\/en\/wp-json\/wp\/v2\/product_cat?post=3316"},{"taxonomy":"product_tag","embeddable":true,"href":"https:\/\/yemackmodif.koluka.us\/en\/wp-json\/wp\/v2\/product_tag?post=3316"}],"curies":[{"name":"wp","href":"https:\/\/api.w.org\/{rel}","templated":true}]}}